{"id":2045,"date":"2020-07-08T11:24:11","date_gmt":"2020-07-08T09:24:11","guid":{"rendered":"http:\/\/port-heraclea.fr\/?page_id=2045"},"modified":"2020-07-09T18:18:08","modified_gmt":"2020-07-09T16:18:08","slug":"developpement-durable","status":"publish","type":"page","link":"https:\/\/port-heraclea.fr\/index.php\/le-port\/developpement-durable\/","title":{"rendered":"D\u00e9veloppement durable"},"content":{"rendered":"<div id='av_section_1' class='avia-section main_color avia-section-default avia-no-border-styling av-parallax-section avia-bg-style-parallax  avia-builder-el-0  el_before_av_one_full  avia-builder-el-first    container_wrap fullsize' style=' '  data-section-bg-repeat='no-repeat'><div class='av-parallax' data-avia-parallax-ratio='0.3' ><div class='av-parallax-inner main_color  avia-full-stretch' style = 'background-repeat: no-repeat; background-image: url(https:\/\/port-heraclea.fr\/wp-content\/uploads\/2020\/04\/12525305_1697995203801626_2086720727477513912_o-300x200.jpg);background-attachment: scroll; background-position: center left; ' ><\/div><\/div><div class='container' ><main  role=\"main\" itemprop=\"mainContentOfPage\"  class='template-page content  av-content-full alpha units'><div class='post-entry post-entry-type-page post-entry-2045'><div class='entry-content-wrapper clearfix'>\n<div style='padding-bottom:10px; color:#ffffff;font-size:70px;' class='av-special-heading av-special-heading-h3 custom-color-heading blockquote modern-quote modern-centered  avia-builder-el-1  avia-builder-el-no-sibling   av-inherit-size '><h3 class='av-special-heading-tag '  itemprop=\"headline\"  >D\u00e9veloppement durable<\/h3><div class='special-heading-border'><div class='special-heading-inner-border' style='border-color:#ffffff'><\/div><\/div><\/div>\n<\/div><\/div><\/main><!-- close content main element --><\/div><\/div><div id='after_section_1' class='main_color av_default_container_wrap container_wrap fullsize' style=' '  ><div class='container' ><div class='template-page content  av-content-full alpha units'><div class='post-entry post-entry-type-page post-entry-2045'><div class='entry-content-wrapper clearfix'>\n<div class=\"flex_column av_one_full  flex_column_div av-zero-column-padding first  avia-builder-el-2  el_after_av_section  el_before_av_two_third  avia-builder-el-first  \" style='border-radius:0px; '><p><article class=\"iconbox iconbox_left    avia-builder-el-3  el_before_av_icon_box  avia-builder-el-first   \"  itemscope=\"itemscope\" itemtype=\"https:\/\/schema.org\/CreativeWork\" ><div class=\"iconbox_content\"><header class=\"entry-content-header\"><div class=\"iconbox_icon heading-color \" aria-hidden='true' data-av_icon='\ue801' data-av_iconfont='port'  ><\/div><h3 class='iconbox_content_title  '  itemprop=\"headline\"  >Contr\u00f4ler notre consommation d\u2019eau<\/h3><\/header><div class='iconbox_content_container  '  itemprop=\"text\"  ><p>Rel\u00e8ve quotidienne de plusieurs compteurs d&rsquo;eau pour surveiller toute fuite d&rsquo;eau, raccords et vannes d&rsquo;arr\u00eats automatique sur les bornes<\/p>\n<\/div><\/div><footer class=\"entry-footer\"><\/footer><\/article><br \/>\n<article class=\"iconbox iconbox_left    avia-builder-el-4  el_after_av_icon_box  el_before_av_icon_box   \"  itemscope=\"itemscope\" itemtype=\"https:\/\/schema.org\/CreativeWork\" ><div class=\"iconbox_content\"><header class=\"entry-content-header\"><div class=\"iconbox_icon heading-color \" aria-hidden='true' data-av_icon='\ue80b' data-av_iconfont='entypo-fontello'  ><\/div><h3 class='iconbox_content_title  '  itemprop=\"headline\"  >Sensibilisation des plaisanciers<\/h3><\/header><div class='iconbox_content_container  '  itemprop=\"text\"  ><p>Notre personnel rappelle \u00e0 tous les plaisanciers et passagers les bonnes pratiques en terme de respect de l&rsquo;environnement, \u00e9galement lors d&rsquo;ap\u00e9ro-pontons et de r\u00e9unions pour informer les usagers des infrastructures mis \u00e0 leur disposition.<\/p>\n<p>Affichages en d\u00e9but de panne d&rsquo;informations, bureau d&rsquo;accueil, site web et applications, sanitaires et panneaux d&rsquo;affichage m\u00e9t\u00e9o pour sensibiliser. Visitez le site de l&rsquo;<a href=\"https:\/\/www.observatoire-marin.com\/accueil.htm\">Observatoire Marin<\/a><\/p>\n<\/div><\/div><footer class=\"entry-footer\"><\/footer><\/article><br \/>\n<article class=\"iconbox iconbox_left    avia-builder-el-5  el_after_av_icon_box  el_before_av_icon_box   \"  itemscope=\"itemscope\" itemtype=\"https:\/\/schema.org\/CreativeWork\" ><div class=\"iconbox_content\"><header class=\"entry-content-header\"><div class=\"iconbox_icon heading-color \" aria-hidden='true' data-av_icon='\uf1e5' data-av_iconfont='port'  ><\/div><h3 class='iconbox_content_title  '  itemprop=\"headline\"  >Protection des c\u00e9tac\u00e9s<\/h3><\/header><div class='iconbox_content_container  '  itemprop=\"text\"  ><p>Signataire de la charte du Sanctuaire Pelagos, la Commune de Cavalaire et son port de plaisance communiquent et sensibilisent les plaisanciers aux codes de bonne conduite vis \u00e0 vis des c\u00e9tac\u00e9s (respect de distances, comportement \u00e0 avoir, informations g\u00e9n\u00e9rales sur les c\u00e9tac\u00e9s). Visitez le site <a href=\"https:\/\/www.sanctuaire-pelagos.org\/fr\/\">www.sanctuaire-pelagos.org<\/a><\/p>\n<\/div><\/div><footer class=\"entry-footer\"><\/footer><\/article><br \/>\n<article class=\"iconbox iconbox_left    avia-builder-el-6  el_after_av_icon_box  el_before_av_icon_box   \"  itemscope=\"itemscope\" itemtype=\"https:\/\/schema.org\/CreativeWork\" ><div class=\"iconbox_content\"><header class=\"entry-content-header\"><div class=\"iconbox_icon heading-color \" aria-hidden='true' data-av_icon='\ue80b' data-av_iconfont='port'  ><\/div><h3 class='iconbox_content_title  '  itemprop=\"headline\"  >Protection de la faune<\/h3><\/header><div class='iconbox_content_container  '  itemprop=\"text\"  ><p>Afin de prot\u00e9ger la faune marine et les herbiers de posidonie, nous faisons la promotion de l&rsquo;utilisation de l&rsquo;application DONIA pour tablette\/smartphone qui indique au plaisancier l&rsquo;\u00e9tat des fonds marins et les zones \u00e0 \u00e9viter pour ne pas mouiller sur les herbiers. (Visitez le site <a href=\"https:\/\/donia.fr\">www.donia.fr<\/a>)<\/p>\n<\/div><\/div><footer class=\"entry-footer\"><\/footer><\/article><br \/>\n<article class=\"iconbox iconbox_left    avia-builder-el-7  el_after_av_icon_box  el_before_av_icon_box   \"  itemscope=\"itemscope\" itemtype=\"https:\/\/schema.org\/CreativeWork\" ><div class=\"iconbox_content\"><header class=\"entry-content-header\"><div class=\"iconbox_icon heading-color \" aria-hidden='true' data-av_icon='\ue817' data-av_iconfont='port'  ><\/div><h3 class='iconbox_content_title  '  itemprop=\"headline\"  >Mat\u00e9riel de d\u00e9pollution<\/h3><\/header><div class='iconbox_content_container  '  itemprop=\"text\"  ><p>Nous devons pouvoir faire face \u00e0 de <strong>petites ou moyennes pollutions par hydrocarbures<\/strong> en s\u2019\u00e9quipant de mat\u00e9riel de d\u00e9pollution tr\u00e8s sp\u00e9cifique qui r\u00e9pond \u00e0 plusieurs objectifs.<\/p>\n<ul>\n<li>Protection des agents\u00a0: combinaisons , gants, lunettes, bottes\u2026<\/li>\n<li>Protection du site\u00a0: b\u00e2ches, g\u00e9otextile, sacs de protection, pelles \u2026<\/li>\n<li>Barrages\u00a0: Kits d\u2019intervention, barrages flottants<\/li>\n<li>Absorbants : feuilles, rouleaux, fibres sp\u00e9cifiques\u2026<\/li>\n<\/ul>\n<p>Depuis janvier 2020, nous innovons avec notre partenaire <a href=\"https:\/\/coiffeurs-justes.com\"><strong>Coiffeurs Justes <\/strong><\/a>et<a href=\"https:\/\/ecoscienceprovence.com\"><strong> EcosciencesProvence<\/strong><\/a> pour utiliser des cheveux recycl\u00e9s provenant de Cavalaire pour \u00eatre utilis\u00e9s comme dispositifs d&rsquo;adsorption des hydrocarbures soit sur des pollutions accidentelles, soit en pr\u00e9vention dans les fonds de cales de bateaux, soit autour de la station d&rsquo;avitaillement.<\/p>\n<p>Visualisez le reportage sur France24 (<a href=\"https:\/\/youtu.be\/jS9o00FwddU\">cliquez ici<\/a>) ou sur <a href=\"https:\/\/www.facebook.com\/OliviaSchallerOfficiel\/videos\/163356451761995\/UzpfSTUxMTkwMjYzNTY0MzA2NDoxNTIzNjEyMzY0NDcyMDgx\/\">France2\/T\u00e9l\u00e9matin<\/a><\/p>\n<\/div><\/div><footer class=\"entry-footer\"><\/footer><\/article><br \/>\n<article class=\"iconbox iconbox_left    avia-builder-el-8  el_after_av_icon_box  el_before_av_icon_box   \"  itemscope=\"itemscope\" itemtype=\"https:\/\/schema.org\/CreativeWork\" ><div class=\"iconbox_content\"><header class=\"entry-content-header\"><div class=\"iconbox_icon heading-color \" aria-hidden='true' data-av_icon='\ue847' data-av_iconfont='entypo-fontello'  ><\/div><h3 class='iconbox_content_title  '  itemprop=\"headline\"  >Point Propre<\/h3><\/header><div class='iconbox_content_container  '  itemprop=\"text\"  ><p>Le point propre est un <strong>lieu de collecte et de tri des d\u00e9chets produits<\/strong> solides et liquides par l\u2019activit\u00e9 portuaire et notamment les op\u00e9rations de car\u00e9nage. Il ne doit en aucun cas remplacer la d\u00e9chetterie de la commune et ne doit \u00eatre ouvert qu\u2019aux plaisanciers et personnel travaillant sur le port.<\/p>\n<p>Il est possible de collecter les d\u00e9chets suivants sur le point propre\u00a0:<br \/>\n<img loading=\"lazy\" decoding=\"async\" src=\"http:\/\/www.ports-propres.org\/images\/general\/puce-grise.png\" alt=\"\" width=\"5\" height=\"5\" \/> Papiers cartons souill\u00e9s \/\u00a0Plastiques \/\u00a0Bois \/\u00a0M\u00e9taux<br \/>\n<img loading=\"lazy\" decoding=\"async\" src=\"http:\/\/www.ports-propres.org\/images\/general\/puce-grise.png\" alt=\"\" width=\"5\" height=\"5\" \/> Toxiques liquides (acides, peintures, colle, vernis, solvants, etc\u2026)<br \/>\n<img loading=\"lazy\" decoding=\"async\" src=\"http:\/\/www.ports-propres.org\/images\/general\/puce-grise.png\" alt=\"\" width=\"5\" height=\"5\" \/> Emballage souill\u00e9s<br \/>\n<img loading=\"lazy\" decoding=\"async\" src=\"http:\/\/www.ports-propres.org\/images\/general\/puce-grise.png\" alt=\"\" width=\"5\" height=\"5\" \/> Huiles de vidange<br \/>\n<img loading=\"lazy\" decoding=\"async\" src=\"http:\/\/www.ports-propres.org\/images\/general\/puce-grise.png\" alt=\"\" width=\"5\" height=\"5\" \/> Batteries \/\u00a0Piles<br \/>\n<img loading=\"lazy\" decoding=\"async\" src=\"http:\/\/www.ports-propres.org\/images\/general\/puce-grise.png\" alt=\"\" width=\"5\" height=\"5\" \/> Filtres \u00e0 huile et \u00e0 carburant \/\u00a0Hydrocarbures<br \/>\n<img loading=\"lazy\" decoding=\"async\" src=\"http:\/\/www.ports-propres.org\/ports-propres\/images\/general\/puce-grise.png\" alt=\"\" width=\"5\" height=\"5\" \/> Fus\u00e9es de d\u00e9tresse<\/p>\n<\/div><\/div><footer class=\"entry-footer\"><\/footer><\/article><br \/>\n<article class=\"iconbox iconbox_left    avia-builder-el-9  el_after_av_icon_box  el_before_av_icon_box   \"  itemscope=\"itemscope\" itemtype=\"https:\/\/schema.org\/CreativeWork\" ><div class=\"iconbox_content\"><header class=\"entry-content-header\"><div class=\"iconbox_icon heading-color \" aria-hidden='true' data-av_icon='\ue816' data-av_iconfont='port'  ><\/div><h3 class='iconbox_content_title  '  itemprop=\"headline\"  >Pompe \u00e0 eaux us\u00e9es<\/h3><\/header><div class='iconbox_content_container  '  itemprop=\"text\"  ><p>Ce service est con\u00e7u pour <strong>vider les r\u00e9servoirs \u00e0 eaux us\u00e9es<\/strong> des navires et le cas \u00e9ch\u00e9ant les <strong>eaux souill\u00e9es de fond de cale<\/strong>.\u00a0Au port ou \u00e0 proximit\u00e9 des c\u00f4tes, il est important d\u2019\u00e9viter de rejeter les eaux grises (vaisselle, douche) ou noires (toilettes). Vous pouvez minimiser votre impact de mani\u00e8re importante en utilisant des produits d\u2019entretien ou cosm\u00e9tiques d\u2019origine v\u00e9g\u00e9tale. Ils sont plus rapidement biod\u00e9gradables.<\/p>\n<\/div><\/div><footer class=\"entry-footer\"><\/footer><\/article><br \/>\n<article class=\"iconbox iconbox_left    avia-builder-el-10  el_after_av_icon_box  el_before_av_icon_box   \"  itemscope=\"itemscope\" itemtype=\"https:\/\/schema.org\/CreativeWork\" ><div class=\"iconbox_content\"><header class=\"entry-content-header\"><div class=\"iconbox_icon heading-color \" aria-hidden='true' data-av_icon='\ue8d6' data-av_iconfont='entypo-fontello'  ><\/div><h3 class='iconbox_content_title  '  itemprop=\"headline\"  >Contr\u00f4le quotidien de la qualit\u00e9 des eaux de la ZMO<\/h3><\/header><div class='iconbox_content_container  '  itemprop=\"text\"  ><p>Pr\u00e9l\u00e8vements quotidiens d&rsquo;\u00e9chantillons d&rsquo;eau sur la Zone de Mouillage Organis\u00e9e pour \u00eatre ensuite transmis et contr\u00f4l\u00e9s<\/p>\n<\/div><\/div><footer class=\"entry-footer\"><\/footer><\/article><br \/>\n<article class=\"iconbox iconbox_left    avia-builder-el-11  el_after_av_icon_box  avia-builder-el-last   \"  itemscope=\"itemscope\" itemtype=\"https:\/\/schema.org\/CreativeWork\" ><div class=\"iconbox_content\"><header class=\"entry-content-header\"><div class=\"iconbox_icon heading-color \" aria-hidden='true' data-av_icon='\ue8ce' data-av_iconfont='entypo-fontello'  ><\/div><h3 class='iconbox_content_title  '  itemprop=\"headline\"  >Aire de car\u00e9nage<\/h3><\/header><div class='iconbox_content_container  '  itemprop=\"text\"  ><p>Les eaux de car\u00e9nage sont constitu\u00e9es de <strong>polluants hautement toxiques<\/strong> (particules de peinture, solvants, huiles, hydrocarbure\u2026) et nocives pour le milieu marin.<br \/>\nL\u2019aire de car\u00e9nage est l\u2019emplacement pr\u00e9vu pour effectuer les op\u00e9rations de <strong>car\u00e9nage et maintenance des navires<\/strong>. Elle est \u00e9quip\u00e9e d\u2019un syst\u00e8me de r\u00e9cup\u00e9ration et de traitement des eaux us\u00e9es.<\/p>\n<\/div><\/div><footer class=\"entry-footer\"><\/footer><\/article><\/p><\/div><div class=\"flex_column av_two_third  flex_column_div av-zero-column-padding first  avia-builder-el-12  el_after_av_one_full  el_before_av_one_third  column-top-margin\" style='border-radius:0px; '><div class=\"togglecontainer   toggle_close_all  avia-builder-el-13  avia-builder-el-no-sibling  \" >\n<section class=\"av_toggle_section\"  itemscope=\"itemscope\" itemtype=\"https:\/\/schema.org\/CreativeWork\"  >    <div class=\"single_toggle\" data-tags=\"{Tout} \"  >        <p data-fake-id=\"#toggle-id-1\" class=\"toggler \"  itemprop=\"headline\"   >Certification Port Propre<span class=\"toggle_icon\" >        <span class=\"vert_icon\"><\/span><span class=\"hor_icon\"><\/span><\/span><\/p>        <div id=\"toggle-id-1-container\" class=\"toggle_wrap \"  >            <div class=\"toggle_content invers-color \"  itemprop=\"text\"   ><p>Croire en un port id\u00e9al, en un port du futur capable d\u2019assurer et de d\u00e9velopper la protection de l\u2019environnement tout en contribuant \u00e0 la bonne sant\u00e9 de l\u2019\u00e9conomie locale est ce qui anime plus de 190 ports de la r\u00e9gion SUD qui ont souscrit \u00e0 la d\u00e9marche \u00ab Ports Propres \u00bb.<\/p>\n<p>\u00ab <a href=\"http:\/\/www.ports-propres.org\">Ports Propres<\/a> \u00bb est une certification europ\u00e9enne lanc\u00e9e en 2001 par l\u2019Union des Ports de plaisance PACA et Monaco (UPACA) avec l\u2019appui de la r\u00e9gion Provence-Alpes-C\u00f4te d\u2019Azur, l\u2019Agence de l\u2019eau, l\u2019ADEME et la DREAL (Direction R\u00e9gionale de l\u2019Environnement, de l\u2019Am\u00e9nagement et du Logement). La ville de Cavalaire fut l\u2019une des premi\u00e8res communes \u00e0 s\u2019engager dans cette d\u00e9marche, d\u00e8s le 6 juin 2001.<\/p>\n<p>PORTS PROPRES est la premi\u00e8re et la seule\u00a0d\u00e9marche de Gestion Environnementale des ports de plaisance \u00e0 l&rsquo;\u00e9chelle europ\u00e9enne.<\/p>\n<p>Elle traduit une volont\u00e9 forte de la part des gestionnaires de port de plaisance de prendre des engagements concrets pour lutter en faveur de la pr\u00e9servation des milieux aquatiques et du d\u00e9veloppement durable des activit\u00e9s littorales et marines.<\/p>\n<p>En effet,la croissance de l&rsquo;activit\u00e9 de plaisance ces derni\u00e8res ann\u00e9es a eu une influence non n\u00e9gligeable sur le milieu naturel et la qualit\u00e9 des eaux littorales : production de d\u00e9chets toxiques issus de l&rsquo;activit\u00e9 portuaire tels que : piles, batteries, huiles de synth\u00e8se, solvants, peintures ainsi que les eaux issues de car\u00e9nage.<\/p>\n<p>La d\u00e9marche Ports Propres est la solution pour assurer une gestion adpat\u00e9e de ces zones \u00e0 partir de m\u00e9thodes et d&rsquo;outils r\u00e9pondant aux enjeux environnementaux. Elle requiert, notamment, de la part des ports de plaisance, de faire contr\u00f4ler leurs pratiques, par un organisme tiers ind\u00e9pendant, comme AFNOR Certification, selon un r\u00e9f\u00e9rentiel de 17 crit\u00e8res \u00e9tabli au niveau europ\u00e9en par l&rsquo;accord CWA 16987, Certification Europ\u00e9enne Ports Propres ( Clean Harbor Guidelines).<\/p>\n<p>\u00ab\u00a0 Ports propres \u00a0\u00bb est une d\u00e9marche volontaire de la part des gestionnaires de ports de plaisance qui sont de plus en plus nombreux \u00e0 prendre conscience de la n\u00e9cessit\u00e9 de participer \u00e0 la gestion environnementale.<\/p>\n            <\/div>        <\/div>    <\/div><\/section>\n<section class=\"av_toggle_section\"  itemscope=\"itemscope\" itemtype=\"https:\/\/schema.org\/CreativeWork\"  >    <div class=\"single_toggle\" data-tags=\"{Tout} \"  >        <p data-fake-id=\"#toggle-id-2\" class=\"toggler \"  itemprop=\"headline\"   >Sanctuaire PELAGOS<span class=\"toggle_icon\" >        <span class=\"vert_icon\"><\/span><span class=\"hor_icon\"><\/span><\/span><\/p>        <div id=\"toggle-id-2-container\" class=\"toggle_wrap \"  >            <div class=\"toggle_content invers-color \"  itemprop=\"text\"   ><p>La Commune de Cavalaire est signataire de la Charte Pelagos depuis 2010.<\/p>\n<p>Cr\u00e9\u00e9 dans le but de prot\u00e9ger les mammif\u00e8res marins contre toutes les causes de perturbation provenant des activit\u00e9s humaines, le Sanctuaire doit donc concilier le d\u00e9veloppement harmonieux des activit\u00e9s socio-\u00e9conomiques avec la protection n\u00e9cessaire des habitats et des esp\u00e8ces y vivant.<\/p>\n<p>L\u2019originalit\u00e9 du <a href=\"https:\/\/www.sanctuaire-pelagos.org\/fr\/\">Sanctuaire Pelagos<\/a> pour les mammif\u00e8res marins de M\u00e9diterran\u00e9e r\u00e9side dans le fait qu&rsquo;il constitue une zone de gestion tripartite dans un territoire c\u00f4tier et de haute mer appr\u00e9hend\u00e9 comme un \u00ab\u00a0\u00e9cosyst\u00e8me de grande dimension\u00a0\u00bb d\u2019un grand int\u00e9r\u00eat scientifique, socio-\u00e9conomique, culturel et \u00e9ducatif. L\u2019ensemble du Sanctuaire peut \u00eatre consid\u00e9r\u00e9, de fa\u00e7on tr\u00e8s g\u00e9n\u00e9rale, comme une sous-unit\u00e9 distincte bio-g\u00e9ographiquement de l\u2019Ecosyst\u00e8me Marin de Grande Dimension (LME) de M\u00e9diterran\u00e9e.<\/p>\n<p>Code de bonne conduite pour l&rsquo;observation des c\u00e9tac\u00e9s :<\/p>\n<ul>\n<li>Eviter l&rsquo;observation \u00e0 moins de 5 milles des c\u00f4tes<\/li>\n<li>Positionner le bateau parall\u00e8lement aux animaux<\/li>\n<li>Limiter la vitesse du bateau \u00e0 5 noeuds et \u00e9viter tout changement brutal de vitesse et\/ou de direction<\/li>\n<li>Ne positionner qu&rsquo;un seul bateau \u00e0 la fois dans la zone de vigilance et limiter le temps d&rsquo;observation \u00e0 30 minutes (15 minutes en cas d&rsquo;attente d&rsquo;autres bateaux)<\/li>\n<li>Interrompre imm\u00e9diatement l&rsquo;observation en cas de signes de perturbation.<\/li>\n<li>Redoubler de vigilance en pr\u00e9sence de nouveau-n\u00e9s.<\/li>\n<li>Ne pas tenter de toucher, nourrir ou nager avec un c\u00e9tac\u00e9.<\/li>\n<\/ul>\n<p>L&rsquo;observation mal pratiqu\u00e9e des c\u00e9tac\u00e9s peut \u00eatre une source de d\u00e9rangement pour les esp\u00e8ces.<\/p>\n<p>Faites appel \u00e0 des op\u00e9rateurs professionnels labellis\u00e9s.<\/p>\n            <\/div>        <\/div>    <\/div><\/section>\n<section class=\"av_toggle_section\"  itemscope=\"itemscope\" itemtype=\"https:\/\/schema.org\/CreativeWork\"  >    <div class=\"single_toggle\" data-tags=\"{Tout} \"  >        <p data-fake-id=\"#toggle-id-3\" class=\"toggler \"  itemprop=\"headline\"   >Coiffeurs Justes<span class=\"toggle_icon\" >        <span class=\"vert_icon\"><\/span><span class=\"hor_icon\"><\/span><\/span><\/p>        <div id=\"toggle-id-3-container\" class=\"toggle_wrap \"  >            <div class=\"toggle_content invers-color \"  itemprop=\"text\"   ><p>Initi\u00e9e par Thierry GRAS avec son association <a href=\"https:\/\/coiffeurs-justes.com\">Coiffeurs Justes<\/a>, en partenariat avec <a href=\"https:\/\/ecoscienceprovence.com\">EcoscienceProvence<\/a>, le Port Heraclea est devenu pilote du projet de recyclage de cheveux pour la conception de dispositifs de lutte contre la pollution.<\/p>\n<p>Nous avons souhait\u00e9 utiliser les propri\u00e9t\u00e9s adsorbantes des cheveux \u00a0pour agir contre les pollutions accidentelles dans le port (incendies de navires, bateau coul\u00e9, fuites d&rsquo;hydrocarbures, etc.), mais \u00e9galement en pr\u00e9vention (fond de c\u00e2le de bateaux, micro-pollutions lors des pleins de carburants, etc.).<\/p>\n<p>Nos actions sont soutenues par les \u00e9lus locaux et relay\u00e9es par la presse nationale et internationale (France 2, France 24, TF1, Brut., Reuters, etc.).<\/p>\n<p>L&rsquo;objectif \u00e9tant la mise en place d&rsquo;une \u00e9conomie circulaire impliquant des ateliers d&rsquo;insertion ou centres m\u00e9dico-sociaux locaux, des coiffeurs locaux pour r\u00e9colter la mati\u00e8re premi\u00e8re, une confection locale des dispositifs (boudins, barrages, carr\u00e9 feutr\u00e9, etc.), pour \u00eatre utilis\u00e9 dans le port afin de lutter contre les pollutions accidentelles et en mode pr\u00e9ventif.<\/p>\n            <\/div>        <\/div>    <\/div><\/section>\n<\/div><\/div><\/p>\n<div class=\"flex_column av_one_third  flex_column_div av-zero-column-padding   avia-builder-el-14  el_after_av_two_third  avia-builder-el-last  column-top-margin\" style='border-radius:0px; '><p><div class='avia-image-container  av-styling-    avia-builder-el-15  el_before_av_image  avia-builder-el-first   avia-align-center '  itemprop=\"image\" itemscope=\"itemscope\" itemtype=\"https:\/\/schema.org\/ImageObject\"  ><div class='avia-image-container-inner'><div class='avia-image-overlay-wrap'><img class='avia_image' src='https:\/\/port-heraclea.fr\/wp-content\/uploads\/2020\/07\/image-209x300.png' alt='' title='image' height=\"300\" width=\"209\"  itemprop=\"thumbnailUrl\"  \/><\/div><\/div><\/div><br \/>\n<div class='avia-image-container  av-styling-    avia-builder-el-16  el_after_av_image  el_before_av_image   avia-align-center '  itemprop=\"image\" itemscope=\"itemscope\" itemtype=\"https:\/\/schema.org\/ImageObject\"  ><div class='avia-image-container-inner'><div class='avia-image-overlay-wrap'><img class='avia_image' src='https:\/\/port-heraclea.fr\/wp-content\/uploads\/2020\/07\/image-1-212x300.png' alt='' title='image' height=\"300\" width=\"212\"  itemprop=\"thumbnailUrl\"  \/><\/div><\/div><\/div><br \/>\n<div class='avia-image-container  av-styling-    avia-builder-el-17  el_after_av_image  avia-builder-el-last   avia-align-center '  itemprop=\"image\" itemscope=\"itemscope\" itemtype=\"https:\/\/schema.org\/ImageObject\"  ><div class='avia-image-container-inner'><div class='avia-image-overlay-wrap'><img class='avia_image' src='https:\/\/port-heraclea.fr\/wp-content\/uploads\/2020\/07\/image-2.png' alt='' title='image' height=\"182\" width=\"278\"  itemprop=\"thumbnailUrl\"  \/><\/div><\/div><\/div><\/p><\/div>\n","protected":false},"excerpt":{"rendered":"","protected":false},"author":4,"featured_media":0,"parent":66,"menu_order":5,"comment_status":"closed","ping_status":"closed","template":"","meta":{"_exactmetrics_skip_tracking":false,"_exactmetrics_sitenote_active":false,"_exactmetrics_sitenote_note":"","_exactmetrics_sitenote_category":0,"footnotes":""},"class_list":["post-2045","page","type-page","status-publish","hentry"],"_links":{"self":[{"href":"https:\/\/port-heraclea.fr\/index.php\/wp-json\/wp\/v2\/pages\/2045","targetHints":{"allow":["GET"]}}],"collection":[{"href":"https:\/\/port-heraclea.fr\/index.php\/wp-json\/wp\/v2\/pages"}],"about":[{"href":"https:\/\/port-heraclea.fr\/index.php\/wp-json\/wp\/v2\/types\/page"}],"author":[{"embeddable":true,"href":"https:\/\/port-heraclea.fr\/index.php\/wp-json\/wp\/v2\/users\/4"}],"replies":[{"embeddable":true,"href":"https:\/\/port-heraclea.fr\/index.php\/wp-json\/wp\/v2\/comments?post=2045"}],"version-history":[{"count":15,"href":"https:\/\/port-heraclea.fr\/index.php\/wp-json\/wp\/v2\/pages\/2045\/revisions"}],"predecessor-version":[{"id":2078,"href":"https:\/\/port-heraclea.fr\/index.php\/wp-json\/wp\/v2\/pages\/2045\/revisions\/2078"}],"up":[{"embeddable":true,"href":"https:\/\/port-heraclea.fr\/index.php\/wp-json\/wp\/v2\/pages\/66"}],"wp:attachment":[{"href":"https:\/\/port-heraclea.fr\/index.php\/wp-json\/wp\/v2\/media?parent=2045"}],"curies":[{"name":"wp","href":"https:\/\/api.w.org\/{rel}","templated":true}]}}