{"id":2229,"date":"2020-10-13T12:04:23","date_gmt":"2020-10-13T10:04:23","guid":{"rendered":"http:\/\/port-heraclea.fr\/?page_id=2229"},"modified":"2026-01-07T09:27:56","modified_gmt":"2026-01-07T08:27:56","slug":"formulaires-a-telecharger","status":"publish","type":"page","link":"https:\/\/port-heraclea.fr\/index.php\/formulaires-a-telecharger\/","title":{"rendered":"Formulaires \u00e0 t\u00e9l\u00e9charger"},"content":{"rendered":"<div id='av_section_1' class='avia-section main_color avia-section-default avia-no-border-styling av-parallax-section avia-bg-style-parallax  avia-builder-el-0  el_before_av_textblock  avia-builder-el-first    av-minimum-height av-minimum-height-50  container_wrap fullsize' style=' '  data-section-bg-repeat='no-repeat' data-av_minimum_height_pc='50'><div class='av-parallax' data-avia-parallax-ratio='0.3' ><div class='av-parallax-inner main_color  avia-full-stretch' style = 'background-repeat: no-repeat; background-image: url(https:\/\/port-heraclea.fr\/wp-content\/uploads\/2020\/04\/28102015-_DSC15632-300x214.jpg);background-attachment: scroll; background-position: bottom left; ' ><\/div><\/div><div class='container' ><main  role=\"main\" itemprop=\"mainContentOfPage\"  class='template-page content  av-content-full alpha units'><div class='post-entry post-entry-type-page post-entry-2229'><div class='entry-content-wrapper clearfix'>\n<div style='padding-bottom:10px; color:#ffffff;font-size:70px;' class='av-special-heading av-special-heading-h3 custom-color-heading blockquote modern-quote modern-centered  avia-builder-el-1  avia-builder-el-no-sibling   av-inherit-size '><h3 class='av-special-heading-tag '  itemprop=\"headline\"  >Formulaires \u00e0 t\u00e9l\u00e9charger<\/h3><div class='special-heading-border'><div class='special-heading-inner-border' style='border-color:#ffffff'><\/div><\/div><\/div>\n<\/div><\/div><\/main><!-- close content main element --><\/div><\/div><div id='after_section_1' class='main_color av_default_container_wrap container_wrap fullsize' style=' '  ><div class='container' ><div class='template-page content  av-content-full alpha units'><div class='post-entry post-entry-type-page post-entry-2229'><div class='entry-content-wrapper clearfix'>\n<section class=\"av_textblock_section \"  itemscope=\"itemscope\" itemtype=\"https:\/\/schema.org\/CreativeWork\" ><div class='avia_textblock  '   itemprop=\"text\" ><p><span style=\"font-size: 24pt;\"><strong><span style=\"font-family: helvetica, arial, sans-serif;\">Mandat de Mise \u00e0 Disposition 2026<\/span><\/strong><\/span><\/p>\n<h5><span style=\"font-family: helvetica, arial, sans-serif;\">Mandat concernant les d\u00e9tenteurs de contrat de Garantie d&rsquo;Usage, pour d\u00e9clarer les dates d&rsquo;occupation de votre poste et permettre au port d&rsquo;optimiser le plan d&rsquo;eau :<\/span><\/h5>\n<\/div><\/section>\n<div class='avia-button-wrap avia-button-center  avia-builder-el-3  el_after_av_textblock  el_before_av_textblock  '><a href='http:\/\/port-heraclea.fr\/wp-content\/uploads\/2026\/01\/MANDAT-2026.pdf'  class='avia-button   avia-icon_select-yes-left-icon avia-color-theme-color avia-size-small avia-position-center '   ><span class='avia_button_icon avia_button_icon_left ' aria-hidden='true' data-av_icon='\ue82d' data-av_iconfont='entypo-fontello'><\/span><span class='avia_iconbox_title' >Cliquer ici pour t\u00e9l\u00e9charger le Mandat 2026<\/span><\/a><\/div>\n<section class=\"av_textblock_section \"  itemscope=\"itemscope\" itemtype=\"https:\/\/schema.org\/CreativeWork\" ><div class='avia_textblock  '   itemprop=\"text\" ><p><span style=\"font-size: 24pt;\"><strong><span style=\"font-family: helvetica, arial, sans-serif;\">D\u00e9claration d&rsquo;absence 2026<\/span><\/strong><\/span><\/p>\n<h5><span style=\"font-family: helvetica, arial, sans-serif;\">Pour les titulaires de contrats en Forfait Annuel, afin de d\u00e9clarer les dates d&rsquo;occupation de votre poste et permettre au port d&rsquo;optimiser le plan d&rsquo;eau :<\/span><\/h5>\n<\/div><\/section>\n<div class='avia-button-wrap avia-button-center  avia-builder-el-5  el_after_av_textblock  el_before_av_hr  '><a href='http:\/\/port-heraclea.fr\/wp-content\/uploads\/2026\/01\/Declaration-absence-2026.pdf'  class='avia-button   avia-icon_select-yes-left-icon avia-color-theme-color avia-size-small avia-position-center '   ><span class='avia_button_icon avia_button_icon_left ' aria-hidden='true' data-av_icon='\ue82d' data-av_iconfont='entypo-fontello'><\/span><span class='avia_iconbox_title' >Cliquer ici pour t\u00e9l\u00e9charger la D\u00e9claration d\u2019absence 2026<\/span><\/a><\/div>\n<div  class='hr hr-default   avia-builder-el-6  el_after_av_button  el_before_av_textblock '><span class='hr-inner ' ><span class='hr-inner-style'><\/span><\/span><\/div>\n<section class=\"av_textblock_section \"  itemscope=\"itemscope\" itemtype=\"https:\/\/schema.org\/CreativeWork\" ><div class='avia_textblock  '   itemprop=\"text\" ><p><span style=\"font-size: 24pt;\"><strong><span style=\"font-family: helvetica, arial, sans-serif;\">Vente navire de plaisance<\/span><\/strong><\/span><\/p>\n<h5><\/h5>\n<\/div><\/section>\n<div class='avia-button-wrap avia-button-center  avia-builder-el-8  el_after_av_textblock  el_before_av_button  '><a href='http:\/\/port-heraclea.fr\/wp-content\/uploads\/2020\/10\/modele_Acte_de_vente_d_un_navire_de_plaisance-RTF-2.rtf'  class='avia-button   avia-icon_select-yes-left-icon avia-color-theme-color avia-size-small avia-position-center '   ><span class='avia_button_icon avia_button_icon_left ' aria-hidden='true' data-av_icon='\ue82d' data-av_iconfont='entypo-fontello'><\/span><span class='avia_iconbox_title' >Cliquer ici pour t\u00e9l\u00e9charger l\u2019acte de vente<\/span><\/a><\/div>\n<div class='avia-button-wrap avia-button-center  avia-builder-el-9  el_after_av_button  el_before_av_textblock  '><a href='https:\/\/www.demarches-plaisance.gouv.fr\/puma-plaisancier\/'  class='avia-button   avia-icon_select-yes-left-icon avia-color-theme-color avia-size-small avia-position-center '   ><span class='avia_button_icon avia_button_icon_left ' aria-hidden='true' data-av_icon='\ue8b1' data-av_iconfont='entypo-fontello'><\/span><span class='avia_iconbox_title' >Cliquer ici pour les d\u00e9marches en ligne<\/span><\/a><\/div>\n<section class=\"av_textblock_section \"  itemscope=\"itemscope\" itemtype=\"https:\/\/schema.org\/CreativeWork\" ><div class='avia_textblock  '   itemprop=\"text\" ><p>Conform\u00e9ment \u00e0 notre politique de gestion des donn\u00e9es personnelles, la SPL PORT HERACLEA vous informe qu&rsquo;elle \u00a0traite les donn\u00e9es recueillies dans ses diff\u00e9rents formulaires pour la gestion des attributions des contrats d&rsquo;occupation temporaire sur le domaine public maritime (location de place pendant une absence d\u00e9clar\u00e9e).<\/p>\n<p>Pour en savoir plus sur la gestion de vos donn\u00e9es personnelles et pour exercer vos droits, reportez-vous \u00e0 la notice ci-jointe <a href=\"http:\/\/port-heraclea.fr\/index.php\/rgpd\/\">en cliquant ici (RGPD)<\/a><\/p>\n<\/div><\/section>\n","protected":false},"excerpt":{"rendered":"","protected":false},"author":4,"featured_media":0,"parent":0,"menu_order":0,"comment_status":"closed","ping_status":"closed","template":"","meta":{"_exactmetrics_skip_tracking":false,"_exactmetrics_sitenote_active":false,"_exactmetrics_sitenote_note":"","_exactmetrics_sitenote_category":0,"footnotes":""},"class_list":["post-2229","page","type-page","status-publish","hentry"],"_links":{"self":[{"href":"https:\/\/port-heraclea.fr\/index.php\/wp-json\/wp\/v2\/pages\/2229","targetHints":{"allow":["GET"]}}],"collection":[{"href":"https:\/\/port-heraclea.fr\/index.php\/wp-json\/wp\/v2\/pages"}],"about":[{"href":"https:\/\/port-heraclea.fr\/index.php\/wp-json\/wp\/v2\/types\/page"}],"author":[{"embeddable":true,"href":"https:\/\/port-heraclea.fr\/index.php\/wp-json\/wp\/v2\/users\/4"}],"replies":[{"embeddable":true,"href":"https:\/\/port-heraclea.fr\/index.php\/wp-json\/wp\/v2\/comments?post=2229"}],"version-history":[{"count":27,"href":"https:\/\/port-heraclea.fr\/index.php\/wp-json\/wp\/v2\/pages\/2229\/revisions"}],"predecessor-version":[{"id":4273,"href":"https:\/\/port-heraclea.fr\/index.php\/wp-json\/wp\/v2\/pages\/2229\/revisions\/4273"}],"wp:attachment":[{"href":"https:\/\/port-heraclea.fr\/index.php\/wp-json\/wp\/v2\/media?parent=2229"}],"curies":[{"name":"wp","href":"https:\/\/api.w.org\/{rel}","templated":true}]}}