{"id":2656,"date":"2021-10-01T11:36:13","date_gmt":"2021-10-01T09:36:13","guid":{"rendered":"http:\/\/port-heraclea.fr\/?page_id=2656"},"modified":"2025-09-30T14:41:00","modified_gmt":"2025-09-30T12:41:00","slug":"renouvellement","status":"publish","type":"page","link":"https:\/\/port-heraclea.fr\/index.php\/renouvellement\/","title":{"rendered":"Renouvellement inscription liste attente"},"content":{"rendered":"<h2>Renouvellement inscription liste attente 2025 (ouvert)<\/h2>\n<p>Il est n\u00e9cessaire de renouveler tous les ans votre inscription en Liste d&rsquo;Attente entre le 1er et le 31 octobre.<\/p>\n<p>Munissez vous de votre num\u00e9ro d&rsquo;enregistrement (qui vous a \u00e9t\u00e9 envoy\u00e9 par email ou que vous pouvez nous redemander en contactant les services administratifs du Port Heraclea) et remplissez le formulaire en ligne suivant :<\/p>\n<p>&nbsp;<\/p>\n<div class='avia-button-wrap avia-button-center  avia-builder-el-0  el_before_av_button  avia-builder-el-first  '><a href='https:\/\/forms.gle\/MZaYnaF6E48X1JvQ9'  class='avia-button   avia-icon_select-yes-left-icon avia-color-theme-color avia-size-small avia-position-center '   ><span class='avia_button_icon avia_button_icon_left ' aria-hidden='true' data-av_icon='\ue84b' data-av_iconfont='entypo-fontello'><\/span><span class='avia_iconbox_title' >Ouvrir le Formulaire en ligne<\/span><\/a><\/div>\n<p>ou bien t\u00e9l\u00e9charger le formulaire au format PDF pour nous l&rsquo;envoyer par email ou par courrier :<\/p>\n<div class='avia-button-wrap avia-button-center  avia-builder-el-1  el_after_av_button  avia-builder-el-last  '><a href='http:\/\/port-heraclea.fr\/wp-content\/uploads\/2025\/02\/Imprime-LA-2025.pdf'  class='avia-button   0 avia-icon_select-yes-left-icon avia-color-theme-color avia-size-small avia-position-center '   ><span class='avia_button_icon avia_button_icon_left ' aria-hidden='true' data-av_icon='\ue82d' data-av_iconfont='entypo-fontello'><\/span><span class='avia_iconbox_title' >Click me<\/span><\/a><\/div>\n<p>&nbsp;<\/p>\n<p>&nbsp;<\/p>\n","protected":false},"excerpt":{"rendered":"<p>Renouvellement inscription liste attente 2025 (ouvert) Il est n\u00e9cessaire de renouveler tous les ans votre inscription en Liste d&rsquo;Attente entre le 1er et le 31 octobre. Munissez vous de votre num\u00e9ro d&rsquo;enregistrement (qui vous a \u00e9t\u00e9 envoy\u00e9 par email ou que vous pouvez nous redemander en contactant les services administratifs du Port Heraclea) et remplissez [&hellip;]<\/p>\n","protected":false},"author":4,"featured_media":0,"parent":0,"menu_order":0,"comment_status":"closed","ping_status":"closed","template":"","meta":{"_exactmetrics_skip_tracking":false,"_exactmetrics_sitenote_active":false,"_exactmetrics_sitenote_note":"","_exactmetrics_sitenote_category":0,"footnotes":""},"class_list":["post-2656","page","type-page","status-publish","hentry"],"_links":{"self":[{"href":"https:\/\/port-heraclea.fr\/index.php\/wp-json\/wp\/v2\/pages\/2656","targetHints":{"allow":["GET"]}}],"collection":[{"href":"https:\/\/port-heraclea.fr\/index.php\/wp-json\/wp\/v2\/pages"}],"about":[{"href":"https:\/\/port-heraclea.fr\/index.php\/wp-json\/wp\/v2\/types\/page"}],"author":[{"embeddable":true,"href":"https:\/\/port-heraclea.fr\/index.php\/wp-json\/wp\/v2\/users\/4"}],"replies":[{"embeddable":true,"href":"https:\/\/port-heraclea.fr\/index.php\/wp-json\/wp\/v2\/comments?post=2656"}],"version-history":[{"count":15,"href":"https:\/\/port-heraclea.fr\/index.php\/wp-json\/wp\/v2\/pages\/2656\/revisions"}],"predecessor-version":[{"id":4177,"href":"https:\/\/port-heraclea.fr\/index.php\/wp-json\/wp\/v2\/pages\/2656\/revisions\/4177"}],"wp:attachment":[{"href":"https:\/\/port-heraclea.fr\/index.php\/wp-json\/wp\/v2\/media?parent=2656"}],"curies":[{"name":"wp","href":"https:\/\/api.w.org\/{rel}","templated":true}]}}