{"id":274,"date":"2020-04-03T10:18:33","date_gmt":"2020-04-03T08:18:33","guid":{"rendered":"http:\/\/port-heraclea.fr\/?page_id=274"},"modified":"2026-03-09T11:49:13","modified_gmt":"2026-03-09T10:49:13","slug":"plan-du-port","status":"publish","type":"page","link":"https:\/\/port-heraclea.fr\/index.php\/informations\/plan-du-port\/","title":{"rendered":"Plans du port"},"content":{"rendered":"<div id='av_section_1' class='avia-section main_color avia-section-default avia-no-border-styling av-parallax-section avia-bg-style-parallax  avia-builder-el-0  el_before_av_heading  avia-builder-el-first    av-minimum-height av-minimum-height-50  container_wrap fullsize' style=' '  data-section-bg-repeat='no-repeat' data-av_minimum_height_pc='50'><div class='av-parallax' data-avia-parallax-ratio='0.3' ><div class='av-parallax-inner main_color  avia-full-stretch' style = 'background-repeat: no-repeat; background-image: url(https:\/\/port-heraclea.fr\/wp-content\/uploads\/2020\/04\/28102015-_DSC1636-3-scaled.jpg);background-attachment: scroll; background-position: bottom right; ' ><\/div><\/div><div class='container' ><main  role=\"main\" itemprop=\"mainContentOfPage\"  class='template-page content  av-content-full alpha units'><div class='post-entry post-entry-type-page post-entry-274'><div class='entry-content-wrapper clearfix'>\n<div style='padding-bottom:10px; color:#ffffff;font-size:70px;' class='av-special-heading av-special-heading-h3 custom-color-heading blockquote modern-quote modern-centered  avia-builder-el-1  avia-builder-el-no-sibling   av-inherit-size '><h3 class='av-special-heading-tag '  itemprop=\"headline\"  >Plan du port<\/h3><div class='special-heading-border'><div class='special-heading-inner-border' style='border-color:#ffffff'><\/div><\/div><\/div>\n<\/div><\/div><\/main><!-- close content main element --><\/div><\/div><div id='after_section_1' class='main_color av_default_container_wrap container_wrap fullsize' style=' '  ><div class='container' ><div class='template-page content  av-content-full alpha units'><div class='post-entry post-entry-type-page post-entry-274'><div class='entry-content-wrapper clearfix'>\n<div style='padding-bottom:10px; ' class='av-special-heading av-special-heading-h2    avia-builder-el-2  el_after_av_section  el_before_av_textblock  avia-builder-el-first   '><h2 class='av-special-heading-tag '  itemprop=\"headline\"  >Le plan du port<\/h2><div class='special-heading-border'><div class='special-heading-inner-border' ><\/div><\/div><\/div>\n<section class=\"av_textblock_section \"  itemscope=\"itemscope\" itemtype=\"https:\/\/schema.org\/CreativeWork\" ><div class='avia_textblock  '   itemprop=\"text\" ><p>Compte tenu de l&rsquo;\u00e9volution du plan d&rsquo;eau depuis 2018, les plans du port sont amen\u00e9s \u00e0 changer tout au long du projet de r\u00e9am\u00e9nagement portuaire Ecobleu \u00e0 mesure que les travaux avancent.<\/p>\n<p><strong>Nous y voil\u00e0, le port a commenc\u00e9 sa m\u00e9tamorphose. Le plan des places va \u00eatre totalement revu pour l&rsquo;ann\u00e9e 2026.<\/strong><\/p>\n<p>A mesure que les travaux du projet seront r\u00e9alis\u00e9s, nous mettrons en ligne les plans mis \u00e0 jour jusqu&rsquo;\u00e0 la fin des travaux, estim\u00e9e pour 2028. Veuillez prendre connaissance des modifications qui peuvent impacter la num\u00e9rotation et le positionnement des contrats d&rsquo;occupation pour l&rsquo;ann\u00e9e 2026.<\/p>\n<p>Vous pouvez \u00e9galement lire notre article donnant <a href=\"http:\/\/port-heraclea.fr\/index.php\/2020\/07\/13\/comprendre-la-nouvelle-numerotation-des-places\/\">plus d&rsquo;explications sur la nouvelle num\u00e9rotation<\/a><\/p>\n<\/div><\/section>\n<div class='avia-button-wrap avia-button-center  avia-builder-el-4  el_after_av_textblock  el_before_av_hr  '><a href='http:\/\/port-heraclea.fr\/wp-content\/uploads\/2026\/03\/Plan-de-mouillage-Cavalaire-Ecobleuv2026.pdf'  class='avia-button   avia-icon_select-yes-left-icon avia-color-theme-color avia-size-large avia-position-center '  target=\"_blank\"   ><span class='avia_button_icon avia_button_icon_left ' aria-hidden='true' data-av_icon='\ue86c' data-av_iconfont='entypo-fontello'><\/span><span class='avia_iconbox_title' >Cliquer ici pour t\u00e9l\u00e9charger le plan du port version 2026 en phase travaux<\/span><\/a><\/div>\n<div  class='hr hr-default   avia-builder-el-5  el_after_av_button  el_before_av_notification '><span class='hr-inner ' ><span class='hr-inner-style'><\/span><\/span><\/div>\n<div id='avia-messagebox-' class='avia_message_box  avia-color-red avia-size-large avia-icon_select-yes avia-border-solid  avia-builder-el-6  el_after_av_hr  el_before_av_hr  '><span class='avia_message_box_title' >Note<\/span><div class='avia_message_box_content' ><span class='avia_message_box_icon' aria-hidden='true' data-av_icon='\ue83e' data-av_iconfont='entypo-fontello'><\/span><p>Attention, le lien de t\u00e9l\u00e9chargement ci-dessous pr\u00e9sente la version future du port une fois les travaux r\u00e9alis\u00e9s dans le cadre du Projet Ecobleu<\/p>\n<\/div><\/div>\n<div style='height:20px' class='hr hr-invisible   avia-builder-el-7  el_after_av_notification  el_before_av_heading  '><span class='hr-inner ' ><span class='hr-inner-style'><\/span><\/span><\/div>\n<div style='padding-bottom:10px; ' class='av-special-heading av-special-heading-h3  blockquote modern-quote modern-centered  avia-builder-el-8  el_after_av_hr  el_before_av_hr   '><h3 class='av-special-heading-tag '  itemprop=\"headline\"  >Futur plan une fois les travaux du projet Ecobleu termin\u00e9s (nouvelle version)<\/h3><div class='special-heading-border'><div class='special-heading-inner-border' ><\/div><\/div><\/div>\n<div style='height:20px' class='hr hr-invisible   avia-builder-el-9  el_after_av_heading  el_before_av_button  '><span class='hr-inner ' ><span class='hr-inner-style'><\/span><\/span><\/div>\n<div class='avia-button-wrap avia-button-center  avia-builder-el-10  el_after_av_hr  avia-builder-el-last  '><a href='http:\/\/port-heraclea.fr\/wp-content\/uploads\/2025\/03\/Plan_ProjetEcobleu.jpg'  class='avia-button   avia-icon_select-yes-left-icon avia-color-theme-color avia-size-large avia-position-center '  target=\"_blank\"   ><span class='avia_button_icon avia_button_icon_left ' aria-hidden='true' data-av_icon='\ue86c' data-av_iconfont='entypo-fontello'><\/span><span class='avia_iconbox_title' >Cliquez ici pour le t\u00e9l\u00e9charger<\/span><\/a><\/div>\n","protected":false},"excerpt":{"rendered":"","protected":false},"author":4,"featured_media":0,"parent":68,"menu_order":5,"comment_status":"closed","ping_status":"closed","template":"","meta":{"_exactmetrics_skip_tracking":false,"_exactmetrics_sitenote_active":false,"_exactmetrics_sitenote_note":"","_exactmetrics_sitenote_category":0,"footnotes":""},"class_list":["post-274","page","type-page","status-publish","hentry"],"_links":{"self":[{"href":"https:\/\/port-heraclea.fr\/index.php\/wp-json\/wp\/v2\/pages\/274","targetHints":{"allow":["GET"]}}],"collection":[{"href":"https:\/\/port-heraclea.fr\/index.php\/wp-json\/wp\/v2\/pages"}],"about":[{"href":"https:\/\/port-heraclea.fr\/index.php\/wp-json\/wp\/v2\/types\/page"}],"author":[{"embeddable":true,"href":"https:\/\/port-heraclea.fr\/index.php\/wp-json\/wp\/v2\/users\/4"}],"replies":[{"embeddable":true,"href":"https:\/\/port-heraclea.fr\/index.php\/wp-json\/wp\/v2\/comments?post=274"}],"version-history":[{"count":41,"href":"https:\/\/port-heraclea.fr\/index.php\/wp-json\/wp\/v2\/pages\/274\/revisions"}],"predecessor-version":[{"id":4419,"href":"https:\/\/port-heraclea.fr\/index.php\/wp-json\/wp\/v2\/pages\/274\/revisions\/4419"}],"up":[{"embeddable":true,"href":"https:\/\/port-heraclea.fr\/index.php\/wp-json\/wp\/v2\/pages\/68"}],"wp:attachment":[{"href":"https:\/\/port-heraclea.fr\/index.php\/wp-json\/wp\/v2\/media?parent=274"}],"curies":[{"name":"wp","href":"https:\/\/api.w.org\/{rel}","templated":true}]}}