{"id":33,"date":"2020-03-27T17:12:31","date_gmt":"2020-03-27T16:12:31","guid":{"rendered":"http:\/\/port-heraclea.fr\/?page_id=33"},"modified":"2025-12-30T16:45:32","modified_gmt":"2025-12-30T15:45:32","slug":"tarifs","status":"publish","type":"page","link":"https:\/\/port-heraclea.fr\/index.php\/tarifs\/","title":{"rendered":"Tarifs"},"content":{"rendered":"<div id='av_section_1' class='avia-section main_color avia-section-default avia-no-border-styling av-parallax-section avia-bg-style-parallax  avia-builder-el-0  el_before_av_textblock  avia-builder-el-first    av-minimum-height av-minimum-height-50  container_wrap fullsize' style=' '  data-section-bg-repeat='no-repeat' data-av_minimum_height_pc='50'><div class='av-parallax' data-avia-parallax-ratio='0.3' ><div class='av-parallax-inner main_color  avia-full-stretch' style = 'background-repeat: no-repeat; background-image: url(https:\/\/port-heraclea.fr\/wp-content\/uploads\/2020\/04\/28102015-_DSC1566-2-scaled.jpg);background-attachment: scroll; background-position: center left; ' ><\/div><\/div><div class='container' ><main  role=\"main\" itemprop=\"mainContentOfPage\"  class='template-page content  av-content-full alpha units'><div class='post-entry post-entry-type-page post-entry-33'><div class='entry-content-wrapper clearfix'><div style='padding-bottom:10px; color:#ffffff;font-size:70px;' class='av-special-heading av-special-heading-h3 custom-color-heading blockquote modern-quote modern-centered  avia-builder-el-1  avia-builder-el-no-sibling   av-inherit-size '><h3 class='av-special-heading-tag '  itemprop=\"headline\"  >Les tarifs<\/h3><div class='special-heading-border'><div class='special-heading-inner-border' style='border-color:#ffffff'><\/div><\/div><\/div><\/div><\/div><\/main><!-- close content main element --><\/div><\/div><div id='after_section_1' class='main_color av_default_container_wrap container_wrap fullsize' style=' '  ><div class='container' ><div class='template-page content  av-content-full alpha units'><div class='post-entry post-entry-type-page post-entry-33'><div class='entry-content-wrapper clearfix'>\r\n<section class=\"av_textblock_section \"  itemscope=\"itemscope\" itemtype=\"https:\/\/schema.org\/CreativeWork\" ><div class='avia_textblock  '   itemprop=\"text\" ><p><!-- \/wp:post-content --><\/p>\n<blockquote>\n<p>Une bonne nouvelle pour l&rsquo;ann\u00e9e 2026 : aucune augmentation de nos tarifs, ils sont identiques \u00e0 2025!<\/p>\n<\/blockquote>\n<p>Conform\u00e9ment \u00e0 l&rsquo;engagement pris par le Conseil d&rsquo;Administration de la SPL PORT HERACLEA, les tarifs n&rsquo;augmentent pas en 2026 et ne devraient pas non plus augmenter en 2027.<\/p>\n<p><!-- \/wp:paragraph --><\/p>\n<p><!-- \/wp:paragraph --><\/p>\n<\/div><\/section>\r\n<div style='padding-bottom:10px; ' class='av-special-heading av-special-heading-h2    avia-builder-el-3  el_after_av_textblock  el_before_av_heading   '><h2 class='av-special-heading-tag '  itemprop=\"headline\"  >Tarifs 2026<\/h2><div class='special-heading-border'><div class='special-heading-inner-border' ><\/div><\/div><\/div>\r\n<div style='padding-bottom:10px; ' class='av-special-heading av-special-heading-h3  blockquote modern-quote modern-centered  avia-builder-el-4  el_after_av_heading  el_before_av_button   '><h3 class='av-special-heading-tag '  itemprop=\"headline\"  >Tarifs 2026 des locations de postes \u00e0 quai <\/h3><div class='special-heading-border'><div class='special-heading-inner-border' ><\/div><\/div><\/div>\r\n<div class='avia-button-wrap avia-button-center  avia-builder-el-5  el_after_av_heading  el_before_av_heading  '><a href='http:\/\/port-heraclea.fr\/wp-content\/uploads\/2025\/12\/Tarifs-locations-Poste_a_quai-2026-1.pdf'  class='avia-button av-icon-on-hover  avia-icon_select-yes-left-icon avia-color-theme-color avia-size-medium avia-position-center '  target=\"_blank\"   ><span class='avia_button_icon avia_button_icon_left ' aria-hidden='true' data-av_icon='\ue86c' data-av_iconfont='entypo-fontello'><\/span><span class='avia_iconbox_title' >Cliquez ici pour t\u00e9l\u00e9charger<\/span><\/a><\/div>\r\n<div style='padding-bottom:10px; ' class='av-special-heading av-special-heading-h3  blockquote modern-quote modern-centered  avia-builder-el-6  el_after_av_button  el_before_av_button   '><h3 class='av-special-heading-tag '  itemprop=\"headline\"  >Tarif des frais de gestion relatifs aux garanties d\u2019usage<\/h3><div class='special-heading-border'><div class='special-heading-inner-border' ><\/div><\/div><\/div>\r\n<div class='avia-button-wrap avia-button-center  avia-builder-el-7  el_after_av_heading  el_before_av_heading  '><a href='http:\/\/port-heraclea.fr\/wp-content\/uploads\/2025\/12\/Tarifs_redevance_GU_2026-1.pdf'  class='avia-button av-icon-on-hover  avia-icon_select-yes-left-icon avia-color-theme-color avia-size-medium avia-position-center '  target=\"_blank\"   ><span class='avia_button_icon avia_button_icon_left ' aria-hidden='true' data-av_icon='\ue86c' data-av_iconfont='entypo-fontello'><\/span><span class='avia_iconbox_title' >Cliquez ici pour t\u00e9l\u00e9charger<\/span><\/a><\/div>\r\n<div style='padding-bottom:10px; ' class='av-special-heading av-special-heading-h3  blockquote modern-quote modern-centered  avia-builder-el-8  el_after_av_button  el_before_av_button   '><h3 class='av-special-heading-tag '  itemprop=\"headline\"  >Tarif d\u2018occupation de l\u2019aire de car\u00e9nage<\/h3><div class='special-heading-border'><div class='special-heading-inner-border' ><\/div><\/div><\/div>\r\n<div class='avia-button-wrap avia-button-center  avia-builder-el-9  el_after_av_heading  el_before_av_heading  '><a href='http:\/\/port-heraclea.fr\/wp-content\/uploads\/2025\/12\/Tarifs_carenage_2026-1.pdf'  class='avia-button av-icon-on-hover  avia-icon_select-yes-left-icon avia-color-theme-color avia-size-medium avia-position-center '  target=\"_blank\"   ><span class='avia_button_icon avia_button_icon_left ' aria-hidden='true' data-av_icon='\ue86c' data-av_iconfont='entypo-fontello'><\/span><span class='avia_iconbox_title' >Cliquez ici pour t\u00e9l\u00e9charger<\/span><\/a><\/div>\r\n<div style='padding-bottom:10px; ' class='av-special-heading av-special-heading-h3  blockquote modern-quote modern-centered  avia-builder-el-10  el_after_av_button  el_before_av_button   '><h3 class='av-special-heading-tag '  itemprop=\"headline\"  >Tarif d\u2018occupation de l\u2019aire de stockage<\/h3><div class='special-heading-border'><div class='special-heading-inner-border' ><\/div><\/div><\/div>\r\n<div class='avia-button-wrap avia-button-center  avia-builder-el-11  el_after_av_heading  el_before_av_heading  '><a href='http:\/\/port-heraclea.fr\/wp-content\/uploads\/2025\/12\/Tarifs_aire_stockage_2026-1.pdf'  class='avia-button av-icon-on-hover  avia-icon_select-yes-left-icon avia-color-theme-color avia-size-medium avia-position-center '  target=\"_blank\"   ><span class='avia_button_icon avia_button_icon_left ' aria-hidden='true' data-av_icon='\ue86c' data-av_iconfont='entypo-fontello'><\/span><span class='avia_iconbox_title' >Cliquez ici pour t\u00e9l\u00e9charger<\/span><\/a><\/div>\r\n<div style='padding-bottom:10px; ' class='av-special-heading av-special-heading-h3  blockquote modern-quote modern-centered  avia-builder-el-12  el_after_av_button  el_before_av_button   '><h3 class='av-special-heading-tag '  itemprop=\"headline\"  >Tarif des douches et interventions diverses<\/h3><div class='special-heading-border'><div class='special-heading-inner-border' ><\/div><\/div><\/div>\r\n<div class='avia-button-wrap avia-button-center  avia-builder-el-13  el_after_av_heading  el_before_av_heading  '><a href='http:\/\/port-heraclea.fr\/wp-content\/uploads\/2025\/12\/Tarifs_interventions_2026-1.pdf'  class='avia-button   avia-icon_select-yes-left-icon avia-color-theme-color avia-size-small avia-position-center '   ><span class='avia_button_icon avia_button_icon_left ' aria-hidden='true' data-av_icon='\ue82d' data-av_iconfont='entypo-fontello'><\/span><span class='avia_iconbox_title' >Cliquez sur moi<\/span><\/a><\/div>\r\n<div style='padding-bottom:10px; ' class='av-special-heading av-special-heading-h3  blockquote modern-quote modern-centered  avia-builder-el-14  el_after_av_button  el_before_av_button   '><h3 class='av-special-heading-tag '  itemprop=\"headline\"  >Tarif des locations de bou\u00e9es de Mouillage<\/h3><div class='special-heading-border'><div class='special-heading-inner-border' ><\/div><\/div><\/div>\r\n<div class='avia-button-wrap avia-button-center  avia-builder-el-15  el_after_av_heading  el_before_av_heading  '><a href='http:\/\/port-heraclea.fr\/wp-content\/uploads\/2025\/12\/Tarifs_ZMO_2026-1.pdf'  class='avia-button av-icon-on-hover  avia-icon_select-yes-left-icon avia-color-theme-color avia-size-medium avia-position-center '  target=\"_blank\"   ><span class='avia_button_icon avia_button_icon_left ' aria-hidden='true' data-av_icon='\ue86c' data-av_iconfont='entypo-fontello'><\/span><span class='avia_iconbox_title' >Cliquez ici pour t\u00e9l\u00e9charger<\/span><\/a><\/div>\r\n<div style='padding-bottom:10px; ' class='av-special-heading av-special-heading-h3  blockquote modern-quote modern-centered  avia-builder-el-16  el_after_av_button  el_before_av_button   '><h3 class='av-special-heading-tag '  itemprop=\"headline\"  >Redevances d\u2019occupation du Domaine Portuaire<\/h3><div class='special-heading-border'><div class='special-heading-inner-border' ><\/div><\/div><\/div>\r\n<div class='avia-button-wrap avia-button-center  avia-builder-el-17  el_after_av_heading  el_before_av_heading  '><a href='http:\/\/port-heraclea.fr\/wp-content\/uploads\/2025\/12\/Tarifs_OccupationDPM_2026-1.pdf'  class='avia-button av-icon-on-hover  avia-icon_select-yes-left-icon avia-color-theme-color avia-size-medium avia-position-center '  target=\"_blank\"   ><span class='avia_button_icon avia_button_icon_left ' aria-hidden='true' data-av_icon='\ue86c' data-av_iconfont='entypo-fontello'><\/span><span class='avia_iconbox_title' >Cliquez ici pour t\u00e9l\u00e9charger<\/span><\/a><\/div>\r\n<div style='padding-bottom:10px; ' class='av-special-heading av-special-heading-h3  blockquote modern-quote modern-centered  avia-builder-el-18  el_after_av_button  el_before_av_button   '><h3 class='av-special-heading-tag '  itemprop=\"headline\"  >Redevances d\u2019occupation des garages digue Est<\/h3><div class='special-heading-border'><div class='special-heading-inner-border' ><\/div><\/div><\/div>\r\n<div class='avia-button-wrap avia-button-center  avia-builder-el-19  el_after_av_heading  el_before_av_textblock  '><a href='http:\/\/port-heraclea.fr\/wp-content\/uploads\/2025\/12\/Tarifs_garages_digueEst_2026-1.pdf'  class='avia-button av-icon-on-hover  avia-icon_select-yes-left-icon avia-color-theme-color avia-size-medium avia-position-center '  target=\"_blank\"   ><span class='avia_button_icon avia_button_icon_left ' aria-hidden='true' data-av_icon='\ue86c' data-av_iconfont='entypo-fontello'><\/span><span class='avia_iconbox_title' >Cliquez ici pour t\u00e9l\u00e9charger<\/span><\/a><\/div>\r\n<section class=\"av_textblock_section \"  itemscope=\"itemscope\" itemtype=\"https:\/\/schema.org\/CreativeWork\" ><div class='avia_textblock  '   itemprop=\"text\" ><p><!-- \/wp:paragraph --><\/p>\n<p style=\"text-align: center;\"><!-- wp:paragraph -->La taxe de s\u00e9jour est applicable pour les locations inf\u00e9rieures \u00e0 7 jours.<\/p>\n<p style=\"text-align: left;\"><strong>Les honoraires de gestion pour 2026 sont :<\/strong><\/p>\n<ul>\n<li style=\"text-align: left;\">20% du montant de l&rsquo;avoir \u00e9mis pour les indemnit\u00e9s de non-occupations des emplacements<\/li>\n<li style=\"text-align: left;\">6% du montant de la Garantie d&rsquo;Usage pour les frais de reprise<\/li>\n<\/ul>\n<p><strong>Les remises et aides pour 2026 pour les forfaits annuels et garanties d&rsquo;usage :<\/strong><\/p>\n<ul>\n<li>-25% de remise sur les charges annuelles (Challenge 15 sorties entre le 01\/01 au 15\/04 et entre le 01\/10 et le 31\/12 + 50\u20ac de frais d&rsquo;inscription)<\/li>\n<li>&#8211; 25% de remise sur les charges annuelles pendant la p\u00e9riode des travaux \u00ab\u00a0Ecobleu\u00a0\u00bb pour une sortie du bateau en continu entre le 01\/01 au 15\/04 et entre le 01\/10 et le 31\/12 (remise non cumulable avec le Challenge des 15 sorties et ne permet pas de b\u00e9n\u00e9ficier de reversements d&rsquo;indemnit\u00e9s de non occupations sur une occupation de l&#8217;emplacement pendant l&rsquo;absence du bateau)<\/li>\n<\/ul>\n<p><!-- \/wp:paragraph --><\/p>\n<p><!-- \/wp:paragraph --><\/p>\n<\/div><\/section>\r\n<div  class='hr hr-default   avia-builder-el-21  el_after_av_textblock  el_before_av_textblock '><span class='hr-inner ' ><span class='hr-inner-style'><\/span><\/span><\/div>\r\n<section class=\"av_textblock_section \"  itemscope=\"itemscope\" itemtype=\"https:\/\/schema.org\/CreativeWork\" ><div class='avia_textblock  '   itemprop=\"text\" ><\/div><\/section>","protected":false},"excerpt":{"rendered":"","protected":false},"author":4,"featured_media":0,"parent":0,"menu_order":2,"comment_status":"closed","ping_status":"closed","template":"","meta":{"_exactmetrics_skip_tracking":false,"_exactmetrics_sitenote_active":false,"_exactmetrics_sitenote_note":"","_exactmetrics_sitenote_category":0,"footnotes":""},"class_list":["post-33","page","type-page","status-publish","hentry"],"_links":{"self":[{"href":"https:\/\/port-heraclea.fr\/index.php\/wp-json\/wp\/v2\/pages\/33","targetHints":{"allow":["GET"]}}],"collection":[{"href":"https:\/\/port-heraclea.fr\/index.php\/wp-json\/wp\/v2\/pages"}],"about":[{"href":"https:\/\/port-heraclea.fr\/index.php\/wp-json\/wp\/v2\/types\/page"}],"author":[{"embeddable":true,"href":"https:\/\/port-heraclea.fr\/index.php\/wp-json\/wp\/v2\/users\/4"}],"replies":[{"embeddable":true,"href":"https:\/\/port-heraclea.fr\/index.php\/wp-json\/wp\/v2\/comments?post=33"}],"version-history":[{"count":72,"href":"https:\/\/port-heraclea.fr\/index.php\/wp-json\/wp\/v2\/pages\/33\/revisions"}],"predecessor-version":[{"id":4250,"href":"https:\/\/port-heraclea.fr\/index.php\/wp-json\/wp\/v2\/pages\/33\/revisions\/4250"}],"wp:attachment":[{"href":"https:\/\/port-heraclea.fr\/index.php\/wp-json\/wp\/v2\/media?parent=33"}],"curies":[{"name":"wp","href":"https:\/\/api.w.org\/{rel}","templated":true}]}}