{"id":37,"date":"2020-03-27T17:13:51","date_gmt":"2020-03-27T16:13:51","guid":{"rendered":"http:\/\/port-heraclea.fr\/?page_id=37"},"modified":"2025-09-30T14:43:28","modified_gmt":"2025-09-30T12:43:28","slug":"demandes-et-inscriptions","status":"publish","type":"page","link":"https:\/\/port-heraclea.fr\/index.php\/demandes-et-inscriptions\/","title":{"rendered":"Demandes et inscriptions"},"content":{"rendered":"<div id='av_section_1' class='avia-section main_color avia-section-default avia-no-border-styling av-parallax-section avia-bg-style-parallax  avia-builder-el-0  el_before_av_heading  avia-builder-el-first    av-minimum-height av-minimum-height-50  container_wrap fullsize' style=' '  data-section-bg-repeat='no-repeat' data-av_minimum_height_pc='50'><div class='av-parallax' data-avia-parallax-ratio='0.3' ><div class='av-parallax-inner main_color  avia-full-stretch' style = 'background-repeat: no-repeat; background-image: url(https:\/\/port-heraclea.fr\/wp-content\/uploads\/2020\/04\/28102015-_DSC1650-3-scaled.jpg);background-attachment: scroll; background-position: bottom left; ' ><\/div><\/div><div class='container' ><main  role=\"main\" itemprop=\"mainContentOfPage\"  class='template-page content  av-content-full alpha units'><div class='post-entry post-entry-type-page post-entry-37'><div class='entry-content-wrapper clearfix'><div style='padding-bottom:10px; color:#ffffff;font-size:70px;' class='av-special-heading av-special-heading-h3 custom-color-heading blockquote modern-quote modern-centered  avia-builder-el-1  avia-builder-el-no-sibling   av-inherit-size '><h3 class='av-special-heading-tag '  itemprop=\"headline\"  >Demandes et inscriptions<\/h3><div class='special-heading-border'><div class='special-heading-inner-border' style='border-color:#ffffff'><\/div><\/div><\/div><\/div><\/div><\/main><!-- close content main element --><\/div><\/div><div id='after_section_1' class='main_color av_default_container_wrap container_wrap fullsize' style=' '  ><div class='container' ><div class='template-page content  av-content-full alpha units'><div class='post-entry post-entry-type-page post-entry-37'><div class='entry-content-wrapper clearfix'>\r\n<div style='padding-bottom:10px; ' class='av-special-heading av-special-heading-h2    avia-builder-el-2  el_after_av_section  el_before_av_textblock  avia-builder-el-first   '><h2 class='av-special-heading-tag '  itemprop=\"headline\"  >Contrats saisonniers<\/h2><div class='special-heading-border'><div class='special-heading-inner-border' ><\/div><\/div><\/div>\r\n<section class=\"av_textblock_section \"  itemscope=\"itemscope\" itemtype=\"https:\/\/schema.org\/CreativeWork\" ><div class='avia_textblock  '   itemprop=\"text\" ><p><!-- \/wp:post-content --><\/p>\n<p><!-- wp:heading --><\/p>\n<p><!-- \/wp:heading --><\/p>\n<p><!-- wp:paragraph --><\/p>\n<p><!-- \/wp:paragraph --><\/p>\n<p><!-- wp:paragraph -->Les contrats saisonniers concernent les occupations inf\u00e9rieures \u00e0 12 mois soumises \u00e0 des contrats qui vous seront envoy\u00e9s apr\u00e8s avoir fait une demande de r\u00e9servation.<\/p>\n<p><!-- \/wp:paragraph --><\/p>\n<p><!-- wp:paragraph -->Pour toute demande de r\u00e9servation, merci de bien vouloir remplir le formulaire et nous le retourner par courrier ou par e-mail \u00e0 l&rsquo;adresse suivante : reservation@port-heraclea.fr<\/p>\n<p><a href=\"https:\/\/port-heraclea.fr\/index.php\/conditions-generales-des-contrats-de-reservations\/\">Cliquer ici pour prendre connaissance des conditions g\u00e9n\u00e9rales des contrats de r\u00e9servations des postes d&rsquo;amarrages du Port Heraclea de Cavalaire.<\/a><\/p>\n<p><!-- \/wp:paragraph --><\/p>\n<p><!-- wp:heading --><\/p>\n<p><!-- \/wp:heading --><\/p>\n<\/div><\/section>\r\n<div class='avia-button-wrap avia-button-center  avia-builder-el-4  el_after_av_textblock  el_before_av_button  '><a href='http:\/\/port-heraclea.fr\/wp-content\/uploads\/2022\/01\/2022_IMPRIME_LOCATION_FR.pdf'  class='avia-button   avia-icon_select-yes-left-icon avia-color-theme-color avia-size-medium avia-position-center '   ><span class='avia_button_icon avia_button_icon_left ' aria-hidden='true' data-av_icon='\ue86c' data-av_iconfont='entypo-fontello'><\/span><span class='avia_iconbox_title' >T\u00e9l\u00e9charger le formulaire demande saisonni\u00e8re<\/span><\/a><\/div>\r\n<div class='avia-button-wrap avia-button-center  avia-builder-el-5  el_after_av_button  el_before_av_hr  '><a href='http:\/\/port-heraclea.fr\/wp-content\/uploads\/2022\/01\/2022_IMPRIME_LOCATION_ENG.pdf'  class='avia-button   avia-icon_select-yes-left-icon avia-color-theme-color avia-size-medium avia-position-center '   ><span class='avia_button_icon avia_button_icon_left ' aria-hidden='true' data-av_icon='\ue86c' data-av_iconfont='entypo-fontello'><\/span><span class='avia_iconbox_title' >Download the seasonal booking form (english version)<\/span><\/a><\/div>\r\n<div style='height:30px' class='hr hr-invisible   avia-builder-el-6  el_after_av_button  el_before_av_textblock  '><span class='hr-inner ' ><span class='hr-inner-style'><\/span><\/span><\/div>\r\n<section class=\"av_textblock_section \"  itemscope=\"itemscope\" itemtype=\"https:\/\/schema.org\/CreativeWork\" ><div class='avia_textblock  '   itemprop=\"text\" ><p><span style=\"font-size: 24pt;\"><strong><span style=\"font-family: helvetica, arial, sans-serif;\">Inscriptions en Liste d&rsquo;Attente :<\/span><\/strong><\/span><\/p>\n<\/div><\/section>\r\n<div style='padding-bottom:10px; ' class='av-special-heading av-special-heading-h2    avia-builder-el-8  el_after_av_textblock  el_before_av_textblock   '><h2 class='av-special-heading-tag '  itemprop=\"headline\"  >Garantie d\u2019Usage<\/h2><div class='special-heading-border'><div class='special-heading-inner-border' ><\/div><\/div><\/div>\r\n<section class=\"av_textblock_section \"  itemscope=\"itemscope\" itemtype=\"https:\/\/schema.org\/CreativeWork\" ><div class='avia_textblock  '   itemprop=\"text\" ><p><!-- \/wp:heading --><\/p>\n<p><!-- wp:paragraph -->La commercialisation de nouvelles garanties d&rsquo;usage (dans le cadre du projet de r\u00e9am\u00e9nagement des infrastructures portuaires et du projet EcoBleu) qui a eu le entre 2018 et 2019 est d\u00e9sormais termin\u00e9e. Depuis le 01\/01\/2020, toute demande pour un contrat de garantie d&rsquo;usage devra \u00eatre faite par un formulaire pour vous inscrire en liste d&rsquo;attente.<\/p>\n<p>D&rsquo;autre part, tant que le projet Ecobleu et les travaux qui y sont associ\u00e9s ne seront pas compl\u00e8tement termin\u00e9s, il n&rsquo;y aura pas de nouvelle commercialisation.<\/p>\n<p><strong>Le renouvellement devra imp\u00e9rativement \u00eatre fait tous les ans (\u00e0 renvoyer entre le 1er et le 31 octobre) avec le formulaire pr\u00e9vu \u00e0 cet effet (\u00e0 t\u00e9l\u00e9charger ci-dessous) ou en remplissant le formulaire en ligne (<a href=\"https:\/\/forms.gle\/MZaYnaF6E48X1JvQ9\">cliquer ici pour acc\u00e9der au formulaire de renouvellement)<\/a>.<\/strong><\/p>\n<\/div><\/section>\r\n<div class='avia-button-wrap avia-button-center  avia-builder-el-10  el_after_av_textblock  el_before_av_button  '><a href='http:\/\/port-heraclea.fr\/wp-content\/uploads\/2025\/02\/Imprime-LA-2025.pdf'  class='avia-button   avia-icon_select-yes-left-icon avia-color-theme-color avia-size-medium avia-position-center '   ><span class='avia_button_icon avia_button_icon_left ' aria-hidden='true' data-av_icon='\ue86c' data-av_iconfont='entypo-fontello'><\/span><span class='avia_iconbox_title' >T\u00e9l\u00e9charger le formulaire papier d\u2019inscription ou renouvellement<\/span><\/a><\/div>\r\n<div class='avia-button-wrap avia-button-center  avia-builder-el-11  el_after_av_button  el_before_av_heading  '><a href='https:\/\/forms.gle\/MZaYnaF6E48X1JvQ9'  class='avia-button   avia-icon_select-yes-left-icon avia-color-theme-color avia-size-medium avia-position-center '   ><span class='avia_button_icon avia_button_icon_left ' aria-hidden='true' data-av_icon='\ue84c' data-av_iconfont='entypo-fontello'><\/span><span class='avia_iconbox_title' >Formulaire en ligne pour le renouvellement uniquement (du 1er au 31 oct))<\/span><\/a><\/div>\r\n<div style='padding-bottom:10px; ' class='av-special-heading av-special-heading-h2    avia-builder-el-12  el_after_av_button  el_before_av_textblock   '><h2 class='av-special-heading-tag '  itemprop=\"headline\"  >Forfait Annuel<\/h2><div class='special-heading-border'><div class='special-heading-inner-border' ><\/div><\/div><\/div>\r\n<section class=\"av_textblock_section \"  itemscope=\"itemscope\" itemtype=\"https:\/\/schema.org\/CreativeWork\" ><div class='avia_textblock  '   itemprop=\"text\" ><p><!-- \/wp:paragraph --><\/p>\n<p><!-- wp:heading --><\/p>\n<p><!-- \/wp:heading --><\/p>\n<p><!-- wp:paragraph -->Depuis le 1er janvier 2020, la SPL PORT HERACLEA a ouvert une liste d&rsquo;attente pour les plaisanciers d\u00e9sirant obtenir un poste d&rsquo;amarrage avec un forfait annuel dans le Port Heraclea de Cavalaire. \u00a0Les dates et heures de r\u00e9ception des formulaires par email d\u00e9termineront le num\u00e9ro d&rsquo;inscription.<\/p>\n<p><strong>Le renouvellement devra imp\u00e9rativement \u00eatre fait tous les ans (\u00e0 renvoyer entre le 1er et le 31 octobre) avec le formulaire pr\u00e9vu \u00e0 cet effet (\u00e0 t\u00e9l\u00e9charger ci-dessous) ou en remplissant le formulaire en ligne (<a href=\"https:\/\/forms.gle\/MZaYnaF6E48X1JvQ9\">cliquer ici pour acc\u00e9der au formulaire de renouvellement)<\/a>.<\/strong><\/p>\n<p><a href=\"https:\/\/port-heraclea.fr\/index.php\/conditions-generales-des-contrats-de-reservations\/\">Cliquer ici pour prendre connaissance des conditions g\u00e9n\u00e9rales des contrats de r\u00e9servations ou d&rsquo;occupation de poste dans le Port Heraclea de Cavalaire<\/a><\/p>\n<p><!-- \/wp:paragraph --><\/p>\n<p><!-- wp:heading --><\/p>\n<p><!-- \/wp:paragraph --><\/p>\n<\/div><\/section>\r\n<div style='height:50px' class='hr hr-invisible   avia-builder-el-14  el_after_av_textblock  el_before_av_button  '><span class='hr-inner ' ><span class='hr-inner-style'><\/span><\/span><\/div>\r\n<div class='avia-button-wrap avia-button-center  avia-builder-el-15  el_after_av_hr  el_before_av_button  '><a href='http:\/\/port-heraclea.fr\/wp-content\/uploads\/2025\/02\/Imprime-LA-2025.pdf'  class='avia-button   avia-icon_select-yes-left-icon avia-color-theme-color avia-size-medium avia-position-center '   ><span class='avia_button_icon avia_button_icon_left ' aria-hidden='true' data-av_icon='\ue86c' data-av_iconfont='entypo-fontello'><\/span><span class='avia_iconbox_title' >T\u00e9l\u00e9charger le formulaire papier d\u2019inscription ou renouvellement<\/span><\/a><\/div>\r\n<div class='avia-button-wrap avia-button-center  avia-builder-el-16  el_after_av_button  el_before_av_textblock  '><a href='https:\/\/forms.gle\/MZaYnaF6E48X1JvQ9'  class='avia-button   avia-icon_select-yes-left-icon avia-color-theme-color avia-size-medium avia-position-center '   ><span class='avia_button_icon avia_button_icon_left ' aria-hidden='true' data-av_icon='\ue84c' data-av_iconfont='entypo-fontello'><\/span><span class='avia_iconbox_title' >Formulaire en ligne pour le renouvellement uniquement (du 1er au 31 oct)<\/span><\/a><\/div>\r\n<section class=\"av_textblock_section \"  itemscope=\"itemscope\" itemtype=\"https:\/\/schema.org\/CreativeWork\" ><div class='avia_textblock  '   itemprop=\"text\" ><p><!-- \/wp:paragraph --><\/p>\n<p><!-- wp:heading --><\/p>\n<p><!-- \/wp:heading --><\/p>\n<p><strong>Nous vous invitons \u00e0 prendre connaissance du r\u00e8glement de gestion de la liste d&rsquo;attente.\u00a0<\/strong><\/p>\n<div class=\"page\" title=\"Page 1\">\n<div class=\"layoutArea\">\n<div class=\"column\">\n<p>Le pre\u0301sent re\u0300glement a pour objet de de\u0301finir les re\u0300gles de fonctionnement des listes d\u2019attente et des attributions de postes d\u2019amarrage au sein du Port Heraclea de Cavalaire.\u00a0Il est annexe\u0301 au re\u0300glement particulier de police du port de la Commune de Cavalaire selon la de\u0301libe\u0301ration du 01\/06\/2011. Le port de plaisance de Cavalaire compte environ 1200 postes d\u2019amarrage, variant selon les saisons, re\u0301partis entre plaisanciers a\u0300 l\u2019anne\u0301e, garanties d\u2019usage, plaisanciers saisonniers et professionnels du nautisme. Compte tenu du contexte de pe\u0301nurie de places de port dans la Re\u0301gion Sud et de la forte demande de postes a\u0300 l\u2019anne\u0301e par rapport a\u0300 la capacite\u0301 du bassin, le pre\u0301sent re\u0300glement vise a\u0300 pre\u0301ciser les modalite\u0301s d\u2019obtention d\u2019un poste d\u2019amarrage.<\/p>\n<\/div>\n<\/div>\n<\/div>\n<p><strong><a href=\"http:\/\/port-heraclea.fr\/wp-content\/uploads\/2025\/04\/Reglement_attibution_contratsv2.pdf\">cliquer ici pour t\u00e9l\u00e9charger le r\u00e8glement de gestion de la liste d&rsquo;attente<\/a>.<\/strong><\/p>\n<p><span style=\"font-family: helvetica, arial, sans-serif;\"><strong>Politique de gestion des donn\u00e9es personnelles :<\/strong><\/span><\/p>\n<p>Conform\u00e9ment \u00e0 notre politique de gestion des donn\u00e9es personnelles, la SPL PORT HERACLEA vous informe qu&rsquo;elle \u00a0traite les donn\u00e9es recueillies dans ses diff\u00e9rents formulaires pour la gestion des attributions des contrats d&rsquo;occupation temporaire sur le domaine public maritime (attribution de place selon ordre d&rsquo;inscription dans les listes d&rsquo;attente, relance par courrier, email, appels t\u00e9l\u00e9phonique pour confirmer ou annuler les \u00e9l\u00e9ments associ\u00e9s \u00e0 votre inscription en liste d&rsquo;attente).<\/p>\n<p>Pour en savoir plus sur la gestion de vos donn\u00e9es personnelles et pour exercer vos droits, reportez-vous \u00e0 la notice ci-jointe <a href=\"http:\/\/port-heraclea.fr\/index.php\/rgpd\/\">en cliquant ici (RGPD)<\/a><\/p>\n<p><!-- \/wp:paragraph --><\/p>\n<p><!-- wp:heading --><\/p>\n<p><!-- \/wp:paragraph --><\/p>\n<\/div><\/section>","protected":false},"excerpt":{"rendered":"","protected":false},"author":4,"featured_media":0,"parent":0,"menu_order":4,"comment_status":"closed","ping_status":"closed","template":"","meta":{"_exactmetrics_skip_tracking":false,"_exactmetrics_sitenote_active":false,"_exactmetrics_sitenote_note":"","_exactmetrics_sitenote_category":0,"footnotes":""},"class_list":["post-37","page","type-page","status-publish","hentry"],"_links":{"self":[{"href":"https:\/\/port-heraclea.fr\/index.php\/wp-json\/wp\/v2\/pages\/37","targetHints":{"allow":["GET"]}}],"collection":[{"href":"https:\/\/port-heraclea.fr\/index.php\/wp-json\/wp\/v2\/pages"}],"about":[{"href":"https:\/\/port-heraclea.fr\/index.php\/wp-json\/wp\/v2\/types\/page"}],"author":[{"embeddable":true,"href":"https:\/\/port-heraclea.fr\/index.php\/wp-json\/wp\/v2\/users\/4"}],"replies":[{"embeddable":true,"href":"https:\/\/port-heraclea.fr\/index.php\/wp-json\/wp\/v2\/comments?post=37"}],"version-history":[{"count":67,"href":"https:\/\/port-heraclea.fr\/index.php\/wp-json\/wp\/v2\/pages\/37\/revisions"}],"predecessor-version":[{"id":4272,"href":"https:\/\/port-heraclea.fr\/index.php\/wp-json\/wp\/v2\/pages\/37\/revisions\/4272"}],"wp:attachment":[{"href":"https:\/\/port-heraclea.fr\/index.php\/wp-json\/wp\/v2\/media?parent=37"}],"curies":[{"name":"wp","href":"https:\/\/api.w.org\/{rel}","templated":true}]}}