{"id":39,"date":"2020-03-27T17:14:55","date_gmt":"2020-03-27T16:14:55","guid":{"rendered":"http:\/\/port-heraclea.fr\/?page_id=39"},"modified":"2020-04-30T16:10:30","modified_gmt":"2020-04-30T14:10:30","slug":"equipements","status":"publish","type":"page","link":"https:\/\/port-heraclea.fr\/index.php\/services\/equipements\/","title":{"rendered":"Equipements"},"content":{"rendered":"<div id='av_section_1' class='avia-section main_color avia-section-default avia-no-border-styling av-parallax-section avia-bg-style-parallax  avia-builder-el-0  el_before_av_heading  avia-builder-el-first    av-minimum-height av-minimum-height-50  container_wrap fullsize' style=' '  data-section-bg-repeat='no-repeat' data-av_minimum_height_pc='50'><div class='av-parallax' data-avia-parallax-ratio='0.3' ><div class='av-parallax-inner main_color  avia-full-stretch' style = 'background-repeat: no-repeat; background-image: url(https:\/\/port-heraclea.fr\/wp-content\/uploads\/2020\/04\/12525305_1697995203801626_2086720727477513912_o.jpg);background-attachment: scroll; background-position: center center; ' ><\/div><\/div><div class='container' ><main  role=\"main\" itemprop=\"mainContentOfPage\"  class='template-page content  av-content-full alpha units'><div class='post-entry post-entry-type-page post-entry-39'><div class='entry-content-wrapper clearfix'><div style='padding-bottom:10px; color:#ffffff;font-size:70px;' class='av-special-heading av-special-heading-h3 custom-color-heading blockquote modern-quote modern-centered  avia-builder-el-1  avia-builder-el-no-sibling   av-inherit-size '><h3 class='av-special-heading-tag '  itemprop=\"headline\"  >Les \u00e9quipements<\/h3><div class='special-heading-border'><div class='special-heading-inner-border' style='border-color:#ffffff'><\/div><\/div><\/div><\/div><\/div><\/main><!-- close content main element --><\/div><\/div><div id='after_section_1' class='main_color av_default_container_wrap container_wrap fullsize' style=' '  ><div class='container' ><div class='template-page content  av-content-full alpha units'><div class='post-entry post-entry-type-page post-entry-39'><div class='entry-content-wrapper clearfix'>\r\n<div style='padding-bottom:10px; ' class='av-special-heading av-special-heading-h2    avia-builder-el-2  el_after_av_section  el_before_av_hr  avia-builder-el-first   '><h2 class='av-special-heading-tag '  itemprop=\"headline\"  >Liste des \u00e9quipements et services disponibles pour les plaisanciers<\/h2><div class='special-heading-border'><div class='special-heading-inner-border' ><\/div><\/div><\/div>\r\n<div style='height:70px' class='hr hr-invisible   avia-builder-el-3  el_after_av_heading  el_before_av_one_fifth  '><span class='hr-inner ' ><span class='hr-inner-style'><\/span><\/span><\/div>\r\n<div class=\"flex_column av_one_fifth  flex_column_div av-zero-column-padding first  avia-builder-el-4  el_after_av_hr  el_before_av_three_fourth  \" style='border-radius:0px; '><span class=\"av_font_icon avia_animate_when_visible avia-icon-animate  av-icon-style-border  av-no-color avia-icon-pos-center \" style=\"\"><span class='av-icon-char' style='font-size:50px;line-height:50px;width:50px;' aria-hidden='true' data-av_icon='\uf13d' data-av_iconfont='port' ><\/span><\/span><\/div>\r\n<div class=\"flex_column av_three_fourth  flex_column_div av-zero-column-padding   avia-builder-el-6  el_after_av_one_fifth  el_before_av_hr  \" style='border-radius:0px; '><p><div style='padding-bottom:10px; font-size:30px;' class='av-special-heading av-special-heading-h3  blockquote modern-quote  avia-builder-el-7  el_before_av_textblock  avia-builder-el-first   av-inherit-size '><h3 class='av-special-heading-tag '  itemprop=\"headline\"  >Infrastructures portuaires<\/h3><div class='special-heading-border'><div class='special-heading-inner-border' ><\/div><\/div><\/div><br \/>\n<section class=\"av_textblock_section \"  itemscope=\"itemscope\" itemtype=\"https:\/\/schema.org\/CreativeWork\" ><div class='avia_textblock  '   itemprop=\"text\" ><p><!-- \/wp:post-content --><\/p>\n<ul>\n<li>1100 places r\u00e9parties en 2 bassins (Est et Ouest), (dont 1015 postes permanents, 2 pontons flottants pour loueurs de bateaux)<\/li>\n<li>1 Zone de Mouillage Organis\u00e9e \u00e0 l&rsquo;ext\u00e9rieur du port.<\/li>\n<li>1 ponton d&rsquo;accueil sous la Capitainerie<\/li>\n<li>1 rampe de mise \u00e0 l&rsquo;eau gratuite bassin Ouest<\/li>\n<li>1 espace de grutage bassin Est<\/li>\n<\/ul>\n<\/div><\/section><\/p><\/div>\r\n<div  class='hr hr-default   avia-builder-el-9  el_after_av_three_fourth  el_before_av_one_fifth '><span class='hr-inner ' ><span class='hr-inner-style'><\/span><\/span><\/div>\r\n<div class=\"flex_column av_one_fifth  flex_column_div av-zero-column-padding first  avia-builder-el-10  el_after_av_hr  el_before_av_three_fourth  \" style='border-radius:0px; '><p><span class=\"av_font_icon avia_animate_when_visible avia-icon-animate  av-icon-style-border  av-no-color avia-icon-pos-center \" style=\"\"><span class='av-icon-char' style='font-size:50px;line-height:50px;width:50px;' aria-hidden='true' data-av_icon='\ue83b' data-av_iconfont='port' ><\/span><\/span><br \/>\n<div style='height:20px' class='hr hr-invisible   avia-builder-el-12  el_after_av_font_icon  el_before_av_font_icon  '><span class='hr-inner ' ><span class='hr-inner-style'><\/span><\/span><\/div><br \/>\n<span class=\"av_font_icon avia_animate_when_visible avia-icon-animate  av-icon-style-border  av-no-color avia-icon-pos-center \" style=\"\"><span class='av-icon-char' style='font-size:50px;line-height:50px;width:50px;' aria-hidden='true' data-av_icon='\uf2cc' data-av_iconfont='port' ><\/span><\/span><\/p><\/div>\r\n<div class=\"flex_column av_three_fourth  flex_column_div av-zero-column-padding   avia-builder-el-14  el_after_av_one_fifth  el_before_av_hr  \" style='border-radius:0px; '><p><div style='padding-bottom:10px; font-size:30px;' class='av-special-heading av-special-heading-h3  blockquote modern-quote  avia-builder-el-15  el_before_av_textblock  avia-builder-el-first   av-inherit-size '><h3 class='av-special-heading-tag '  itemprop=\"headline\"  >Sanitaires et laverie<\/h3><div class='special-heading-border'><div class='special-heading-inner-border' ><\/div><\/div><\/div><br \/>\n<section class=\"av_textblock_section \"  itemscope=\"itemscope\" itemtype=\"https:\/\/schema.org\/CreativeWork\" ><div class='avia_textblock  '   itemprop=\"text\" ><p><!-- \/wp:heading --><\/p>\n<p><!-- wp:paragraph -->Le Port Heraclea de Cavalaire est \u00e9quip\u00e9 de 3 espaces sanitaires \u00e0 disposition des plaisanciers : 11 toilettes et 14 douches (<strong>gratuites pour nos plaisanciers<\/strong>) situ\u00e9s sous la Capitainerie, au niveau de l&rsquo;ancien bureau du port \u00e0 gestion priv\u00e9e (bassin Est), en d\u00e9but de digue Est et sur le parking en face du Casino de Jeux.<\/p>\n<p><!-- \/wp:paragraph --><\/p>\n<p><!-- wp:paragraph -->Pendant la p\u00e9riode estivale, un service de laverie (<strong>gratuit<\/strong>) est mis \u00e0 disposition pour nos plaisanciers au niveau des sanitaires du bassin Est (se rapprocher du personnel charg\u00e9 de l&rsquo;entretien pr\u00e9sent sur place).<\/p>\n<\/div><\/section><\/p><\/div>\r\n<div  class='hr hr-default   avia-builder-el-17  el_after_av_three_fourth  el_before_av_one_fifth '><span class='hr-inner ' ><span class='hr-inner-style'><\/span><\/span><\/div>\r\n<div class=\"flex_column av_one_fifth  flex_column_div av-zero-column-padding first  avia-builder-el-18  el_after_av_hr  el_before_av_three_fourth  \" style='border-radius:0px; '><span class=\"av_font_icon avia_animate_when_visible avia-icon-animate  av-icon-style-border  av-no-color avia-icon-pos-center \" style=\"\"><span class='av-icon-char' style='font-size:50px;line-height:50px;width:50px;' aria-hidden='true' data-av_icon='\ue867' data-av_iconfont='entypo-fontello' ><\/span><\/span><\/div>\r\n<div class=\"flex_column av_three_fourth  flex_column_div av-zero-column-padding   avia-builder-el-20  el_after_av_one_fifth  el_before_av_hr  \" style='border-radius:0px; '><p><div style='padding-bottom:10px; font-size:30px;' class='av-special-heading av-special-heading-h2  blockquote modern-quote  avia-builder-el-21  el_before_av_textblock  avia-builder-el-first   av-inherit-size '><h2 class='av-special-heading-tag '  itemprop=\"headline\"  >M\u00e9t\u00e9o<\/h2><div class='special-heading-border'><div class='special-heading-inner-border' ><\/div><\/div><\/div><br \/>\n<section class=\"av_textblock_section \"  itemscope=\"itemscope\" itemtype=\"https:\/\/schema.org\/CreativeWork\" ><div class='avia_textblock  '   itemprop=\"text\" ><p><!-- \/wp:heading --><\/p>\n<p><!-- wp:paragraph -->Les bulletins m\u00e9t\u00e9o sont affich\u00e9s tous les jours. Nous disposons d&rsquo;un partenariat avec <a href=\"http:\/\/meteovaroise.fr\" target=\"_blank\" rel=\"noreferrer noopener\" aria-label=\"M\u00e9t\u00e9o Varoise (s\u2019ouvre dans un nouvel onglet)\">M\u00e9t\u00e9o Varoise<\/a> qui,\u00a0coupl\u00e9 \u00e0 notre station m\u00e9t\u00e9o fix\u00e9e sur la Capitainerie en liaison permanente avec les services de <a href=\"http:\/\/meteovaroise.fr\" target=\"_blank\" rel=\"noreferrer noopener\" aria-label=\"M\u00e9t\u00e9o Varoise (s\u2019ouvre dans un nouvel onglet)\">M\u00e9t\u00e9o Varoise<\/a>,\u00a0nous permet d&rsquo;avoir des pr\u00e9visions m\u00e9t\u00e9o locales sp\u00e9cifiques \u00e0 la Baie de Cavalaire et au littoral voisin.<\/p>\n<\/div><\/section><\/p><\/div><div  class='hr hr-default   avia-builder-el-23  el_after_av_three_fourth  el_before_av_one_fifth '><span class='hr-inner ' ><span class='hr-inner-style'><\/span><\/span><\/div><\/p>\r\n<div class=\"flex_column av_one_fifth  flex_column_div av-zero-column-padding first  avia-builder-el-24  el_after_av_hr  el_before_av_three_fourth  \" style='border-radius:0px; '><span class=\"av_font_icon avia_animate_when_visible avia-icon-animate  av-icon-style-border  av-no-color avia-icon-pos-center \" style=\"\"><span class='av-icon-char' style='font-size:50px;line-height:50px;width:50px;' aria-hidden='true' data-av_icon='\ue82b' data-av_iconfont='port' ><\/span><\/span><\/div>\r\n<div class=\"flex_column av_three_fourth  flex_column_div av-zero-column-padding   avia-builder-el-26  el_after_av_one_fifth  el_before_av_hr  \" style='border-radius:0px; '><p><div style='padding-bottom:10px; font-size:30px;' class='av-special-heading av-special-heading-h2  blockquote modern-quote  avia-builder-el-27  el_before_av_textblock  avia-builder-el-first   av-inherit-size '><h2 class='av-special-heading-tag '  itemprop=\"headline\"  >Surveillance et s\u00e9curit\u00e9<\/h2><div class='special-heading-border'><div class='special-heading-inner-border' ><\/div><\/div><\/div><br \/>\n<section class=\"av_textblock_section \"  itemscope=\"itemscope\" itemtype=\"https:\/\/schema.org\/CreativeWork\" ><div class='avia_textblock  '   itemprop=\"text\" ><div>\n<p>La surveillance du port Heraclea est assur\u00e9e tout au long de l\u2019ann\u00e9e par des agents de s\u00e9curit\u00e9 et des agents cynophiles. Cette surveillance est renforc\u00e9e pendant les mois de juillet et ao\u00fbt avec un acc\u00e8s aux pontons r\u00e9serv\u00e9 aux plaisanciers, ainsi que des rondes plus fr\u00e9quentes sur les quais.<\/p>\n<p>Le Port Heraclea de Cavalaire a \u00e9galement mis en place une application permettant aux plaisanciers de signaler tout incident observ\u00e9 sur le port et ainsi assurer une meilleure prise en charge.<\/p>\n<\/div>\n<\/div><\/section><\/p><\/div><div  class='hr hr-default   avia-builder-el-29  el_after_av_three_fourth  el_before_av_one_fifth '><span class='hr-inner ' ><span class='hr-inner-style'><\/span><\/span><\/div><\/p>\r\n<div class=\"flex_column av_one_fifth  flex_column_div av-zero-column-padding first  avia-builder-el-30  el_after_av_hr  el_before_av_three_fourth  \" style='border-radius:0px; '><p><span class=\"av_font_icon avia_animate_when_visible avia-icon-animate  av-icon-style-border  av-no-color avia-icon-pos-center \" style=\"\"><span class='av-icon-char' style='font-size:50px;line-height:50px;width:50px;' aria-hidden='true' data-av_icon='\ue819' data-av_iconfont='port' ><\/span><\/span><br \/>\n<div style='height:20px' class='hr hr-invisible   avia-builder-el-32  el_after_av_font_icon  el_before_av_font_icon  '><span class='hr-inner ' ><span class='hr-inner-style'><\/span><\/span><\/div><br \/>\n<span class=\"av_font_icon avia_animate_when_visible avia-icon-animate  av-icon-style-border  av-no-color avia-icon-pos-center \" style=\"\"><span class='av-icon-char' style='font-size:50px;line-height:50px;width:50px;' aria-hidden='true' data-av_icon='\ue856' data-av_iconfont='entypo-fontello' ><\/span><\/span><br \/>\n<div style='height:20px' class='hr hr-invisible   avia-builder-el-34  el_after_av_font_icon  el_before_av_font_icon  '><span class='hr-inner ' ><span class='hr-inner-style'><\/span><\/span><\/div><br \/>\n<span class=\"av_font_icon avia_animate_when_visible avia-icon-animate  av-icon-style-border  av-no-color avia-icon-pos-center \" style=\"\"><span class='av-icon-char' style='font-size:50px;line-height:50px;width:50px;' aria-hidden='true' data-av_icon='\ue847' data-av_iconfont='entypo-fontello' ><\/span><\/span><\/p><\/div>\r\n<div class=\"flex_column av_three_fourth  flex_column_div av-zero-column-padding   avia-builder-el-36  el_after_av_one_fifth  el_before_av_hr  \" style='border-radius:0px; '><p><div style='padding-bottom:10px; font-size:30px;' class='av-special-heading av-special-heading-h2  blockquote modern-quote  avia-builder-el-37  el_before_av_textblock  avia-builder-el-first   av-inherit-size '><h2 class='av-special-heading-tag '  itemprop=\"headline\"  >Services portuaires<\/h2><div class='special-heading-border'><div class='special-heading-inner-border' ><\/div><\/div><\/div><br \/>\n<section class=\"av_textblock_section \"  itemscope=\"itemscope\" itemtype=\"https:\/\/schema.org\/CreativeWork\" ><div class='avia_textblock  '   itemprop=\"text\" ><ul>\n<li>Eau et \u00e9lectricit\u00e9 (220V) \u00e0 quai.<\/li>\n<li>Assistance possible pour l&rsquo;amarrage des bateaux.<\/li>\n<li>Station d&rsquo;avitaillement : carburant, glace, boissons, snack<\/li>\n<li>Aire technique avec engin de levage 35 Tonnes<\/li>\n<li>Aire de car\u00e9nage<\/li>\n<li>Piste d&rsquo;atterrissage pour h\u00e9licopt\u00e8re pour les secours<\/li>\n<li>\u00ab\u00a0Point Propre\u00a0\u00bb pour le d\u00e9p\u00f4t des produits polluants<\/li>\n<li>Service de collecte des d\u00e9chets avec tri s\u00e9lectif<\/li>\n<\/ul>\n<\/div><\/section><\/p><\/div><div  class='hr hr-default   avia-builder-el-39  el_after_av_three_fourth  el_before_av_one_fifth '><span class='hr-inner ' ><span class='hr-inner-style'><\/span><\/span><\/div><\/p>\r\n<div class=\"flex_column av_one_fifth  flex_column_div av-zero-column-padding first  avia-builder-el-40  el_after_av_hr  el_before_av_three_fourth  \" style='border-radius:0px; '><span class=\"av_font_icon avia_animate_when_visible avia-icon-animate  av-icon-style-border  av-no-color avia-icon-pos-center \" style=\"\"><span class='av-icon-char' style='font-size:50px;line-height:50px;width:50px;' aria-hidden='true' data-av_icon='\ue814' data-av_iconfont='port' ><\/span><\/span><\/div>\r\n<div class=\"flex_column av_three_fourth  flex_column_div av-zero-column-padding   avia-builder-el-42  el_after_av_one_fifth  el_before_av_hr  \" style='border-radius:0px; '><p><div style='padding-bottom:10px; font-size:30px;' class='av-special-heading av-special-heading-h2  blockquote modern-quote  avia-builder-el-43  el_before_av_textblock  avia-builder-el-first   av-inherit-size '><h2 class='av-special-heading-tag '  itemprop=\"headline\"  >WIFI Gratuit<\/h2><div class='special-heading-border'><div class='special-heading-inner-border' ><\/div><\/div><\/div><br \/>\n<section class=\"av_textblock_section \"  itemscope=\"itemscope\" itemtype=\"https:\/\/schema.org\/CreativeWork\" ><div class='avia_textblock  '   itemprop=\"text\" ><p>Un service de connexion WiFi gratuit est disponible pour tout d\u00e9tenteur d&rsquo;un contrat d&rsquo;occupation dans le port. (Attention, un identifiant\/mot de passe par appareil)<\/p>\n<\/div><\/section><\/p><\/div>\r\n<div  class='hr hr-default   avia-builder-el-45  el_after_av_three_fourth  el_before_av_one_fifth '><span class='hr-inner ' ><span class='hr-inner-style'><\/span><\/span><\/div>\r\n<div class=\"flex_column av_one_fifth  flex_column_div av-zero-column-padding first  avia-builder-el-46  el_after_av_hr  el_before_av_three_fourth  \" style='border-radius:0px; '><p><span class=\"av_font_icon avia_animate_when_visible avia-icon-animate  av-icon-style-border  av-no-color avia-icon-pos-center \" style=\"\"><span class='av-icon-char' style='font-size:50px;line-height:50px;width:50px;' aria-hidden='true' data-av_icon='\ue84f' data-av_iconfont='entypo-fontello' ><\/span><\/span><br \/>\n<div style='height:20px' class='hr hr-invisible   avia-builder-el-48  el_after_av_font_icon  el_before_av_font_icon  '><span class='hr-inner ' ><span class='hr-inner-style'><\/span><\/span><\/div><br \/>\n<span class=\"av_font_icon avia_animate_when_visible avia-icon-animate  av-icon-style-border  av-no-color avia-icon-pos-center \" style=\"\"><span class='av-icon-char' style='font-size:50px;line-height:50px;width:50px;' aria-hidden='true' data-av_icon='\ue8ac' data-av_iconfont='entypo-fontello' ><\/span><\/span><br \/>\n<div style='height:20px' class='hr hr-invisible   avia-builder-el-50  el_after_av_font_icon  el_before_av_font_icon  '><span class='hr-inner ' ><span class='hr-inner-style'><\/span><\/span><\/div><br \/>\n<span class=\"av_font_icon avia_animate_when_visible avia-icon-animate  av-icon-style-border  av-no-color avia-icon-pos-center \" style=\"\"><span class='av-icon-char' style='font-size:50px;line-height:50px;width:50px;' aria-hidden='true' data-av_icon='\ue822' data-av_iconfont='port' ><\/span><\/span><br \/>\n<div style='height:20px' class='hr hr-invisible   avia-builder-el-52  el_after_av_font_icon  el_before_av_font_icon  '><span class='hr-inner ' ><span class='hr-inner-style'><\/span><\/span><\/div><br \/>\n<span class=\"av_font_icon avia_animate_when_visible avia-icon-animate  av-icon-style-border  av-no-color avia-icon-pos-center \" style=\"\"><span class='av-icon-char' style='font-size:50px;line-height:50px;width:50px;' aria-hidden='true' data-av_icon='\ue84d' data-av_iconfont='entypo-fontello' ><\/span><\/span><\/p><\/div>\r\n<div class=\"flex_column av_three_fourth  flex_column_div av-zero-column-padding   avia-builder-el-54  el_after_av_one_fifth  el_before_av_hr  \" style='border-radius:0px; '><p><div style='padding-bottom:10px; font-size:30px;' class='av-special-heading av-special-heading-h2  blockquote modern-quote  avia-builder-el-55  el_before_av_textblock  avia-builder-el-first   av-inherit-size '><h2 class='av-special-heading-tag '  itemprop=\"headline\"  >Autres services aux plaisanciers<\/h2><div class='special-heading-border'><div class='special-heading-inner-border' ><\/div><\/div><\/div><br \/>\n<section class=\"av_textblock_section \"  itemscope=\"itemscope\" itemtype=\"https:\/\/schema.org\/CreativeWork\" ><div class='avia_textblock  '   itemprop=\"text\" ><ul>\n<li>Biblioth\u00e8que partag\u00e9e (on pose un livre, on prend un livre)<\/li>\n<li>Application pour smartphone\/tablette pour les bulletins m\u00e9t\u00e9o, la d\u00e9claration d&rsquo;absence\/retour, les alertes&#8230;<\/li>\n<li>Port connect\u00e9 en partenariat avec NauticSpot (gestion des alertes\/signalements d&rsquo;incidents en temps r\u00e9el)<\/li>\n<li>Nombreux \u00ab\u00a0Ap\u00e9ros Pontons\u00a0\u00bb en \u00e9t\u00e9 pour l&rsquo;accueil des plaisanciers et 2 repas th\u00e9matiques ouverts aux plaisanciers (150 personnes!)<\/li>\n<li>Verres \u00e0 pied au logo du port \u00ab\u00a0consign\u00e9s\u00a0\u00bb pour 1\u20ac pour les ap\u00e9ros pontons et les repas des plaisanciers<\/li>\n<li>Service de r\u00e9ception de courrier\/colis \u00e0 l&rsquo;accueil de la Capitainerie<\/li>\n<li>Newsletter trimestrielle pour informer les plaisanciers (L&rsquo;Echo Bleu)<\/li>\n<\/ul>\n<\/div><\/section><\/p><\/div><div style='height:60px' class='hr hr-invisible   avia-builder-el-57  el_after_av_three_fourth  avia-builder-el-last  '><span class='hr-inner ' ><span class='hr-inner-style'><\/span><\/span><\/div><\/p>","protected":false},"excerpt":{"rendered":"","protected":false},"author":4,"featured_media":0,"parent":70,"menu_order":1,"comment_status":"closed","ping_status":"closed","template":"","meta":{"_exactmetrics_skip_tracking":false,"_exactmetrics_sitenote_active":false,"_exactmetrics_sitenote_note":"","_exactmetrics_sitenote_category":0,"footnotes":""},"class_list":["post-39","page","type-page","status-publish","hentry"],"_links":{"self":[{"href":"https:\/\/port-heraclea.fr\/index.php\/wp-json\/wp\/v2\/pages\/39","targetHints":{"allow":["GET"]}}],"collection":[{"href":"https:\/\/port-heraclea.fr\/index.php\/wp-json\/wp\/v2\/pages"}],"about":[{"href":"https:\/\/port-heraclea.fr\/index.php\/wp-json\/wp\/v2\/types\/page"}],"author":[{"embeddable":true,"href":"https:\/\/port-heraclea.fr\/index.php\/wp-json\/wp\/v2\/users\/4"}],"replies":[{"embeddable":true,"href":"https:\/\/port-heraclea.fr\/index.php\/wp-json\/wp\/v2\/comments?post=39"}],"version-history":[{"count":106,"href":"https:\/\/port-heraclea.fr\/index.php\/wp-json\/wp\/v2\/pages\/39\/revisions"}],"predecessor-version":[{"id":1782,"href":"https:\/\/port-heraclea.fr\/index.php\/wp-json\/wp\/v2\/pages\/39\/revisions\/1782"}],"up":[{"embeddable":true,"href":"https:\/\/port-heraclea.fr\/index.php\/wp-json\/wp\/v2\/pages\/70"}],"wp:attachment":[{"href":"https:\/\/port-heraclea.fr\/index.php\/wp-json\/wp\/v2\/media?parent=39"}],"curies":[{"name":"wp","href":"https:\/\/api.w.org\/{rel}","templated":true}]}}