{"id":4120,"date":"2025-05-29T15:52:53","date_gmt":"2025-05-29T13:52:53","guid":{"rendered":"https:\/\/port-heraclea.fr\/?page_id=4120"},"modified":"2025-05-29T15:52:53","modified_gmt":"2025-05-29T13:52:53","slug":"trophee-snsm-2025","status":"publish","type":"page","link":"https:\/\/port-heraclea.fr\/index.php\/trophee-snsm-2025\/","title":{"rendered":"Troph\u00e9e SNSM 2025"},"content":{"rendered":"<p>Si vous participez au Troph\u00e9e SNSM 2025, vous pouvez t\u00e9l\u00e9charger ci-dessous la r\u00e9partition des places de port pour chaque participant (class\u00e9 par ordre alphab\u00e9tique sur ce fichier) ainsi qu&rsquo;un plan du port avec les num\u00e9ros des places.<\/p>\n<p>Dans tous les cas, vous devrez attendre l&rsquo;autorisation du Port sur Canal 9 (ou d&rsquo;un bateau de service ou SNSM pr\u00e9sent \u00e0 l&rsquo;entr\u00e9e du chenal) avant d&rsquo;entrer dans le port. Si vous y \u00eates invit\u00e9, vous pourrez vous rendre \u00e0 votre emplacement seul ou accompagn\u00e9 par nos agents.<\/p>\n<p><a href=\"https:\/\/port-heraclea.fr\/wp-content\/uploads\/2025\/05\/Placement_TropheeSNSM_25_alpha.pdf\">Cliquer ici pour la liste des places pour chaque voilier<\/a><\/p>\n<p><a href=\"https:\/\/port-heraclea.fr\/wp-content\/uploads\/2025\/05\/Plan_Port_CAVALAIRE.pdf\">Cliquer ici pour le plan du port avec les num\u00e9ros<\/a><\/p>\n","protected":false},"excerpt":{"rendered":"<p>Si vous participez au Troph\u00e9e SNSM 2025, vous pouvez t\u00e9l\u00e9charger ci-dessous la r\u00e9partition des places de port pour chaque participant (class\u00e9 par ordre alphab\u00e9tique sur ce fichier) ainsi qu&rsquo;un plan du port avec les num\u00e9ros des places. Dans tous les cas, vous devrez attendre l&rsquo;autorisation du Port sur Canal 9 (ou d&rsquo;un bateau de service [&hellip;]<\/p>\n","protected":false},"author":4,"featured_media":4122,"parent":0,"menu_order":0,"comment_status":"closed","ping_status":"closed","template":"","meta":{"_exactmetrics_skip_tracking":false,"_exactmetrics_sitenote_active":false,"_exactmetrics_sitenote_note":"","_exactmetrics_sitenote_category":0,"footnotes":""},"class_list":["post-4120","page","type-page","status-publish","has-post-thumbnail","hentry"],"_links":{"self":[{"href":"https:\/\/port-heraclea.fr\/index.php\/wp-json\/wp\/v2\/pages\/4120","targetHints":{"allow":["GET"]}}],"collection":[{"href":"https:\/\/port-heraclea.fr\/index.php\/wp-json\/wp\/v2\/pages"}],"about":[{"href":"https:\/\/port-heraclea.fr\/index.php\/wp-json\/wp\/v2\/types\/page"}],"author":[{"embeddable":true,"href":"https:\/\/port-heraclea.fr\/index.php\/wp-json\/wp\/v2\/users\/4"}],"replies":[{"embeddable":true,"href":"https:\/\/port-heraclea.fr\/index.php\/wp-json\/wp\/v2\/comments?post=4120"}],"version-history":[{"count":3,"href":"https:\/\/port-heraclea.fr\/index.php\/wp-json\/wp\/v2\/pages\/4120\/revisions"}],"predecessor-version":[{"id":4125,"href":"https:\/\/port-heraclea.fr\/index.php\/wp-json\/wp\/v2\/pages\/4120\/revisions\/4125"}],"wp:featuredmedia":[{"embeddable":true,"href":"https:\/\/port-heraclea.fr\/index.php\/wp-json\/wp\/v2\/media\/4122"}],"wp:attachment":[{"href":"https:\/\/port-heraclea.fr\/index.php\/wp-json\/wp\/v2\/media?parent=4120"}],"curies":[{"name":"wp","href":"https:\/\/api.w.org\/{rel}","templated":true}]}}