{"id":43,"date":"2020-03-27T17:16:17","date_gmt":"2020-03-27T16:16:17","guid":{"rendered":"http:\/\/port-heraclea.fr\/?page_id=43"},"modified":"2025-12-19T10:44:05","modified_gmt":"2025-12-19T09:44:05","slug":"challenge-nauticspot","status":"publish","type":"page","link":"https:\/\/port-heraclea.fr\/index.php\/challenge-nauticspot\/","title":{"rendered":"Challenge des 15 sorties hivernales"},"content":{"rendered":"<div id='av_section_1' class='avia-section main_color avia-section-default avia-no-border-styling av-parallax-section avia-bg-style-parallax  avia-builder-el-0  el_before_av_icon_box  avia-builder-el-first    av-minimum-height av-minimum-height-50  container_wrap fullsize' style=' '  data-section-bg-repeat='no-repeat' data-av_minimum_height_pc='50'><div class='av-parallax' data-avia-parallax-ratio='0.3' ><div class='av-parallax-inner main_color  avia-full-stretch' style = 'background-repeat: no-repeat; background-image: url(https:\/\/port-heraclea.fr\/wp-content\/uploads\/2021\/06\/DJI_0610-300x169.jpg);background-attachment: scroll; background-position: center left; ' ><\/div><\/div><div class='container' ><main  role=\"main\" itemprop=\"mainContentOfPage\"  class='template-page content  av-content-full alpha units'><div class='post-entry post-entry-type-page post-entry-43'><div class='entry-content-wrapper clearfix'>\n<div style='padding-bottom:10px; color:#ffffff;font-size:70px;' class='av-special-heading av-special-heading-h3 custom-color-heading blockquote modern-quote modern-centered  avia-builder-el-1  avia-builder-el-no-sibling   av-inherit-size '><h3 class='av-special-heading-tag '  itemprop=\"headline\"  >Challenge des 15 sorties hivernales<\/h3><div class='special-heading-border'><div class='special-heading-inner-border' style='border-color:#ffffff'><\/div><\/div><\/div>\n<\/div><\/div><\/main><!-- close content main element --><\/div><\/div><div id='after_section_1' class='main_color av_default_container_wrap container_wrap fullsize' style=' '  ><div class='container' ><div class='template-page content  av-content-full alpha units'><div class='post-entry post-entry-type-page post-entry-43'><div class='entry-content-wrapper clearfix'>\n<article class=\"iconbox iconbox_left    avia-builder-el-2  el_after_av_section  el_before_av_one_half  avia-builder-el-first   \"  itemscope=\"itemscope\" itemtype=\"https:\/\/schema.org\/CreativeWork\" ><div class=\"iconbox_content\"><header class=\"entry-content-header\"><div class=\"iconbox_icon heading-color \" aria-hidden='true' data-av_icon='\ue816' data-av_iconfont='port'  ><\/div><h3 class='iconbox_content_title  '  itemprop=\"headline\"  >Challenge 15 sorties hivernales :<\/h3><\/header><div class='iconbox_content_container  '  itemprop=\"text\"  ><p>Dispositif incitatif mis en place par la SPL Port Heraclea pour dynamiser l&rsquo;activit\u00e9 nautique en saison basse. Ce challenge permet aux plaisanciers qui sortiront en mer entre le 1er octobre et le 15 avril de b\u00e9n\u00e9ficier d&rsquo;une remise de 25%. Les sorties sont comptabilis\u00e9es gr\u00e2ce \u00e0 des \u00e9metteurs ainsi qu&rsquo;\u00e0 un dispositif de contr\u00f4le par cam\u00e9ra que nos agents consultent pour valider les sorties.<\/p>\n<\/div><\/div><footer class=\"entry-footer\"><\/footer><\/article>\n<div class=\"flex_column av_one_half  flex_column_div av-zero-column-padding first  avia-builder-el-3  el_after_av_icon_box  el_before_av_one_half  \" style='border-radius:0px; '><div  data-size='shop_catalog'  data-lightbox_size='large'  data-animation='slide'  data-conditional_play=''  data-ids='1531,1537,1536'  data-video_counter='0'  data-autoplay='true'  data-bg_slider='false'  data-slide_height=''  data-handle='av_slideshow'  data-interval='3'  data-class=' avia-builder-el-4  avia-builder-el-no-sibling    avia-small-width-slider'  data-css_id=''  data-scroll_down=''  data-control_layout='av-control-default'  data-custom_markup=''  data-perma_caption=''  data-autoplay_stopper=''  data-image_attachment=''  data-min_height='0px'  data-default-height='100'  class='avia-slideshow avia-slideshow-1  av-control-default av-default-height-applied avia-slideshow-shop_catalog av_slideshow  avia-builder-el-4  avia-builder-el-no-sibling    avia-small-width-slider avia-slide-slider '  itemprop=\"image\" itemscope=\"itemscope\" itemtype=\"https:\/\/schema.org\/ImageObject\" ><ul class='avia-slideshow-inner ' style='padding-bottom: 100%;' ><li  class=' slide-1 ' ><a href='https:\/\/port-heraclea.fr\/wp-content\/uploads\/2020\/04\/heraclea_nauticspot_12-1030x469.jpg' data-rel='slideshow-1' class='avia-slide-wrap '   ><img src='https:\/\/port-heraclea.fr\/wp-content\/uploads\/2020\/04\/heraclea_nauticspot_12-450x450.jpg' width='450' height='450' title='heraclea_nauticspot_12' alt=''  itemprop=\"thumbnailUrl\"   \/><\/a><\/li><li  class=' slide-2 ' ><a href='https:\/\/port-heraclea.fr\/wp-content\/uploads\/2020\/04\/heraclea_nauticspot_6-1030x483.jpg' data-rel='slideshow-1' class='avia-slide-wrap '   ><img src='https:\/\/port-heraclea.fr\/wp-content\/uploads\/2020\/04\/heraclea_nauticspot_6-450x450.jpg' width='450' height='450' title='heraclea_nauticspot_6' alt='Challenge NauticSpot'  itemprop=\"thumbnailUrl\"   \/><\/a><\/li><li  class=' slide-3 ' ><a href='https:\/\/port-heraclea.fr\/wp-content\/uploads\/2020\/04\/heraclea_nauticspot_7-1030x532.jpg' data-rel='slideshow-1' class='avia-slide-wrap '   ><img src='https:\/\/port-heraclea.fr\/wp-content\/uploads\/2020\/04\/heraclea_nauticspot_7-450x450.jpg' width='450' height='450' title='heraclea_nauticspot_7' alt=''  itemprop=\"thumbnailUrl\"   \/><\/a><\/li><\/ul><div class='avia-slideshow-arrows avia-slideshow-controls'><a href='#prev' class='prev-slide' aria-hidden='true' data-av_icon='\ue87c' data-av_iconfont='entypo-fontello'>Pr\u00e9c\u00e9dent<\/a><a href='#next' class='next-slide' aria-hidden='true' data-av_icon='\ue87d' data-av_iconfont='entypo-fontello'>Suivant<\/a><\/div><div class='avia-slideshow-dots avia-slideshow-controls'><a href='#1' class='goto-slide active' >1<\/a><a href='#2' class='goto-slide ' >2<\/a><a href='#3' class='goto-slide ' >3<\/a><\/div><\/div><\/div>\n<div class=\"flex_column av_one_half  flex_column_div av-zero-column-padding   avia-builder-el-5  el_after_av_one_half  avia-builder-el-last  \" style='border-radius:0px; '><div class='avia-icon-list-container   avia-builder-el-6  avia-builder-el-no-sibling  '><ul class='avia-icon-list avia-icon-list-left av-iconlist-big avia_animate_when_almost_visible avia-iconlist-animate'>\n<li><div  class='iconlist_icon  avia-font-port'><span class='iconlist-char ' aria-hidden='true' data-av_icon='\ue818' data-av_iconfont='port'><\/span><\/div><article class=\"article-icon-entry \"  itemscope=\"itemscope\" itemtype=\"https:\/\/schema.org\/CreativeWork\" ><div class='iconlist_content_wrap'><header class=\"entry-content-header\"><h4 class='av_iconlist_title iconlist_title  '  itemprop=\"headline\"  >15 sorties en mer<\/h4><\/header><div class='iconlist_content  '  itemprop=\"text\"  ><p>D&rsquo;une dur\u00e9e d&rsquo;au moins 1 heure<\/p>\n<\/div><\/div><footer class=\"entry-footer\"><\/footer><\/article><div class='iconlist-timeline'><\/div><\/li>\n<li><div  class='iconlist_icon  avia-font-entypo-fontello'><span class='iconlist-char ' aria-hidden='true' data-av_icon='\ue85b' data-av_iconfont='entypo-fontello'><\/span><\/div><article class=\"article-icon-entry \"  itemscope=\"itemscope\" itemtype=\"https:\/\/schema.org\/CreativeWork\" ><div class='iconlist_content_wrap'><header class=\"entry-content-header\"><h4 class='av_iconlist_title iconlist_title  '  itemprop=\"headline\"  >Basse saison<\/h4><\/header><div class='iconlist_content  '  itemprop=\"text\"  ><p>Premi\u00e8re partie du challenge : entre le 1er janvier et le 15 avril<\/p>\n<p>Deuxi\u00e8me partie du challenge : entre le 1er octobre et le 31 d\u00e9cembre<\/p>\n<\/div><\/div><footer class=\"entry-footer\"><\/footer><\/article><div class='iconlist-timeline'><\/div><\/li>\n<li><div  class='iconlist_icon  avia-font-entypo-fontello'><span class='iconlist-char ' aria-hidden='true' data-av_icon='\ue8a8' data-av_iconfont='entypo-fontello'><\/span><\/div><article class=\"article-icon-entry \"  itemscope=\"itemscope\" itemtype=\"https:\/\/schema.org\/CreativeWork\" ><div class='iconlist_content_wrap'><header class=\"entry-content-header\"><h4 class='av_iconlist_title iconlist_title  '  itemprop=\"headline\"  >R\u00e9duction de 25%<\/h4><\/header><div class='iconlist_content  '  itemprop=\"text\"  ><p>Les gagnants b\u00e9n\u00e9ficieront d&rsquo;une remise sur leurs charges annuelles ou du forfait annuel.<\/p>\n<\/div><\/div><footer class=\"entry-footer\"><\/footer><\/article><div class='iconlist-timeline'><\/div><\/li>\n<li><div  class='iconlist_icon  avia-font-entypo-fontello'><span class='iconlist-char ' aria-hidden='true' data-av_icon='\ue853' data-av_iconfont='entypo-fontello'><\/span><\/div><article class=\"article-icon-entry \"  itemscope=\"itemscope\" itemtype=\"https:\/\/schema.org\/CreativeWork\" ><div class='iconlist_content_wrap'><header class=\"entry-content-header\"><h4 class='av_iconlist_title iconlist_title  '  itemprop=\"headline\"  >S\u2018\u00e9quiper d\u2019un badge<\/h4><\/header><div class='iconlist_content  '  itemprop=\"text\"  ><p>Les sorties sont comptabilis\u00e9es gr\u00e2ce \u00e0 une balise de quai \u00a0install\u00e9e par les agents du Port Heraclea coupl\u00e9 \u00e0 un dispositif de reconnaissance des mouvements de bateaux par cam\u00e9ras. Toute demande doit se faire \u00e0 l&rsquo;accueil.<\/p>\n<\/div><\/div><footer class=\"entry-footer\"><\/footer><\/article><div class='iconlist-timeline'><\/div><\/li>\n<li><div  class='iconlist_icon  avia-font-entypo-fontello'><span class='iconlist-char ' aria-hidden='true' data-av_icon='\ue8ac' data-av_iconfont='entypo-fontello'><\/span><\/div><article class=\"article-icon-entry \"  itemscope=\"itemscope\" itemtype=\"https:\/\/schema.org\/CreativeWork\" ><div class='iconlist_content_wrap'><header class=\"entry-content-header\"><h4 class='av_iconlist_title iconlist_title  '  itemprop=\"headline\"  >Suivi sur l\u2019Application<\/h4><\/header><div class='iconlist_content  '  itemprop=\"text\"  ><p>Les sorties sont comptabilis\u00e9es automatiquement et consultables via l&rsquo;Application Port Heraclea.<\/p>\n<\/div><\/div><footer class=\"entry-footer\"><\/footer><\/article><div class='iconlist-timeline'><\/div><\/li>\n<li><div  class='iconlist_icon  avia-font-entypo-fontello'><span class='iconlist-char ' aria-hidden='true' data-av_icon='\ue81f' data-av_iconfont='entypo-fontello'><\/span><\/div><article class=\"article-icon-entry \"  itemscope=\"itemscope\" itemtype=\"https:\/\/schema.org\/CreativeWork\" ><div class='iconlist_content_wrap'><header class=\"entry-content-header\"><h4 class='av_iconlist_title iconlist_title  '  itemprop=\"headline\"  >Inscriptions \u00e0 la Capitainerie<\/h4><\/header><div class='iconlist_content  '  itemprop=\"text\"  ><p>Merci de vous adresser \u00e0 l&rsquo;accueil de la Capitainerie pour vous inscrire et participer au Challenge \u00ab\u00a015 Sorties hivernales\u00a0\u00bb \u00a0(50\u20ac \/ an)<\/p>\n<div class='avia-button-wrap avia-button-center  avia-builder-el-7  avia-builder-el-no-sibling  '><a href='http:\/\/port-heraclea.fr\/wp-content\/uploads\/2025\/12\/Inscription_Challenge_2026.pdf' class='avia-button avia-button-fullwidth   avia-icon_select-yes-left-icon avia-color-theme-color '  style='color:#ffffff; ' ><span class='avia_button_icon avia_button_icon_left ' aria-hidden='true' data-av_icon='\ue82d' data-av_iconfont='entypo-fontello'><\/span><span class='avia_iconbox_title' >T\u00e9l\u00e9charger ici le r\u00e8glement et formulaire<\/span><span class='avia_button_background avia-button avia-button-fullwidth avia-color-theme-color' ><\/span><\/a><\/div>\n<\/div><\/div><footer class=\"entry-footer\"><\/footer><\/article><div class='iconlist-timeline'><\/div><\/li>\n<\/ul><\/div><\/div>\n","protected":false},"excerpt":{"rendered":"","protected":false},"author":4,"featured_media":2530,"parent":0,"menu_order":3,"comment_status":"closed","ping_status":"closed","template":"","meta":{"_exactmetrics_skip_tracking":false,"_exactmetrics_sitenote_active":false,"_exactmetrics_sitenote_note":"","_exactmetrics_sitenote_category":0,"footnotes":""},"class_list":["post-43","page","type-page","status-publish","has-post-thumbnail","hentry"],"_links":{"self":[{"href":"https:\/\/port-heraclea.fr\/index.php\/wp-json\/wp\/v2\/pages\/43","targetHints":{"allow":["GET"]}}],"collection":[{"href":"https:\/\/port-heraclea.fr\/index.php\/wp-json\/wp\/v2\/pages"}],"about":[{"href":"https:\/\/port-heraclea.fr\/index.php\/wp-json\/wp\/v2\/types\/page"}],"author":[{"embeddable":true,"href":"https:\/\/port-heraclea.fr\/index.php\/wp-json\/wp\/v2\/users\/4"}],"replies":[{"embeddable":true,"href":"https:\/\/port-heraclea.fr\/index.php\/wp-json\/wp\/v2\/comments?post=43"}],"version-history":[{"count":24,"href":"https:\/\/port-heraclea.fr\/index.php\/wp-json\/wp\/v2\/pages\/43\/revisions"}],"predecessor-version":[{"id":4200,"href":"https:\/\/port-heraclea.fr\/index.php\/wp-json\/wp\/v2\/pages\/43\/revisions\/4200"}],"wp:featuredmedia":[{"embeddable":true,"href":"https:\/\/port-heraclea.fr\/index.php\/wp-json\/wp\/v2\/media\/2530"}],"wp:attachment":[{"href":"https:\/\/port-heraclea.fr\/index.php\/wp-json\/wp\/v2\/media?parent=43"}],"curies":[{"name":"wp","href":"https:\/\/api.w.org\/{rel}","templated":true}]}}