{"id":47,"date":"2020-03-27T17:17:59","date_gmt":"2020-03-27T16:17:59","guid":{"rendered":"http:\/\/port-heraclea.fr\/?page_id=47"},"modified":"2024-08-19T11:40:38","modified_gmt":"2024-08-19T09:40:38","slug":"professionnels","status":"publish","type":"page","link":"https:\/\/port-heraclea.fr\/index.php\/professionnels\/","title":{"rendered":"Professionnels"},"content":{"rendered":"<div id='av_section_1' class='avia-section main_color avia-section-default avia-no-border-styling av-parallax-section avia-bg-style-parallax  avia-builder-el-0  el_before_av_heading  avia-builder-el-first    av-minimum-height av-minimum-height-50  container_wrap fullsize' style=' '  data-section-bg-repeat='no-repeat' data-av_minimum_height_pc='50'><div class='av-parallax' data-avia-parallax-ratio='0.3' ><div class='av-parallax-inner main_color  avia-full-stretch' style = 'background-repeat: no-repeat; background-image: url(https:\/\/port-heraclea.fr\/wp-content\/uploads\/2020\/04\/carenage-port-cavalaire-07-1030x687.jpg);background-attachment: scroll; background-position: center left; ' ><\/div><\/div><div class='container' ><main  role=\"main\" itemprop=\"mainContentOfPage\"  class='template-page content  av-content-full alpha units'><div class='post-entry post-entry-type-page post-entry-47'><div class='entry-content-wrapper clearfix'>\n<div style='padding-bottom:10px; color:#ffffff;font-size:70px;' class='av-special-heading av-special-heading-h3 custom-color-heading blockquote modern-quote modern-centered  avia-builder-el-1  avia-builder-el-no-sibling   av-inherit-size '><h3 class='av-special-heading-tag '  itemprop=\"headline\"  >Professionels du nautisme<\/h3><div class='special-heading-border'><div class='special-heading-inner-border' style='border-color:#ffffff'><\/div><\/div><\/div>\n<\/div><\/div><\/main><!-- close content main element --><\/div><\/div><div id='after_section_1' class='main_color av_default_container_wrap container_wrap fullsize' style=' '  ><div class='container' ><div class='template-page content  av-content-full alpha units'><div class='post-entry post-entry-type-page post-entry-47'><div class='entry-content-wrapper clearfix'>\n<div style='padding-bottom:10px; ' class='av-special-heading av-special-heading-h2    avia-builder-el-2  el_after_av_section  el_before_av_toggle_container  avia-builder-el-first   '><h2 class='av-special-heading-tag '  itemprop=\"headline\"  >L\u2019annuaire des professionnels du nautisme<\/h2><div class='special-heading-border'><div class='special-heading-inner-border' ><\/div><\/div><\/div>\n<div class=\"togglecontainer  av-elegant-toggle toggle_close_all  avia-builder-el-3  el_after_av_heading  avia-builder-el-last  \" >\n<section class=\"av_toggle_section\"  itemscope=\"itemscope\" itemtype=\"https:\/\/schema.org\/CreativeWork\"  >    <div class=\"single_toggle\" data-tags=\"{Tout} \"  >        <p data-fake-id=\"#toggle-id-1\" class=\"toggler  hasCustomColor av-inherit-font-color  av-inherit-border-color \"  itemprop=\"headline\"  style='color: #6786a1; border-color: #cdcd21; ' data-hoverstyle='color: #cdcd21; '>Chantiers naval et shipshandlers<span class=\"toggle_icon\" style='border-color:#6786a1;'>        <span class=\"vert_icon\"><\/span><span class=\"hor_icon\"><\/span><\/span><\/p>        <div id=\"toggle-id-1-container\" class=\"toggle_wrap \"  >            <div class=\"toggle_content invers-color  av-inherit-font-color  av-inherit-border-color \"  itemprop=\"text\"  style='color: #6786a1; border-color: #cdcd21; ' ><h2>CHANTIERS NAVAL<\/h2>\n<h3><span data-contrast=\"auto\">Chantier Naval Cavalaire (Patrice\u00a0<\/span><span data-contrast=\"auto\">Sabio)<\/span><span data-ccp-props=\"{\">\u00a0<\/span><\/h3>\n<p><span data-contrast=\"auto\">572 Chemin des Mannes<\/span><span data-ccp-props=\"{\">\u00a0<\/span><\/p>\n<p><span data-contrast=\"auto\">83240 Cavalaire sur Mer<\/span><span data-ccp-props=\"{\">\u00a0<\/span><\/p>\n<p><span data-contrast=\"auto\">T\u00e9l\u202f: 04 94 64 11 33<\/span><span data-ccp-props=\"{\">\u00a0<\/span><\/p>\n<p><span data-contrast=\"auto\">Email<\/span><span data-contrast=\"auto\">\u202f:\u00a0<\/span><span data-contrast=\"none\">sabio83@orange.fr<\/span><span data-ccp-props=\"{\">\u00a0<\/span><\/p>\n<p><span data-ccp-props=\"{\">\u00a0<\/span><\/p>\n<h3><span data-contrast=\"auto\">Chantier Naval Rio et Fils<\/span><span data-ccp-props=\"{\">\u00a0<\/span><\/h3>\n<p><span data-contrast=\"auto\">Z.A\u00a0<\/span><span data-contrast=\"auto\">Gourbenet<\/span><span data-ccp-props=\"{\">\u00a0<\/span><\/p>\n<p><span data-contrast=\"auto\">83420 La Croix Valmer Cedex<\/span><span data-ccp-props=\"{\">\u00a0<\/span><\/p>\n<p><span data-contrast=\"auto\">T\u00e9l\u202f: 04 94 44 21 21<\/span><span data-ccp-props=\"{\">\u00a0<\/span><\/p>\n<p><span data-contrast=\"auto\">Email<\/span><span data-contrast=\"auto\">\u202f:\u00a0<\/span><span data-contrast=\"none\">rioetfils@orange.fr<\/span><span data-ccp-props=\"{\">\u00a0<\/span><\/p>\n<p><a href=\"http:\/\/www.rioetfils.com\/\"><span data-contrast=\"none\">www.rioetfils.com<\/span><\/a><span data-ccp-props=\"{\">\u00a0<\/span><\/p>\n<h3><span data-contrast=\"auto\">SAS Marine Plaisance<\/span><span data-ccp-props=\"{\">\u00a0<\/span><\/h3>\n<p><span data-contrast=\"auto\">254 Rue de la Digue<\/span><span data-ccp-props=\"{\">\u00a0<\/span><\/p>\n<p><span data-contrast=\"auto\">83240 Cavalaire sur Mer<\/span><span data-ccp-props=\"{\">\u00a0<\/span><\/p>\n<p><span data-contrast=\"auto\">T\u00e9l\u202f: 04 94 64 01 32 (Port)<\/span><span data-ccp-props=\"{\">\u00a0<\/span><\/p>\n<p><span data-contrast=\"auto\">T\u00e9l\u202f: 04 94 64 13 67 (Eau Blanche)<\/span><span data-ccp-props=\"{\">\u00a0<\/span><\/p>\n<p><span data-contrast=\"auto\">Email<\/span><span data-contrast=\"auto\">\u202f: marine-plaisance@wanadoo.fr<\/span><span data-ccp-props=\"{\">\u00a0<\/span><\/p>\n<p><a href=\"http:\/\/www.captain-nason-group.com\/\"><span data-contrast=\"none\">www.captain-nason-group.com<\/span><\/a><span data-ccp-props=\"{\">\u00a0<\/span><\/p>\n<p><span data-ccp-props=\"{\">\u00a0<\/span><\/p>\n<h3><span data-contrast=\"auto\">Locavalaire<\/span><span data-ccp-props=\"{\">\u00a0<\/span><\/h3>\n<p><span data-contrast=\"auto\">Rue du Port, R\u00e9sidence Les R\u00e9gates<\/span><span data-ccp-props=\"{\">\u00a0<\/span><\/p>\n<p><span data-contrast=\"auto\">83240 Cavalaire sur Mer<\/span><span data-ccp-props=\"{\">\u00a0<\/span><\/p>\n<p><span data-contrast=\"auto\">T\u00e9l\u202f: 04 94 64 32 50<\/span><span data-ccp-props=\"{\">\u00a0<\/span><\/p>\n<p><span data-contrast=\"auto\">Email<\/span><span data-contrast=\"auto\">\u202f: contact@locavalaire.com<\/span><span data-ccp-props=\"{\">\u00a0<\/span><\/p>\n<p><a href=\"http:\/\/www.locavalaire.com\/\"><span data-contrast=\"none\">www.locavalaire.com<\/span><\/a><span data-ccp-props=\"{\">\u00a0<\/span><\/p>\n<p><span data-ccp-props=\"{\">\u00a0<\/span><\/p>\n<h3><span data-contrast=\"auto\">Boat Power<\/span><span data-ccp-props=\"{\">\u00a0<\/span><\/h3>\n<p><span data-contrast=\"auto\">T\u00e9l\u202f: 06 15 54 72 15<\/span><span data-ccp-props=\"{\">\u00a0<\/span><\/p>\n<p><span data-contrast=\"auto\">Email<\/span><span data-contrast=\"auto\">\u202f:\u00a0<\/span><span data-contrast=\"none\">boatpower83@gmail.com<\/span><span data-ccp-props=\"{\">\u00a0<\/span><\/p>\n<p><span data-ccp-props=\"{\">\u00a0<\/span><\/p>\n<h3><span data-contrast=\"auto\">Spartivento<\/span><span data-ccp-props=\"{\">\u00a0(Voilerie)<\/span><\/h3>\n<p><span data-contrast=\"auto\">Rue du Port<\/span><span data-ccp-props=\"{\">\u00a0<\/span><\/p>\n<p><span data-contrast=\"auto\">83240 Cavalaire sur Mer<\/span><span data-ccp-props=\"{\">\u00a0<\/span><\/p>\n<p><span data-contrast=\"auto\">T\u00e9l\u202f: 04 94 64 44 30<\/span><span data-ccp-props=\"{\">\u00a0<\/span><\/p>\n<p><span data-ccp-props=\"{\">\u00a0<\/span><\/p>\n<h2><span data-contrast=\"auto\">SHIPSHANDLERS<\/span><span data-ccp-props=\"{\">\u00a0<\/span><\/h2>\n<h3><span data-contrast=\"auto\">Hall Nautique- SARL\u00a0<\/span><span data-contrast=\"auto\">Nautica<\/span><span data-ccp-props=\"{\">\u00a0<\/span><\/h3>\n<p><span data-contrast=\"auto\">164 Rue du Port\u00a0<\/span><span data-ccp-props=\"{\">\u00a0<\/span><\/p>\n<p><span data-contrast=\"auto\">83240 Cavalaire sur Mer<\/span><span data-ccp-props=\"{\">\u00a0<\/span><\/p>\n<p><span data-contrast=\"auto\">T\u00e9l\u202f: 04 94 64 03 38<\/span><span data-ccp-props=\"{\">\u00a0<\/span><\/p>\n<p><span data-ccp-props=\"{\">\u00a0<\/span><\/p>\n            <\/div>        <\/div>    <\/div><\/section>\n<section class=\"av_toggle_section\"  itemscope=\"itemscope\" itemtype=\"https:\/\/schema.org\/CreativeWork\"  >    <div class=\"single_toggle\" data-tags=\"{Tout} \"  >        <p data-fake-id=\"#toggle-id-2\" class=\"toggler  hasCustomColor av-inherit-font-color  av-inherit-border-color \"  itemprop=\"headline\"  style='color: #6786a1; border-color: #cdcd21; ' data-hoverstyle='color: #cdcd21; '>Locations de bateaux<span class=\"toggle_icon\" style='border-color:#6786a1;'>        <span class=\"vert_icon\"><\/span><span class=\"hor_icon\"><\/span><\/span><\/p>        <div id=\"toggle-id-2-container\" class=\"toggle_wrap \"  >            <div class=\"toggle_content invers-color  av-inherit-font-color  av-inherit-border-color \"  itemprop=\"text\"  style='color: #6786a1; border-color: #cdcd21; ' ><h3><span data-contrast=\"auto\">Locavalaire<\/span><span data-ccp-props=\"{\">\u00a0<\/span><\/h3>\n<p><span data-contrast=\"auto\">Rue du Port, R\u00e9sidence Les R\u00e9gates<\/span><span data-ccp-props=\"{\">\u00a0<\/span><\/p>\n<p><span data-contrast=\"auto\">83240 Cavalaire sur Mer<\/span><span data-ccp-props=\"{\">\u00a0<\/span><\/p>\n<p><span data-contrast=\"auto\">T\u00e9l\u202f: 04 94 64 32 50<\/span><span data-ccp-props=\"{\">\u00a0<\/span><\/p>\n<p><span data-contrast=\"auto\">Email<\/span><span data-contrast=\"auto\">\u202f: contact@locavalaire.com<\/span><span data-ccp-props=\"{\">\u00a0<\/span><\/p>\n<p><a href=\"http:\/\/www.locavalaire.com\/\"><span data-contrast=\"none\">www.locavalaire.com<\/span><\/a><span data-ccp-props=\"{\">\u00a0<\/span><\/p>\n<p><span data-ccp-props=\"{\">\u00a0<\/span><\/p>\n<h3><\/h3>\n<h3><span data-contrast=\"auto\">Sillage<\/span><span data-ccp-props=\"{\">\u00a0<\/span><\/h3>\n<p><span data-contrast=\"auto\">Quai Marc Pajot (\u00e0 c\u00f4t\u00e9 de la Capitainerie)<\/span><span data-ccp-props=\"{\">\u00a0<\/span><\/p>\n<p><span data-contrast=\"auto\">83240 Cavalaire sur Mer<\/span><span data-ccp-props=\"{\">\u00a0<\/span><\/p>\n<p><span data-contrast=\"auto\">T\u00e9l\u202f: 04 94 44 21 21<\/span><span data-ccp-props=\"{\">\u00a0<\/span><\/p>\n<p><span data-contrast=\"auto\">Email<\/span><span data-contrast=\"auto\">\u202f:\u00a0<\/span><span data-contrast=\"none\">sillagecavalaire@orange.fr<\/span><span data-ccp-props=\"{\">\u00a0<\/span><\/p>\n<p><span data-ccp-props=\"{\">\u00a0<\/span><\/p>\n<h3><span data-contrast=\"auto\">Missboat<\/span><span data-contrast=\"auto\">\u00a0(Bateaux sans permis)<\/span><span data-ccp-props=\"{\">\u00a0<\/span><\/h3>\n<p><span data-contrast=\"auto\">Rue du Port (\u00e0 c\u00f4t\u00e9 de la cale de mise \u00e0 l\u2019eau)<\/span><span data-ccp-props=\"{\">\u00a0<\/span><\/p>\n<p><span data-contrast=\"auto\">83240 Cavalaire sur Mer<\/span><span data-ccp-props=\"{\">\u00a0<\/span><\/p>\n<p><span data-contrast=\"auto\">T\u00e9l\u202f: 06 38 53 82 40<\/span><span data-ccp-props=\"{\">\u00a0<\/span><\/p>\n<p><span data-contrast=\"auto\">Email<\/span><span data-contrast=\"auto\">\u202f:\u00a0<\/span><span data-contrast=\"none\">contact@missboat.fr<\/span><span data-ccp-props=\"{\">\u00a0<\/span><\/p>\n<p><a href=\"http:\/\/www.missboat.fr\/\"><span data-contrast=\"none\">www.missboat.fr<\/span><\/a><span data-ccp-props=\"{\">\u00a0<\/span><\/p>\n<p><span data-ccp-props=\"{\">\u00a0<\/span><\/p>\n            <\/div>        <\/div>    <\/div><\/section>\n<section class=\"av_toggle_section\"  itemscope=\"itemscope\" itemtype=\"https:\/\/schema.org\/CreativeWork\"  >    <div class=\"single_toggle\" data-tags=\"{Tout} \"  >        <p data-fake-id=\"#toggle-id-3\" class=\"toggler  hasCustomColor av-inherit-font-color  av-inherit-border-color \"  itemprop=\"headline\"  style='color: #6786a1; border-color: #cdcd21; ' data-hoverstyle='color: #cdcd21; '>Permis bateaux<span class=\"toggle_icon\" style='border-color:#6786a1;'>        <span class=\"vert_icon\"><\/span><span class=\"hor_icon\"><\/span><\/span><\/p>        <div id=\"toggle-id-3-container\" class=\"toggle_wrap \"  >            <div class=\"toggle_content invers-color  av-inherit-font-color  av-inherit-border-color \"  itemprop=\"text\"  style='color: #6786a1; border-color: #cdcd21; ' ><h3><span data-contrast=\"auto\">Bateau Ecole Le TIKI<\/span><span data-ccp-props=\"{\">\u00a0<\/span><\/h3>\n<p><span data-contrast=\"auto\">Rue du Port, R\u00e9sidence Les R\u00e9gates<\/span><span data-ccp-props=\"{\">\u00a0<\/span><\/p>\n<p><span data-contrast=\"auto\">83240 Cavalaire sur Mer<\/span><span data-ccp-props=\"{\">\u00a0<\/span><\/p>\n<p><span data-contrast=\"auto\">T\u00e9l\u202f: 04 94 92 16 75 \/ 07 67 62 43 98<\/span><span data-ccp-props=\"{\">\u00a0<\/span><\/p>\n<p><span data-contrast=\"auto\">Email<\/span><span data-contrast=\"auto\">\u202f:\u00a0<\/span><span data-contrast=\"none\">letikibateauecole@gmail.com<\/span><span data-ccp-props=\"{\">\u00a0<\/span><\/p>\n<p><a href=\"http:\/\/www.letiki.free.fr\/\"><span data-contrast=\"none\">www.letiki.free.fr<\/span><\/a><span data-ccp-props=\"{\">\u00a0<\/span><\/p>\n            <\/div>        <\/div>    <\/div><\/section>\n<section class=\"av_toggle_section\"  itemscope=\"itemscope\" itemtype=\"https:\/\/schema.org\/CreativeWork\"  >    <div class=\"single_toggle\" data-tags=\"{Tout} \"  >        <p data-fake-id=\"#toggle-id-4\" class=\"toggler  hasCustomColor av-inherit-font-color  av-inherit-border-color \"  itemprop=\"headline\"  style='color: #6786a1; border-color: #cdcd21; ' data-hoverstyle='color: #cdcd21; '>Plong\u00e9e sous-marine<span class=\"toggle_icon\" style='border-color:#6786a1;'>        <span class=\"vert_icon\"><\/span><span class=\"hor_icon\"><\/span><\/span><\/p>        <div id=\"toggle-id-4-container\" class=\"toggle_wrap \"  >            <div class=\"toggle_content invers-color  av-inherit-font-color  av-inherit-border-color \"  itemprop=\"text\"  style='color: #6786a1; border-color: #cdcd21; ' ><h3><span data-contrast=\"auto\">Eau Bleue<\/span><span data-ccp-props=\"{\">\u00a0<\/span><\/h3>\n<p><span data-contrast=\"auto\">Quai Marc Pajot<\/span><span data-ccp-props=\"{\">\u00a0<\/span><\/p>\n<p><span data-contrast=\"auto\">83240 Cavalaire sur Mer<\/span><span data-ccp-props=\"{\">\u00a0<\/span><\/p>\n<p><span data-contrast=\"auto\">T\u00e9l\u202f: 06 08 23 72 51<\/span><span data-ccp-props=\"{\">\u00a0<\/span><\/p>\n<p><span data-contrast=\"auto\">Email<\/span><span data-contrast=\"auto\">\u202f:\u00a0<\/span><span data-contrast=\"none\">eaubleue@plongeecavalaire.com<\/span><span data-ccp-props=\"{\">\u00a0<\/span><\/p>\n<p><a href=\"http:\/\/www.plongeecavalaire.com\/\"><span data-contrast=\"none\">www.plongeecavalaire.com<\/span><\/a><span data-ccp-props=\"{\">\u00a0<\/span><\/p>\n<p><span data-ccp-props=\"{\">\u00a0<\/span><\/p>\n<h3><span data-contrast=\"auto\">Eperlan<\/span><span data-ccp-props=\"{\">\u00a0<\/span><\/h3>\n<p><span data-contrast=\"auto\">Face \u00e0 la maison de la Mer<\/span><span data-ccp-props=\"{\">\u00a0<\/span><\/p>\n<p><span data-contrast=\"auto\">T\u00e9l\u202f: 06 09 75 62 17<\/span><span data-ccp-props=\"{\">\u00a0<\/span><\/p>\n<p><span data-contrast=\"auto\">Email<\/span><span data-contrast=\"auto\">\u202f:\u00a0<\/span><span data-contrast=\"none\">eperlan@eperlan.fr<\/span><span data-ccp-props=\"{\">\u00a0<\/span><\/p>\n<p><a href=\"http:\/\/www.eperlan.fr\/\"><span data-contrast=\"none\">www.eperlan.fr<\/span><\/a><span data-ccp-props=\"{\">\u00a0<\/span><\/p>\n<p><span data-ccp-props=\"{\">\u00a0<\/span><\/p>\n<h3><span data-contrast=\"auto\">M<\/span><span data-contrast=\"auto\">io<\/span><span data-contrast=\"auto\">\u00a0<\/span><span data-contrast=\"auto\">Palmo<\/span><span data-contrast=\"auto\">\u00a0Plong\u00e9e<\/span><span data-ccp-props=\"{\">\u00a0<\/span><\/h3>\n<p><span data-contrast=\"auto\">Rue du Port, Les R\u00e9sidences du Port<\/span><span data-ccp-props=\"{\">\u00a0<\/span><\/p>\n<p><span data-contrast=\"auto\">83240 Cavalaire sur Mer<\/span><span data-ccp-props=\"{\">\u00a0<\/span><\/p>\n<p><span data-contrast=\"auto\">T\u00e9l\u202f:04 94 12 71 33 \/ 06 08 43 10 98<\/span><span data-ccp-props=\"{\">\u00a0<\/span><\/p>\n<p><span data-contrast=\"auto\">Email<\/span><span data-contrast=\"auto\">\u202f:\u00a0<\/span><span data-contrast=\"none\">info@miopalmoplongee.com<\/span><span data-ccp-props=\"{\">\u00a0<\/span><\/p>\n<p><a href=\"http:\/\/www.miopalmoplongee.com\/\"><span data-contrast=\"none\">www.miopalmoplongee.com<\/span><\/a><span data-ccp-props=\"{\">\u00a0<\/span><\/p>\n<p><span data-ccp-props=\"{\">\u00a0<\/span><\/p>\n<h3><span data-contrast=\"auto\">Tiki Dive<\/span><span data-ccp-props=\"{\">\u00a0<\/span><\/h3>\n<p>Place Q04<\/p>\n<p>Quai Patrice Martin<\/p>\n<p><span data-contrast=\"auto\">83240 Cavalaire sur Mer<\/span><span data-ccp-props=\"{\">\u00a0<\/span><\/p>\n<p><span data-contrast=\"auto\">T\u00e9l\u202f:\u00a0<\/span><span data-contrast=\"auto\">06\u00a0 73<\/span><span data-contrast=\"auto\">\u00a024 16 55<\/span><span data-ccp-props=\"{\">\u00a0<\/span><\/p>\n<p><span data-contrast=\"auto\">Email<\/span><span data-contrast=\"auto\">\u202f:\u00a0<\/span><span data-contrast=\"none\">contact@tiki-dive.com<\/span><span data-ccp-props=\"{\">\u00a0<\/span><\/p>\n<p><a href=\"http:\/\/www.tiki-dive.com\/\"><span data-contrast=\"none\">www.tiki-dive.com<\/span><\/a><span data-contrast=\"auto\">\u00a0<\/span><span data-ccp-props=\"{\">\u00a0<\/span><\/p>\n            <\/div>        <\/div>    <\/div><\/section>\n<\/div>\n","protected":false},"excerpt":{"rendered":"","protected":false},"author":4,"featured_media":0,"parent":0,"menu_order":3,"comment_status":"closed","ping_status":"closed","template":"","meta":{"_exactmetrics_skip_tracking":false,"_exactmetrics_sitenote_active":false,"_exactmetrics_sitenote_note":"","_exactmetrics_sitenote_category":0,"footnotes":""},"class_list":["post-47","page","type-page","status-publish","hentry"],"_links":{"self":[{"href":"https:\/\/port-heraclea.fr\/index.php\/wp-json\/wp\/v2\/pages\/47","targetHints":{"allow":["GET"]}}],"collection":[{"href":"https:\/\/port-heraclea.fr\/index.php\/wp-json\/wp\/v2\/pages"}],"about":[{"href":"https:\/\/port-heraclea.fr\/index.php\/wp-json\/wp\/v2\/types\/page"}],"author":[{"embeddable":true,"href":"https:\/\/port-heraclea.fr\/index.php\/wp-json\/wp\/v2\/users\/4"}],"replies":[{"embeddable":true,"href":"https:\/\/port-heraclea.fr\/index.php\/wp-json\/wp\/v2\/comments?post=47"}],"version-history":[{"count":16,"href":"https:\/\/port-heraclea.fr\/index.php\/wp-json\/wp\/v2\/pages\/47\/revisions"}],"predecessor-version":[{"id":3901,"href":"https:\/\/port-heraclea.fr\/index.php\/wp-json\/wp\/v2\/pages\/47\/revisions\/3901"}],"wp:attachment":[{"href":"https:\/\/port-heraclea.fr\/index.php\/wp-json\/wp\/v2\/media?parent=47"}],"curies":[{"name":"wp","href":"https:\/\/api.w.org\/{rel}","templated":true}]}}