{"id":50,"date":"2020-03-27T17:18:44","date_gmt":"2020-03-27T16:18:44","guid":{"rendered":"http:\/\/port-heraclea.fr\/?page_id=50"},"modified":"2026-01-14T08:32:15","modified_gmt":"2026-01-14T07:32:15","slug":"sauvetage-en-mer","status":"publish","type":"page","link":"https:\/\/port-heraclea.fr\/index.php\/sauvetage-en-mer\/","title":{"rendered":"Sauvetage en Mer"},"content":{"rendered":"<div id='av_section_1' class='avia-section main_color avia-section-default avia-no-border-styling av-parallax-section avia-bg-style-parallax  avia-builder-el-0  el_before_av_heading  avia-builder-el-first    av-minimum-height av-minimum-height-50  container_wrap fullsize' style=' '  data-section-bg-repeat='no-repeat' data-av_minimum_height_pc='50'><div class='av-parallax' data-avia-parallax-ratio='0.3' ><div class='av-parallax-inner main_color  avia-full-stretch' style = 'background-repeat: no-repeat; background-image: url(https:\/\/port-heraclea.fr\/wp-content\/uploads\/2025\/08\/PHOTO-2025-01-08-18-22-08-2-1.jpg);background-attachment: scroll; background-position: bottom center; ' ><\/div><\/div><div class='container' ><main  role=\"main\" itemprop=\"mainContentOfPage\"  class='template-page content  av-content-full alpha units'><div class='post-entry post-entry-type-page post-entry-50'><div class='entry-content-wrapper clearfix'>\n<div style='padding-bottom:10px; color:#ffffff;font-size:70px;' class='av-special-heading av-special-heading-h3 custom-color-heading blockquote modern-quote modern-centered  avia-builder-el-1  avia-builder-el-no-sibling   av-inherit-size '><h3 class='av-special-heading-tag '  itemprop=\"headline\"  >Sauvetage en Mer<\/h3><div class='special-heading-border'><div class='special-heading-inner-border' style='border-color:#ffffff'><\/div><\/div><\/div>\n<\/div><\/div><\/main><!-- close content main element --><\/div><\/div><div id='after_section_1' class='main_color av_default_container_wrap container_wrap fullsize' style=' '  ><div class='container' ><div class='template-page content  av-content-full alpha units'><div class='post-entry post-entry-type-page post-entry-50'><div class='entry-content-wrapper clearfix'>\n<div style='padding-bottom:10px; ' class='av-special-heading av-special-heading-h2    avia-builder-el-2  el_after_av_section  el_before_av_hr  avia-builder-el-first   '><h2 class='av-special-heading-tag '  itemprop=\"headline\"  >La SNSM<\/h2><div class='special-heading-border'><div class='special-heading-inner-border' ><\/div><\/div><\/div>\n<div style='height:30px' class='hr hr-invisible   avia-builder-el-3  el_after_av_heading  el_before_av_two_third  '><span class='hr-inner ' ><span class='hr-inner-style'><\/span><\/span><\/div>\n<div class=\"flex_column av_two_third  flex_column_div av-zero-column-padding first  avia-builder-el-4  el_after_av_hr  el_before_av_one_third  \" style='border-radius:0px; '><section class=\"av_textblock_section \"  itemscope=\"itemscope\" itemtype=\"https:\/\/schema.org\/CreativeWork\" ><div class='avia_textblock  '   itemprop=\"text\" ><p><img loading=\"lazy\" decoding=\"async\" class=\"wp-image-3213 size-full alignright\" src=\"http:\/\/port-heraclea.fr\/wp-content\/uploads\/2022\/12\/logo_snsm_web.png\" alt=\"\" width=\"251\" height=\"251\" srcset=\"https:\/\/port-heraclea.fr\/wp-content\/uploads\/2022\/12\/logo_snsm_web.png 251w, https:\/\/port-heraclea.fr\/wp-content\/uploads\/2022\/12\/logo_snsm_web-80x80.png 80w, https:\/\/port-heraclea.fr\/wp-content\/uploads\/2022\/12\/logo_snsm_web-36x36.png 36w, https:\/\/port-heraclea.fr\/wp-content\/uploads\/2022\/12\/logo_snsm_web-180x180.png 180w, https:\/\/port-heraclea.fr\/wp-content\/uploads\/2022\/12\/logo_snsm_web-120x120.png 120w\" sizes=\"auto, (max-width: 251px) 100vw, 251px\" \/>En appelant le 196, vous serez mis en relation directement avec le CROSSMED qui prendra en charge votre demande et engagera les moyens de secours ou d&rsquo;assistance (comme la SNSM, ou un h\u00e9licopt\u00e8re du service public, ou un appel sur le 16 pour une demande d&rsquo;assistance aux navires \u00e0 proximit\u00e9 via un MayDay Relay ou un Pan Pan).<\/p>\n<\/div><\/section><\/div>\n<div class=\"flex_column av_one_third  flex_column_div av-zero-column-padding   avia-builder-el-6  el_after_av_two_third  el_before_av_icon_box  \" style='border-radius:0px; '><p><article class=\"iconbox iconbox_left    avia-builder-el-7  el_before_av_icon_box  avia-builder-el-first   \"  itemscope=\"itemscope\" itemtype=\"https:\/\/schema.org\/CreativeWork\" ><div class=\"iconbox_content\"><header class=\"entry-content-header\"><div class=\"iconbox_icon heading-color \" aria-hidden='true' data-av_icon='\ue854' data-av_iconfont='entypo-fontello'  style='background-color:#ed9600; color:#ffffff; ' ><\/div><h3 class='iconbox_content_title  '  itemprop=\"headline\"   style='color:#ed9600; '>Faites le 196<\/h3><\/header><div class='iconbox_content_container  '  itemprop=\"text\"  ><p>Pour toute demande d&rsquo;assistance en mer.<\/p>\n<\/div><\/div><footer class=\"entry-footer\"><\/footer><\/article><br \/>\n<article class=\"iconbox iconbox_left    avia-builder-el-8  el_after_av_icon_box  el_before_av_font_icon   \"  itemscope=\"itemscope\" itemtype=\"https:\/\/schema.org\/CreativeWork\" ><div class=\"iconbox_content\"><header class=\"entry-content-header\"><div class=\"iconbox_icon heading-color \" aria-hidden='true' data-av_icon='\ue85e' data-av_iconfont='entypo-fontello'  style='background-color:#ed9600; color:#ffffff; ' ><\/div><h3 class='iconbox_content_title  '  itemprop=\"headline\"   style='color:#ed9600; '>par VHF : canal 16<\/h3><\/header><div class='iconbox_content_container  '  itemprop=\"text\"  ><\/div><\/div><footer class=\"entry-footer\"><\/footer><\/article><br \/>\n<span class=\"av_font_icon avia_animate_when_visible avia-icon-animate  av-icon-style-  avia-icon-pos-left \" style=\"color:#ed9600; border-color:#ed9600;\"><a href='https:\/\/www.facebook.com\/SNSM-Cavalaire-285789618188747\/'   class='av-icon-char' style='font-size:40px;line-height:40px;' aria-hidden='true' data-av_icon='\ue8f5' data-av_iconfont='entypo-fontello' data-avia-icon-tooltip=\"&lt;br \/&gt;\nSuivez les Sauveteurs en Mer de Cavalaire sur leur page Facebook&lt;br \/&gt;\n\"><\/a><\/span><\/p><\/div>\n<article class=\"iconbox iconbox_left    avia-builder-el-10  el_after_av_one_third  el_before_av_button   \"  itemscope=\"itemscope\" itemtype=\"https:\/\/schema.org\/CreativeWork\" ><div class=\"iconbox_content\"><header class=\"entry-content-header\"><div class=\"iconbox_icon heading-color \" aria-hidden='true' data-av_icon='\ue8b9' data-av_iconfont='entypo-fontello'  style='background-color:#ed9600; color:#ffffff; ' ><\/div><h3 class='iconbox_content_title  '  itemprop=\"headline\"   style='color:#ed9600; '>SOUTENEZ LA SNSM<\/h3><\/header><div class='iconbox_content_container  '  itemprop=\"text\"  ><p>Le Port Heraclea de Cavalaire a la chance d&rsquo;avoir une Station de Sauvetage SNSM. Plus de 40 b\u00e9n\u00e9voles sont form\u00e9s et entrain\u00e9s, disponibles 24h\/24 par tous les temps, de jour comme de nuit, pour appareiller avec leur \u00ab\u00a0nouvelle\u00a0\u00bb vedette de sauvetage de SNS 12-01 \u00ab\u00a0Amiral Jacques MEHEUT\u00a0\u00bb ou avec le Semi-Rigide SNS686\u00a0\u00ab\u00a0Cap Lardier\u00a0\u00bb .<\/p>\n<p><strong>Soutenez les<\/strong>, car cette association d&rsquo;utilit\u00e9 publique, vit essentiellement des dons faits par les priv\u00e9s, les plaisanciers. Les b\u00e9n\u00e9voles ne touchent pas un centime. Ils risquent leur vie et donnent de leur temps pour vous sauver ou vous assister en mer.<\/p>\n<\/div><\/div><footer class=\"entry-footer\"><\/footer><\/article>\n<div class='avia-button-wrap avia-button-center  avia-builder-el-11  el_after_av_icon_box  el_before_av_button  '><a href='https:\/\/don.snsm.org\/soutenir\/fill?code_affectation=STATION%20SNSM%20DE%20CAVALAIRE%20SUR%20MER'  class='avia-button   avia-icon_select-yes-left-icon avia-color-orange avia-size-medium avia-position-center '  target=\"_blank\"   ><span class='avia_button_icon avia_button_icon_left ' aria-hidden='true' data-av_icon='\ue82b' data-av_iconfont='entypo-fontello'><\/span><span class='avia_iconbox_title' >Faites un don en ligne \u00e0 la Station de Cavalaire<\/span><\/a><\/div>\n<div class='avia-button-wrap avia-button-center  avia-builder-el-12  el_after_av_button  el_before_av_hr  '><a href='http:\/\/port-heraclea.fr\/wp-content\/uploads\/2026\/01\/bulletin-cavalaire2026.pdf'  class='avia-button   avia-icon_select-yes-left-icon avia-color-orange avia-size-medium avia-position-center '  target=\"_blank\"   ><span class='avia_button_icon avia_button_icon_left ' aria-hidden='true' data-av_icon='\ue84b' data-av_iconfont='entypo-fontello'><\/span><span class='avia_iconbox_title' >T\u00e9l\u00e9charger le bulletin 2026 de don \u00e0 la Station de Cavalaire<\/span><\/a><\/div>\n<div  class='hr hr-default   avia-builder-el-13  el_after_av_button  el_before_av_icon_box '><span class='hr-inner ' ><span class='hr-inner-style'><\/span><\/span><\/div>\n<article class=\"iconbox iconbox_left    avia-builder-el-14  el_after_av_hr  el_before_av_hr   \"  itemscope=\"itemscope\" itemtype=\"https:\/\/schema.org\/CreativeWork\" ><div class=\"iconbox_content\"><header class=\"entry-content-header\"><div class=\"iconbox_icon heading-color \" aria-hidden='true' data-av_icon='\ue80b' data-av_iconfont='entypo-fontello'  style='background-color:#ed9600; color:#ffffff; ' ><\/div><h3 class='iconbox_content_title  '  itemprop=\"headline\"   style='color:#ed9600; '>CONTACTEZ LA STATION DE CAVALAIRE<\/h3><\/header><div class='iconbox_content_container  '  itemprop=\"text\"  ><p>Pour toute demande d&rsquo;information, dons, legs, dispersions de cendres, ou pour une demande d&rsquo;inscription pour faire partie des b\u00e9n\u00e9voles embarqu\u00e9s :<\/p>\n<h5>Pr\u00e9sident de la Station : Fran\u00e7ois GIMMIG<\/h5>\n<p>Pr\u00e9sidente d&rsquo;honneur : Annie ROUSSILHON<\/p>\n<p>Tel : 06 85 57 18 94<br \/>\nE-mail : <a href=\"mailto:president.cavalaire-sur-mer@snsm.org\">president.cavalaire-sur-mer@snsm.org<\/a><\/p>\n<h5><\/h5>\n<h5>Patron de la station : Cyril GRIMAL<\/h5>\n<p>Tel : 06 52 64 43 73<br \/>\nE-mail : <a href=\"mailto:patron.cavalaire-sur-mer@snsm.org\">patron.cavalaire-sur-mer@snsm.org<\/a><\/p>\n<\/div><\/div><footer class=\"entry-footer\"><\/footer><\/article>\n<div  class='hr hr-full hr-shadow   avia-builder-el-15  el_after_av_icon_box  el_before_av_icon_box  '><span class='hr-inner ' ><span class='hr-inner-style'><\/span><\/span><\/div>\n<article class=\"iconbox iconbox_left    avia-builder-el-16  el_after_av_hr  el_before_av_video   \"  itemscope=\"itemscope\" itemtype=\"https:\/\/schema.org\/CreativeWork\" ><div class=\"iconbox_content\"><header class=\"entry-content-header\"><div class=\"iconbox_icon heading-color \" aria-hidden='true' data-av_icon='\ue921' data-av_iconfont='entypo-fontello'  style='background-color:#ed9600; color:#ffffff; ' ><\/div><h3 class='iconbox_content_title  '  itemprop=\"headline\"   style='color:#ed9600; '>DECOUVREZ LES EN VIDEO :<\/h3><\/header><div class='iconbox_content_container  '  itemprop=\"text\"  ><\/div><\/div><footer class=\"entry-footer\"><\/footer><\/article>\n<div class='avia-video avia-video-16-9   av-lazyload-video-embed  '   itemprop=\"video\" itemtype=\"https:\/\/schema.org\/VideoObject\"  data-original_url='https:\/\/youtu.be\/EAlhNEH2iqw' ><script type='text\/html' class='av-video-tmpl'><div class='avia-iframe-wrap'><iframe loading=\"lazy\" title=\"Les Sauveteurs en Mer de Cavalaire\" width=\"1500\" height=\"844\" src=\"https:\/\/www.youtube.com\/embed\/EAlhNEH2iqw?feature=oembed&autoplay=1\" frameborder=\"0\" allow=\"accelerometer; autoplay; encrypted-media; gyroscope; picture-in-picture\" allowfullscreen><\/iframe><\/div><\/script><div class='av-click-to-play-overlay'><div class=\"avia_playpause_icon\"><\/div><\/div><\/div>\n","protected":false},"excerpt":{"rendered":"","protected":false},"author":4,"featured_media":0,"parent":0,"menu_order":2,"comment_status":"closed","ping_status":"closed","template":"","meta":{"_exactmetrics_skip_tracking":false,"_exactmetrics_sitenote_active":false,"_exactmetrics_sitenote_note":"","_exactmetrics_sitenote_category":0,"footnotes":""},"class_list":["post-50","page","type-page","status-publish","hentry"],"_links":{"self":[{"href":"https:\/\/port-heraclea.fr\/index.php\/wp-json\/wp\/v2\/pages\/50","targetHints":{"allow":["GET"]}}],"collection":[{"href":"https:\/\/port-heraclea.fr\/index.php\/wp-json\/wp\/v2\/pages"}],"about":[{"href":"https:\/\/port-heraclea.fr\/index.php\/wp-json\/wp\/v2\/types\/page"}],"author":[{"embeddable":true,"href":"https:\/\/port-heraclea.fr\/index.php\/wp-json\/wp\/v2\/users\/4"}],"replies":[{"embeddable":true,"href":"https:\/\/port-heraclea.fr\/index.php\/wp-json\/wp\/v2\/comments?post=50"}],"version-history":[{"count":36,"href":"https:\/\/port-heraclea.fr\/index.php\/wp-json\/wp\/v2\/pages\/50\/revisions"}],"predecessor-version":[{"id":4319,"href":"https:\/\/port-heraclea.fr\/index.php\/wp-json\/wp\/v2\/pages\/50\/revisions\/4319"}],"wp:attachment":[{"href":"https:\/\/port-heraclea.fr\/index.php\/wp-json\/wp\/v2\/media?parent=50"}],"curies":[{"name":"wp","href":"https:\/\/api.w.org\/{rel}","templated":true}]}}