{"id":52,"date":"2020-03-27T17:19:09","date_gmt":"2020-03-27T16:19:09","guid":{"rendered":"http:\/\/port-heraclea.fr\/?page_id=52"},"modified":"2026-03-23T10:07:33","modified_gmt":"2026-03-23T09:07:33","slug":"associations","status":"publish","type":"page","link":"https:\/\/port-heraclea.fr\/index.php\/associations\/","title":{"rendered":"Associations"},"content":{"rendered":"<div id='av_section_1' class='avia-section main_color avia-section-default avia-no-border-styling av-parallax-section avia-bg-style-parallax  avia-builder-el-0  el_before_av_heading  avia-builder-el-first    av-minimum-height av-minimum-height-50  container_wrap fullsize' style=' '  data-section-bg-repeat='no-repeat' data-av_minimum_height_pc='50'><div class='av-parallax' data-avia-parallax-ratio='0.3' ><div class='av-parallax-inner main_color  avia-full-stretch' style = 'background-repeat: no-repeat; background-image: url(https:\/\/port-heraclea.fr\/wp-content\/uploads\/2020\/04\/port-heraclea-cavalaire-66-scaled.jpg);background-attachment: scroll; background-position: center left; ' ><\/div><\/div><div class='container' ><main  role=\"main\" itemprop=\"mainContentOfPage\"  class='template-page content  av-content-full alpha units'><div class='post-entry post-entry-type-page post-entry-52'><div class='entry-content-wrapper clearfix'>\n<div style='padding-bottom:10px; color:#ffffff;font-size:70px;' class='av-special-heading av-special-heading-h3 custom-color-heading blockquote modern-quote modern-centered  avia-builder-el-1  avia-builder-el-no-sibling   av-inherit-size '><h3 class='av-special-heading-tag '  itemprop=\"headline\"  >Associations de plaisanciers<\/h3><div class='special-heading-border'><div class='special-heading-inner-border' style='border-color:#ffffff'><\/div><\/div><\/div>\n<\/div><\/div><\/main><!-- close content main element --><\/div><\/div><div id='after_section_1' class='main_color av_default_container_wrap container_wrap fullsize' style=' '  ><div class='container' ><div class='template-page content  av-content-full alpha units'><div class='post-entry post-entry-type-page post-entry-52'><div class='entry-content-wrapper clearfix'>\n<div style='padding-bottom:10px; ' class='av-special-heading av-special-heading-h2    avia-builder-el-2  el_after_av_section  el_before_av_hr  avia-builder-el-first   '><h2 class='av-special-heading-tag '  itemprop=\"headline\"  >Les associations<\/h2><div class='special-heading-border'><div class='special-heading-inner-border' ><\/div><\/div><\/div>\n<div style='height:30px' class='hr hr-invisible   avia-builder-el-3  el_after_av_heading  el_before_av_icon_box  '><span class='hr-inner ' ><span class='hr-inner-style'><\/span><\/span><\/div>\n<article class=\"iconbox iconbox_left    avia-builder-el-4  el_after_av_hr  el_before_av_icon_box   \"  itemscope=\"itemscope\" itemtype=\"https:\/\/schema.org\/CreativeWork\" ><div class=\"iconbox_content\"><header class=\"entry-content-header\"><div class=\"iconbox_icon heading-color \" aria-hidden='true' data-av_icon='\ue80b' data-av_iconfont='entypo-fontello'  ><\/div><h3 class='iconbox_content_title  '  itemprop=\"headline\"  >A.P.C<\/h3><\/header><div class='iconbox_content_container  '  itemprop=\"text\"  ><h4>Les Amis du Port de Cavalaire<\/h4>\n<p>Pr\u00e9sident : Alain MOLLE<br \/>\nEmail : impexforez@gmail.com<\/p>\n<\/div><\/div><footer class=\"entry-footer\"><\/footer><\/article>\n<article class=\"iconbox iconbox_left    avia-builder-el-5  el_after_av_icon_box  el_before_av_icon_box   \"  itemscope=\"itemscope\" itemtype=\"https:\/\/schema.org\/CreativeWork\" ><div class=\"iconbox_content\"><header class=\"entry-content-header\"><div class=\"iconbox_icon heading-color \" aria-hidden='true' data-av_icon='\ue80b' data-av_iconfont='entypo-fontello'  ><\/div><h3 class='iconbox_content_title  '  itemprop=\"headline\"  >A.P.P.C.<\/h3><\/header><div class='iconbox_content_container  '  itemprop=\"text\"  ><p>Association des Plaisanciers du Port de Cavalaire<\/p>\n<p>Pr\u00e9sident : J.C. ESPINOSA<br \/>\nEmail : espinosa.jcl@orange.fr<\/p>\n<\/div><\/div><footer class=\"entry-footer\"><\/footer><\/article>\n<article class=\"iconbox iconbox_left    avia-builder-el-6  el_after_av_icon_box  el_before_av_icon_box   \"  itemscope=\"itemscope\" itemtype=\"https:\/\/schema.org\/CreativeWork\" ><div class=\"iconbox_content\"><header class=\"entry-content-header\"><div class=\"iconbox_icon heading-color \" aria-hidden='true' data-av_icon='\ue80b' data-av_iconfont='entypo-fontello'  ><\/div><h3 class='iconbox_content_title  '  itemprop=\"headline\"  >ANNEAU BLEU<\/h3><\/header><div class='iconbox_content_container  '  itemprop=\"text\"  ><p>Pr\u00e9sident : Jacques DE GRAEVE<br \/>\nEmail : degraeve.j@wanadoo.fr<\/p>\n<\/div><\/div><footer class=\"entry-footer\"><\/footer><\/article>\n<article class=\"iconbox iconbox_left    avia-builder-el-7  el_after_av_icon_box  avia-builder-el-last   \"  itemscope=\"itemscope\" itemtype=\"https:\/\/schema.org\/CreativeWork\" ><div class=\"iconbox_content\"><header class=\"entry-content-header\"><div class=\"iconbox_icon heading-color \" aria-hidden='true' data-av_icon='\ue80b' data-av_iconfont='entypo-fontello'  ><\/div><h3 class='iconbox_content_title  '  itemprop=\"headline\"  >A.D.I.C.<\/h3><\/header><div class='iconbox_content_container  '  itemprop=\"text\"  ><h4>Association de D\u00e9fense des Int\u00e9r\u00eats des Coop\u00e9rateurs<\/h4>\n<p>Pr\u00e9sident : P.Y THIRIEZ<br \/>\nEmail : adic.pavillonblanc@gmail.com<\/p>\n<\/div><\/div><footer class=\"entry-footer\"><\/footer><\/article>\n","protected":false},"excerpt":{"rendered":"","protected":false},"author":4,"featured_media":0,"parent":0,"menu_order":4,"comment_status":"closed","ping_status":"closed","template":"","meta":{"_exactmetrics_skip_tracking":false,"_exactmetrics_sitenote_active":false,"_exactmetrics_sitenote_note":"","_exactmetrics_sitenote_category":0,"footnotes":""},"class_list":["post-52","page","type-page","status-publish","hentry"],"_links":{"self":[{"href":"https:\/\/port-heraclea.fr\/index.php\/wp-json\/wp\/v2\/pages\/52","targetHints":{"allow":["GET"]}}],"collection":[{"href":"https:\/\/port-heraclea.fr\/index.php\/wp-json\/wp\/v2\/pages"}],"about":[{"href":"https:\/\/port-heraclea.fr\/index.php\/wp-json\/wp\/v2\/types\/page"}],"author":[{"embeddable":true,"href":"https:\/\/port-heraclea.fr\/index.php\/wp-json\/wp\/v2\/users\/4"}],"replies":[{"embeddable":true,"href":"https:\/\/port-heraclea.fr\/index.php\/wp-json\/wp\/v2\/comments?post=52"}],"version-history":[{"count":10,"href":"https:\/\/port-heraclea.fr\/index.php\/wp-json\/wp\/v2\/pages\/52\/revisions"}],"predecessor-version":[{"id":4439,"href":"https:\/\/port-heraclea.fr\/index.php\/wp-json\/wp\/v2\/pages\/52\/revisions\/4439"}],"wp:attachment":[{"href":"https:\/\/port-heraclea.fr\/index.php\/wp-json\/wp\/v2\/media?parent=52"}],"curies":[{"name":"wp","href":"https:\/\/api.w.org\/{rel}","templated":true}]}}