{"id":55,"date":"2020-03-27T17:24:53","date_gmt":"2020-03-27T16:24:53","guid":{"rendered":"http:\/\/port-heraclea.fr\/?page_id=55"},"modified":"2020-04-07T09:13:45","modified_gmt":"2020-04-07T07:13:45","slug":"historique","status":"publish","type":"page","link":"https:\/\/port-heraclea.fr\/index.php\/le-port\/historique\/","title":{"rendered":"Historique"},"content":{"rendered":"<div id='av_section_1' class='avia-section main_color avia-section-default avia-no-border-styling av-parallax-section avia-bg-style-parallax  avia-builder-el-0  el_before_av_timeline  avia-builder-el-first    av-minimum-height av-minimum-height-50  container_wrap fullsize' style=' '  data-section-bg-repeat='no-repeat' data-av_minimum_height_pc='50'><div class='av-parallax' data-avia-parallax-ratio='0.3' ><div class='av-parallax-inner main_color  avia-full-stretch' style = 'background-repeat: no-repeat; background-image: url(https:\/\/port-heraclea.fr\/wp-content\/uploads\/2020\/04\/28102015-_DSC1653-scaled.jpg);background-attachment: scroll; background-position: center left; ' ><\/div><\/div><div class='container' ><main  role=\"main\" itemprop=\"mainContentOfPage\"  class='template-page content  av-content-full alpha units'><div class='post-entry post-entry-type-page post-entry-55'><div class='entry-content-wrapper clearfix'>\n<div style='padding-bottom:10px; color:#ffffff;font-size:70px;' class='av-special-heading av-special-heading-h3 custom-color-heading blockquote modern-quote modern-centered  avia-builder-el-1  avia-builder-el-no-sibling   av-inherit-size '><h3 class='av-special-heading-tag '  itemprop=\"headline\"  >Historique<\/h3><div class='special-heading-border'><div class='special-heading-inner-border' style='border-color:#ffffff'><\/div><\/div><\/div>\n<\/div><\/div><\/main><!-- close content main element --><\/div><\/div><div id='after_section_1' class='main_color av_default_container_wrap container_wrap fullsize' style=' '  ><div class='container' ><div class='template-page content  av-content-full alpha units'><div class='post-entry post-entry-type-page post-entry-55'><div class='entry-content-wrapper clearfix'>\n<div id='avia-timeline-69ee15dbd7c6c' class='avia-timeline-container    avia-builder-el-2  el_after_av_section  el_before_av_promobox  avia-builder-el-first  ' ><ul class='avia-timeline avia-timeline-vertical av-milestone-placement-left avia-timeline- avia_animate_when_almost_visible avia-timeline-animate'>\n<li class='av-milestone av-animated-generic fade-in av-milestone-odd  av-milestone-valign-baseline'><h2 class='av-milestone-date  ' style='color:#6786a1; ' id='milestone-10-novembre-1972'><strong>10 novembre 1972<span class='av-milestone-indicator'style='background-color:#cdcd21; '><\/span><\/strong><\/h2><div class=\"av-milestone-icon-wrap\"><span class='milestone_icon avia-font-entypo-fontello' ><span class='milestone_inner' style='background-color:#cdcd21; '><i class='milestone-char' aria-hidden='true' data-av_icon='\ue841' data-av_iconfont='entypo-fontello'><\/i><\/span><\/span><\/div><article class='av-milestone-content-wrap'><div class='av-milestone-contentbox' ><header class=\"entry-content-header\"><h4  class=' '>La SACNPPC<\/h4><\/header><div class='av-milestone-content' ><p>La commune de Cavalaire a sous-trait\u00e9 \u00e0 la Soci\u00e9t\u00e9 Anonyme Coop\u00e9rative du Nouveau Port de Plaisance de Cavalaire (SACNPPC) la construction et l\u2019exploitation d\u2019une extension de l\u2019ancien port de Cavalaire (une petite digue et deux pontons), actuel bassin Est. Lors de la construction de l\u2019ancien \u00ab\u00a0port priv\u00e9\u00a0\u00bb dans les ann\u00e9es 70, 550 amodiations ont \u00e9t\u00e9 vendues pour financer les travaux en \u00e9change d\u2019une concession se terminant le 31 d\u00e9cembre 2017.<\/p>\n<\/div><\/div><footer style='background-color:#cdcd21; ' class='entry-footer'><\/footer><\/article><\/li>\n<li class='av-milestone av-animated-generic fade-in av-milestone-even  av-milestone-valign-baseline'><h2 class='av-milestone-date  ' style='color:#6786a1; ' id='milestone-1989'><strong>1989<span class='av-milestone-indicator'style='background-color:#cdcd21; '><\/span><\/strong><\/h2><div class=\"av-milestone-icon-wrap\"><span class='milestone_icon avia-font-entypo-fontello' ><span class='milestone_inner' style='background-color:#cdcd21; '><i class='milestone-char' aria-hidden='true' data-av_icon='\ue8d2' data-av_iconfont='entypo-fontello'><\/i><\/span><\/span><\/div><article class='av-milestone-content-wrap'><div class='av-milestone-contentbox' ><header class=\"entry-content-header\"><h4  class=' '>Le port public<\/h4><\/header><div class='av-milestone-content' ><p>311 garanties d\u2019usages de 35 ans ont \u00e9t\u00e9 vendues pour financer les 621 places de l\u2019ancien port public. Les 310 places restantes \u00e9tant attribu\u00e9es en location annuelle ou en saison. La gestion du bassin Ouest est alors en \u00ab\u00a0R\u00e9gie Publique\u00a0\u00bb jusqu&rsquo;au mois de juillet 2018.<\/p>\n<\/div><\/div><footer style='background-color:#cdcd21; ' class='entry-footer'><\/footer><\/article><\/li>\n<li class='av-milestone av-animated-generic fade-in av-milestone-odd  av-milestone-valign-baseline'><h2 class='av-milestone-date  ' style='color:#6786a1; ' id='milestone-2018'><strong>2018<span class='av-milestone-indicator'style='background-color:#cdcd21; '><\/span><\/strong><\/h2><div class=\"av-milestone-icon-wrap\"><span class='milestone_icon avia-font-entypo-fontello' ><span class='milestone_inner' style='background-color:#cdcd21; '><i class='milestone-char' aria-hidden='true' data-av_icon='\ue85e' data-av_iconfont='entypo-fontello'><\/i><\/span><\/span><\/div><article class='av-milestone-content-wrap'><div class='av-milestone-contentbox' ><header class=\"entry-content-header\"><h4  class=' '>La SPL Heraclea<\/h4><\/header><div class='av-milestone-content' ><p>Le\u00a0Conseil Municipal ayant choisi de cr\u00e9er une Soci\u00e9t\u00e9 Publique Locale (98% d\u00e9tenue par la Commune de Cavalaire, 1% par La Croix Valmer et 1% par Le Rayol-Canadel), c\u2019est donc la SPL PORT HERACLEA qui obtient la d\u00e9l\u00e9gation de service public pour la gestion des deux bassins. Dans cette nouvelle organisation, le personnel a \u00e9galement fusionn\u00e9.<\/p>\n<p>Dans un souci d\u2019am\u00e9lioration et de modernisation des infrastructures et des services portuaires, des travaux ont \u00e9t\u00e9 engag\u00e9s dans le cadre du projet Ecobleu, financ\u00e9s par une commercialisation de contrats de Garanties d\u2019Usage. La Commune ayant en 2017 propos\u00e9 \u00e0 tous les d\u00e9tenteurs de contrats la possibilit\u00e9, de repartir pour une nouvelle garantie d\u2019usage, de garder leur ancienne garantie d\u2019usage se terminant en 2025 ou bien de rester en location annuelle. Certains n\u2019occupent pas d\u2019emplacement et le mettent \u00e0 la disposition du port, permettant ainsi de louer la place \u00e0 la saison ou \u00e0 l\u2019ann\u00e9e.<\/p>\n<\/div><\/div><footer style='background-color:#cdcd21; ' class='entry-footer'><\/footer><\/article><\/li>\n<\/ul><\/div>\n\t<div style='background:#3a4d5c;color:#ffffff;' class='av_promobox  avia-button-yes  avia-builder-el-3  el_after_av_timeline  avia-builder-el-last  '>\t\t<div class='avia-promocontent'><p>\n<strong><span style=\"color: #ffffff;\">Pour en savoir plus sur ce point, vous pouvez\u00a0consulter le site\u00a0<a style=\"color: #ffffff;\" href=\"http:\/\/cavalairecobleu.fr\/\">www.cavalairecobleu.fr\u00a0<\/a><\/span><\/strong><\/p>\n<\/div><div class='avia-button-wrap avia-button-right '><a href='http:\/\/www.cavalairecobleu.fr'  class='avia-button   avia-icon_select-no avia-color-custom avia-size-large avia-position-right '  target=\"_blank\"  style='background-color:#8ca7be; border-color:#8ca7be; color:#ffffff; ' ><span class='avia_iconbox_title' >Aller sur le site<\/span><\/a><\/div>\t<\/div>\n","protected":false},"excerpt":{"rendered":"","protected":false},"author":4,"featured_media":0,"parent":66,"menu_order":4,"comment_status":"closed","ping_status":"closed","template":"","meta":{"_exactmetrics_skip_tracking":false,"_exactmetrics_sitenote_active":false,"_exactmetrics_sitenote_note":"","_exactmetrics_sitenote_category":0,"footnotes":""},"class_list":["post-55","page","type-page","status-publish","hentry"],"_links":{"self":[{"href":"https:\/\/port-heraclea.fr\/index.php\/wp-json\/wp\/v2\/pages\/55","targetHints":{"allow":["GET"]}}],"collection":[{"href":"https:\/\/port-heraclea.fr\/index.php\/wp-json\/wp\/v2\/pages"}],"about":[{"href":"https:\/\/port-heraclea.fr\/index.php\/wp-json\/wp\/v2\/types\/page"}],"author":[{"embeddable":true,"href":"https:\/\/port-heraclea.fr\/index.php\/wp-json\/wp\/v2\/users\/4"}],"replies":[{"embeddable":true,"href":"https:\/\/port-heraclea.fr\/index.php\/wp-json\/wp\/v2\/comments?post=55"}],"version-history":[{"count":17,"href":"https:\/\/port-heraclea.fr\/index.php\/wp-json\/wp\/v2\/pages\/55\/revisions"}],"predecessor-version":[{"id":3443,"href":"https:\/\/port-heraclea.fr\/index.php\/wp-json\/wp\/v2\/pages\/55\/revisions\/3443"}],"up":[{"embeddable":true,"href":"https:\/\/port-heraclea.fr\/index.php\/wp-json\/wp\/v2\/pages\/66"}],"wp:attachment":[{"href":"https:\/\/port-heraclea.fr\/index.php\/wp-json\/wp\/v2\/media?parent=55"}],"curies":[{"name":"wp","href":"https:\/\/api.w.org\/{rel}","templated":true}]}}