{"id":57,"date":"2020-03-27T17:25:31","date_gmt":"2020-03-27T16:25:31","guid":{"rendered":"http:\/\/port-heraclea.fr\/?page_id=57"},"modified":"2020-04-11T12:14:43","modified_gmt":"2020-04-11T10:14:43","slug":"la-spl","status":"publish","type":"page","link":"https:\/\/port-heraclea.fr\/index.php\/le-port\/la-spl\/","title":{"rendered":"La SPL"},"content":{"rendered":"<div id='av_section_1' class='avia-section main_color avia-section-huge avia-shadow av-parallax-section avia-bg-style-parallax  avia-builder-el-0  el_before_av_one_full  avia-builder-el-first    av-minimum-height av-minimum-height-50  container_wrap fullsize' style=' '  data-section-bg-repeat='no-repeat' data-av_minimum_height_pc='50'><div class='av-parallax' data-avia-parallax-ratio='0.3' ><div class='av-parallax-inner main_color  avia-full-stretch' style = 'background-repeat: no-repeat; background-image: url(https:\/\/port-heraclea.fr\/wp-content\/uploads\/2020\/03\/baie_cavalaire.jpg);background-attachment: scroll; background-position: top left; ' ><\/div><\/div><div class='container' ><main  role=\"main\" itemprop=\"mainContentOfPage\"  class='template-page content  av-content-full alpha units'><div class='post-entry post-entry-type-page post-entry-57'><div class='entry-content-wrapper clearfix'><div style='padding-bottom:10px; color:#ffffff;font-size:70px;' class='av-special-heading av-special-heading-h2 custom-color-heading blockquote modern-quote modern-centered  avia-builder-el-1  avia-builder-el-no-sibling   av-inherit-size '><h2 class='av-special-heading-tag '  itemprop=\"headline\"  >La SPL Heraclea<\/h2><div class ='av-subheading av-subheading_below av_custom_color ' style='font-size:30px;'><p>(Soci\u00e9t\u00e9 Publique Locale)<\/p>\n<\/div><div class='special-heading-border'><div class='special-heading-inner-border' style='border-color:#ffffff'><\/div><\/div><\/div><\/div><\/div><\/main><!-- close content main element --><\/div><\/div><div id='after_section_1' class='main_color av_default_container_wrap container_wrap fullsize' style=' '  ><div class='container' ><div class='template-page content  av-content-full alpha units'><div class='post-entry post-entry-type-page post-entry-57'><div class='entry-content-wrapper clearfix'>\r\n<div class=\"flex_column av_one_full  flex_column_div av-zero-column-padding first  avia-builder-el-2  el_after_av_section  el_before_av_heading  avia-builder-el-first  \" style='border-radius:0px; '><p><div style='padding-bottom:10px; ' class='av-special-heading av-special-heading-h2    avia-builder-el-3  el_before_av_textblock  avia-builder-el-first   '><h2 class='av-special-heading-tag '  itemprop=\"headline\"  >D\u00e9finition<\/h2><div class='special-heading-border'><div class='special-heading-inner-border' ><\/div><\/div><\/div><br \/>\n<section class=\"av_textblock_section \"  itemscope=\"itemscope\" itemtype=\"https:\/\/schema.org\/CreativeWork\" ><div class='avia_textblock  '   itemprop=\"text\" ><p>La Soci\u00e9t\u00e9 Publique Locale (SPL) Port Heraclea est la forme juridique choisie par la Commune de Cavalaire pour g\u00e9rer son domaine portuaire. Une \u00ab\u00a0SPL\u00a0\u00bb est une soci\u00e9t\u00e9 \u00ab\u00a0commerciale\u00a0\u00bb cr\u00e9\u00e9e par au moins deux collectivit\u00e9s territoriales (dans le cas de la SPL le capital est d\u00e9tenu par trois collectivit\u00e9s \u2013 Cavalaire 98%, La Croix-Valmer 1% et Le Rayol-Canadel 1%), enregistr\u00e9e au registre du commerce et fonctionnant comme une soci\u00e9t\u00e9 \u00e0 gestion priv\u00e9e de type Soci\u00e9t\u00e9 Anonyme. La SPL est assujettie \u00e0 la TVA et paye l&rsquo;imp\u00f4t sur les soci\u00e9t\u00e9s ainsi qu&rsquo;une redevance domaniale \u00e0 la Commune de Cavalaire pour l&rsquo;occupation et la gestion de son domaine portuaire (redevance qui correspond \u00e0 une recette importante dans le budget g\u00e9n\u00e9ral de la Commune).<\/p>\n<p><!-- \/wp:post-content --><\/p>\n<\/div><\/section><\/p><\/div>\r\n<div style='padding-bottom:10px; ' class='av-special-heading av-special-heading-h2    avia-builder-el-5  el_after_av_one_full  el_before_av_two_third   '><h2 class='av-special-heading-tag '  itemprop=\"headline\"  >Le Conseil d\u2019Administration<\/h2><div class='special-heading-border'><div class='special-heading-inner-border' ><\/div><\/div><\/div>\r\n<div class=\"flex_column av_two_third  flex_column_div av-zero-column-padding first  avia-builder-el-6  el_after_av_heading  el_before_av_one_third  \" style='border-radius:0px; '><section class=\"av_textblock_section \"  itemscope=\"itemscope\" itemtype=\"https:\/\/schema.org\/CreativeWork\" ><div class='avia_textblock  '   itemprop=\"text\" ><p><!-- wp:paragraph --><\/p>\n<p>Le Conseil d&rsquo;administration est constitu\u00e9 d&rsquo;\u00e9lus (les 3 maires des trois communes et des \u00e9lus du Conseil Municipal). Monsieur le Maire de Cavalaire, Philippe LEONELLI, en est le Pr\u00e9sident Directeur G\u00e9n\u00e9ral.<\/p>\n<p>Actionnaires : 98% pour Cavalaire-sur-Mer, 1% pour La Croix Valmer et 1% pour Le Rayol Canadel.<\/p>\n<p><!-- \/wp:paragraph --><\/p>\n<p><!-- \/wp:paragraph --><\/p>\n<p><!-- \/wp:paragraph --><\/p>\n<\/div><\/section><\/div>\r\n<div class=\"flex_column av_one_third  flex_column_div av-zero-column-padding   avia-builder-el-8  el_after_av_two_third  el_before_av_heading  \" style='border-radius:0px; '><div  data-size='shop_catalog'  data-lightbox_size='large'  data-animation='slide'  data-conditional_play=''  data-ids='1396'  data-video_counter='0'  data-autoplay='false'  data-bg_slider='false'  data-slide_height=''  data-handle='av_slideshow'  data-interval='5'  data-class=' avia-builder-el-9  avia-builder-el-no-sibling    avia-small-width-slider'  data-css_id=''  data-scroll_down=''  data-control_layout='av-control-default'  data-custom_markup=''  data-perma_caption=''  data-autoplay_stopper=''  data-image_attachment=''  data-min_height='0px'  data-default-height='100'  class='avia-slideshow avia-slideshow-1  av-control-default av-default-height-applied avia-slideshow-shop_catalog av_slideshow  avia-builder-el-9  avia-builder-el-no-sibling    avia-small-width-slider avia-slide-slider '  itemprop=\"image\" itemscope=\"itemscope\" itemtype=\"https:\/\/schema.org\/ImageObject\" ><ul class='avia-slideshow-inner ' style='padding-bottom: 100%;' ><li  class=' av-single-slide slide-1 ' ><a href='https:\/\/port-heraclea.fr\/wp-content\/uploads\/2020\/04\/heraclea_fb-44.jpg' data-rel='slideshow-1' class='avia-slide-wrap '   ><img src='https:\/\/port-heraclea.fr\/wp-content\/uploads\/2020\/04\/heraclea_fb-44-450x450.jpg' width='450' height='450' title='heraclea_fb-44' alt=''  itemprop=\"thumbnailUrl\"   \/><\/a><\/li><\/ul><\/div><\/div>\r\n<div style='padding-bottom:10px; ' class='av-special-heading av-special-heading-h2    avia-builder-el-10  el_after_av_one_third  el_before_av_textblock   '><h2 class='av-special-heading-tag '  itemprop=\"headline\"  >Le Comit\u00e9 d\u2019Engagement<\/h2><div class='special-heading-border'><div class='special-heading-inner-border' ><\/div><\/div><\/div>\r\n<section class=\"av_textblock_section \"  itemscope=\"itemscope\" itemtype=\"https:\/\/schema.org\/CreativeWork\" ><div class='avia_textblock  '   itemprop=\"text\" ><p><!-- wp:paragraph --><\/p>\n<p>Un comit\u00e9 d&rsquo;engagement se r\u00e9uni r\u00e9guli\u00e8rement (PDG, \u00e9lus, DGS, Direction SPL) pour suivre la politique g\u00e9n\u00e9rale de gestion sur le moyen-long terme de la SPL. Seuls les Elus ont droit de vote pour les d\u00e9cisions \u00e0 prendre.<\/p>\n<p><!-- \/wp:paragraph --><\/p>\n<p><!-- wp:paragraph --><\/p>\n<p><!-- \/wp:paragraph --><\/p>\n<p><!-- \/wp:paragraph --><\/p>\n<p><!-- \/wp:paragraph --><\/p>\n<\/div><\/section>\r\n<div style='padding-bottom:10px; ' class='av-special-heading av-special-heading-h2    avia-builder-el-12  el_after_av_textblock  el_before_av_textblock   '><h2 class='av-special-heading-tag '  itemprop=\"headline\"  >La direction<\/h2><div class='special-heading-border'><div class='special-heading-inner-border' ><\/div><\/div><\/div>\r\n<section class=\"av_textblock_section \"  itemscope=\"itemscope\" itemtype=\"https:\/\/schema.org\/CreativeWork\" ><div class='avia_textblock  '   itemprop=\"text\" ><p><!-- wp:paragraph --><\/p>\n<p>La Direction de la SPL est assur\u00e9e en bin\u00f4me par son Directeur, Marc-Emmanuel QUIROUARD-FRILEUSE (ancien Directeur du Port Public) et son Directeur Adjoint, Cyril GRIMAL (ancien Directeur du Port \u00e0 gestion priv\u00e9e).<\/p>\n<p><!-- \/wp:paragraph --><\/p>\n<p><!-- \/wp:paragraph --><\/p>\n<p><!-- \/wp:paragraph --><\/p>\n<\/div><\/section>\r\n<div style='padding-bottom:10px; ' class='av-special-heading av-special-heading-h2    avia-builder-el-14  el_after_av_textblock  el_before_av_textblock   '><h2 class='av-special-heading-tag '  itemprop=\"headline\"  >Le personnel<\/h2><div class='special-heading-border'><div class='special-heading-inner-border' ><\/div><\/div><\/div>\r\n<section class=\"av_textblock_section \"  itemscope=\"itemscope\" itemtype=\"https:\/\/schema.org\/CreativeWork\" ><div class='avia_textblock  '   itemprop=\"text\" ><p><!-- wp:paragraph --><\/p>\n<p>Ils sont second\u00e9s par deux Ma\u00eetres de Port ainsi qu&rsquo;une assistante de Direction. L&rsquo;ensemble du personnel est soit issu de l&rsquo;ancien port \u00e0 gestion priv\u00e9e, soit du personnel communal de l&rsquo;ancien port public. Tous les agents territoriaux de l&rsquo;ancien port public sont d\u00e9sormais en \u00ab\u00a0d\u00e9tachement\u00a0\u00bb avec des contrats de droit priv\u00e9 au sein de la SPL qui compte 18 salari\u00e9s \u00e0 temps plein en CDI.<\/p>\n<p><!-- \/wp:paragraph --><\/p>\n<p><!-- \/wp:paragraph --><\/p>\n<p><!-- \/wp:paragraph --><\/p>\n<\/div><\/section>","protected":false},"excerpt":{"rendered":"","protected":false},"author":4,"featured_media":0,"parent":66,"menu_order":2,"comment_status":"closed","ping_status":"closed","template":"","meta":{"_exactmetrics_skip_tracking":false,"_exactmetrics_sitenote_active":false,"_exactmetrics_sitenote_note":"","_exactmetrics_sitenote_category":0,"footnotes":""},"class_list":["post-57","page","type-page","status-publish","hentry"],"_links":{"self":[{"href":"https:\/\/port-heraclea.fr\/index.php\/wp-json\/wp\/v2\/pages\/57","targetHints":{"allow":["GET"]}}],"collection":[{"href":"https:\/\/port-heraclea.fr\/index.php\/wp-json\/wp\/v2\/pages"}],"about":[{"href":"https:\/\/port-heraclea.fr\/index.php\/wp-json\/wp\/v2\/types\/page"}],"author":[{"embeddable":true,"href":"https:\/\/port-heraclea.fr\/index.php\/wp-json\/wp\/v2\/users\/4"}],"replies":[{"embeddable":true,"href":"https:\/\/port-heraclea.fr\/index.php\/wp-json\/wp\/v2\/comments?post=57"}],"version-history":[{"count":31,"href":"https:\/\/port-heraclea.fr\/index.php\/wp-json\/wp\/v2\/pages\/57\/revisions"}],"predecessor-version":[{"id":2019,"href":"https:\/\/port-heraclea.fr\/index.php\/wp-json\/wp\/v2\/pages\/57\/revisions\/2019"}],"up":[{"embeddable":true,"href":"https:\/\/port-heraclea.fr\/index.php\/wp-json\/wp\/v2\/pages\/66"}],"wp:attachment":[{"href":"https:\/\/port-heraclea.fr\/index.php\/wp-json\/wp\/v2\/media?parent=57"}],"curies":[{"name":"wp","href":"https:\/\/api.w.org\/{rel}","templated":true}]}}